{"id":1134,"date":"2025-04-18T07:35:29","date_gmt":"2025-04-18T05:35:29","guid":{"rendered":"https:\/\/www.regionalis.shop\/beadylook\/product\/ohrringe-creolen-silvetta\/"},"modified":"2025-04-18T07:35:29","modified_gmt":"2025-04-18T05:35:29","slug":"ohrringe-creolen-silvetta","status":"publish","type":"product","link":"https:\/\/www.regionalis.shop\/beadylook\/shop\/ohrringe-creolen-silvetta\/","title":{"rendered":"Ohrringe Creolen &#8222;SILVETTA&#8220;"},"content":{"rendered":"<p>Moderner Glanz in klassischer Form.<\/p>\n<p>Jede Frau sollte mindestens ein Paar Creolen in Ihrem Schmuckk\u00e4stchen haben, denn sie sind absolute Klassiker, die zu zahlreichen Looks und Stilrichtungen passen. Diese Creolen erstrahlen in rhodiniertem 925er Sterling Silber und Rosegold Plattiert und machen den zeitlosen Ohrschmuck zu absoluten It-Pieces mit einem handangefertigten Mondkreis mit Miyuki-Delica-Perlen 11\/0 (1,6 mm) in Metalliclila matt. Durch ihre pr\u00e4sente Gr\u00f6\u00dfe (40 mm Durchmesser) werden die Creolen viele bewundernde Blicke auf sich ziehen und dein Outfit gekonnt abrunden. Verschlossen werden die Ohrringe mit einfach zu handhabenden Klappverschl\u00fcssen, die einen sicheren Halt gew\u00e4hrleisten.<\/p>\n<p>Halte bitte deine wertvollen Silber Creolen von \u00e4tzenden Substanzen fern.<\/p>\n<p> Made-with-Love-in-Tyrol<br \/>\n Materialeinkauf ausschlie\u00dflich innerhalb Europas <\/p>\n<p>\u201cFreies Gewerbe\u201d vorhanden, Abgabenfrei nach \u00a7333a GewO 1994!<\/p>\n","protected":false},"excerpt":{"rendered":"<p>Moderner Glanz in klassischer Form. Jede Frau sollte mindestens ein Paar Creolen in Ihrem Schmuckk\u00e4stchen haben, denn sie sind absolute Klassiker, die zu zahlreichen Looks und Stilrichtungen passen. Diese Creolen erstrahlen in rhodiniertem 925er Sterling Silber und Rosegold Plattiert und machen den zeitlosen Ohrschmuck zu absoluten It-Pieces mit einem handangefertigten Mondkreis mit Miyuki-Delica-Perlen 11\/0 (1,6 &hellip; <a href=\"https:\/\/www.regionalis.shop\/beadylook\/shop\/ohrringe-creolen-silvetta\/\">Continued<\/a><\/p>\n","protected":false},"featured_media":1135,"template":"","meta":{"_acf_changed":false},"product_brand":[],"product_cat":[163,70],"product_tag":[],"class_list":{"0":"post-1134","1":"product","2":"type-product","3":"status-publish","4":"has-post-thumbnail","6":"product_cat-ohrringe","7":"product_cat-schmuck","9":"first","10":"instock","11":"purchasable","12":"product-type-simple"},"acf":[],"_links":{"self":[{"href":"https:\/\/www.regionalis.shop\/beadylook\/wp-json\/wp\/v2\/product\/1134","targetHints":{"allow":["GET"]}}],"collection":[{"href":"https:\/\/www.regionalis.shop\/beadylook\/wp-json\/wp\/v2\/product"}],"about":[{"href":"https:\/\/www.regionalis.shop\/beadylook\/wp-json\/wp\/v2\/types\/product"}],"wp:featuredmedia":[{"embeddable":true,"href":"https:\/\/www.regionalis.shop\/beadylook\/wp-json\/wp\/v2\/media\/1135"}],"wp:attachment":[{"href":"https:\/\/www.regionalis.shop\/beadylook\/wp-json\/wp\/v2\/media?parent=1134"}],"wp:term":[{"taxonomy":"product_brand","embeddable":true,"href":"https:\/\/www.regionalis.shop\/beadylook\/wp-json\/wp\/v2\/product_brand?post=1134"},{"taxonomy":"product_cat","embeddable":true,"href":"https:\/\/www.regionalis.shop\/beadylook\/wp-json\/wp\/v2\/product_cat?post=1134"},{"taxonomy":"product_tag","embeddable":true,"href":"https:\/\/www.regionalis.shop\/beadylook\/wp-json\/wp\/v2\/product_tag?post=1134"}],"curies":[{"name":"wp","href":"https:\/\/api.w.org\/{rel}","templated":true}]}}