{"id":1140,"date":"2025-04-18T07:31:46","date_gmt":"2025-04-18T05:31:46","guid":{"rendered":"https:\/\/www.regionalis.shop\/beadylook\/product\/ohrringe-creolen-silvana\/"},"modified":"2025-04-18T07:31:46","modified_gmt":"2025-04-18T05:31:46","slug":"ohrringe-creolen-silvana","status":"publish","type":"product","link":"https:\/\/www.regionalis.shop\/beadylook\/shop\/ohrringe-creolen-silvana\/","title":{"rendered":"Ohrringe Creolen &#8222;SILVANA&#8220;"},"content":{"rendered":"<p>Exklusive.<\/p>\n<p>Diese glamour\u00f6sen Creolen aus rhodiniertem 925er Sterling Silber und Rosegold Plattiert haben einen Durchmesser von 20 mm und wurden h\u00e4ndisch gef\u00e4delt im Ziegelstich mit Miyuki-Delica-Perlen 11\/0 (1,6 mm) in Blush Rose mit Silbereinzug. Ein funkelnder Blickfang f\u00fcr dein Outfit, ob luxuri\u00f6s am Abend oder f\u00fcr einen extravaganten Auftritt im Alltag,. Diese Ohrringe lassen deine Augen strahlen und machen dich zum Mittelpunkt jeder Unterhaltung. Der B\u00fcgelverschluss ist leicht in der Handhabung und garantiert sichern Tragekomfort.<\/p>\n<p>Dieses Accessoire sollte nach dem Tragen mit einem weichen, trockenen Tuch gereinigt werden.<\/p>\n<p> Made-with-Love-in-Tyrol<br \/>\n Materialeinkauf ausschlie\u00dflich innerhalb Europas <\/p>\n<p>&#8222;Freies Gewerbe&#8220; vorhanden, Abgabenfrei nach \u00a7333a GewO 1994!<\/p>\n","protected":false},"excerpt":{"rendered":"<p>Exklusive. Diese glamour\u00f6sen Creolen aus rhodiniertem 925er Sterling Silber und Rosegold Plattiert haben einen Durchmesser von 20 mm und wurden h\u00e4ndisch gef\u00e4delt im Ziegelstich mit Miyuki-Delica-Perlen 11\/0 (1,6 mm) in Blush Rose mit Silbereinzug. Ein funkelnder Blickfang f\u00fcr dein Outfit, ob luxuri\u00f6s am Abend oder f\u00fcr einen extravaganten Auftritt im Alltag,. Diese Ohrringe lassen deine &hellip; <a href=\"https:\/\/www.regionalis.shop\/beadylook\/shop\/ohrringe-creolen-silvana\/\">Continued<\/a><\/p>\n","protected":false},"featured_media":1141,"template":"","meta":{"_acf_changed":false},"product_brand":[],"product_cat":[163,70],"product_tag":[],"class_list":{"0":"post-1140","1":"product","2":"type-product","3":"status-publish","4":"has-post-thumbnail","6":"product_cat-ohrringe","7":"product_cat-schmuck","9":"first","10":"instock","11":"purchasable","12":"product-type-simple"},"acf":[],"_links":{"self":[{"href":"https:\/\/www.regionalis.shop\/beadylook\/wp-json\/wp\/v2\/product\/1140","targetHints":{"allow":["GET"]}}],"collection":[{"href":"https:\/\/www.regionalis.shop\/beadylook\/wp-json\/wp\/v2\/product"}],"about":[{"href":"https:\/\/www.regionalis.shop\/beadylook\/wp-json\/wp\/v2\/types\/product"}],"wp:featuredmedia":[{"embeddable":true,"href":"https:\/\/www.regionalis.shop\/beadylook\/wp-json\/wp\/v2\/media\/1141"}],"wp:attachment":[{"href":"https:\/\/www.regionalis.shop\/beadylook\/wp-json\/wp\/v2\/media?parent=1140"}],"wp:term":[{"taxonomy":"product_brand","embeddable":true,"href":"https:\/\/www.regionalis.shop\/beadylook\/wp-json\/wp\/v2\/product_brand?post=1140"},{"taxonomy":"product_cat","embeddable":true,"href":"https:\/\/www.regionalis.shop\/beadylook\/wp-json\/wp\/v2\/product_cat?post=1140"},{"taxonomy":"product_tag","embeddable":true,"href":"https:\/\/www.regionalis.shop\/beadylook\/wp-json\/wp\/v2\/product_tag?post=1140"}],"curies":[{"name":"wp","href":"https:\/\/api.w.org\/{rel}","templated":true}]}}