{"id":1147,"date":"2025-04-18T07:01:06","date_gmt":"2025-04-18T05:01:06","guid":{"rendered":"https:\/\/www.regionalis.shop\/beadylook\/product\/schluesselanhaenger-ukraineherz\/"},"modified":"2025-04-18T07:01:06","modified_gmt":"2025-04-18T05:01:06","slug":"schluesselanhaenger-ukraineherz","status":"publish","type":"product","link":"https:\/\/www.regionalis.shop\/beadylook\/shop\/schluesselanhaenger-ukraineherz\/","title":{"rendered":"Schl\u00fcsselanh\u00e4nger &#8222;UkraineHerz&#8220;"},"content":{"rendered":"<p>Schl\u00fcsselanh\u00e4nger &#8222;UkraineHerz&#8220;<\/p>\n<p>H\u00e4ndisch gef\u00e4delt (Titanium-) Glaswachsperlen (4 mm) in mittelblau\/sonnengelb.<\/p>\n<p>50% gehen an die Ukraine-Hilfe \ud83d\ude42<\/p>\n","protected":false},"excerpt":{"rendered":"<p>Schl\u00fcsselanh\u00e4nger &#8222;UkraineHerz&#8220; H\u00e4ndisch gef\u00e4delt (Titanium-) Glaswachsperlen (4 mm) in mittelblau\/sonnengelb. 50% gehen an die Ukraine-Hilfe \ud83d\ude42<\/p>\n","protected":false},"featured_media":1148,"template":"","meta":{"_acf_changed":false},"product_brand":[],"product_cat":[37,68],"product_tag":[],"class_list":{"0":"post-1147","1":"product","2":"type-product","3":"status-publish","4":"has-post-thumbnail","6":"product_cat-accessoires","7":"product_cat-schluesselanhaenger","9":"first","10":"instock","11":"purchasable","12":"product-type-simple"},"acf":[],"_links":{"self":[{"href":"https:\/\/www.regionalis.shop\/beadylook\/wp-json\/wp\/v2\/product\/1147","targetHints":{"allow":["GET"]}}],"collection":[{"href":"https:\/\/www.regionalis.shop\/beadylook\/wp-json\/wp\/v2\/product"}],"about":[{"href":"https:\/\/www.regionalis.shop\/beadylook\/wp-json\/wp\/v2\/types\/product"}],"wp:featuredmedia":[{"embeddable":true,"href":"https:\/\/www.regionalis.shop\/beadylook\/wp-json\/wp\/v2\/media\/1148"}],"wp:attachment":[{"href":"https:\/\/www.regionalis.shop\/beadylook\/wp-json\/wp\/v2\/media?parent=1147"}],"wp:term":[{"taxonomy":"product_brand","embeddable":true,"href":"https:\/\/www.regionalis.shop\/beadylook\/wp-json\/wp\/v2\/product_brand?post=1147"},{"taxonomy":"product_cat","embeddable":true,"href":"https:\/\/www.regionalis.shop\/beadylook\/wp-json\/wp\/v2\/product_cat?post=1147"},{"taxonomy":"product_tag","embeddable":true,"href":"https:\/\/www.regionalis.shop\/beadylook\/wp-json\/wp\/v2\/product_tag?post=1147"}],"curies":[{"name":"wp","href":"https:\/\/api.w.org\/{rel}","templated":true}]}}