{"id":1213,"date":"2025-04-18T03:30:16","date_gmt":"2025-04-18T01:30:16","guid":{"rendered":"https:\/\/www.regionalis.shop\/beadylook\/product\/armketterl-zsiii\/"},"modified":"2025-04-18T03:30:16","modified_gmt":"2025-04-18T01:30:16","slug":"armketterl-zsiii","status":"publish","type":"product","link":"https:\/\/www.regionalis.shop\/beadylook\/shop\/armketterl-zsiii\/","title":{"rendered":"Armketterl ZSIII"},"content":{"rendered":"<p>Armkettchen ZSIII, ca. 18,5 cm lang &#8211; Mittelst\u00fcck h\u00e4ndisch gef\u00e4delt im Ziegelstich mit Miyuki-Delica-Perlen 11\/0 t\u00fcrkis, Oval\u00f6sen und feines Kettchen mit 18K echt vergoldete Tombak Metalllegierung (nickel-, blei- und kadmiumfrei). Die einzelnen Glieder des Kettchens sind verschwei\u00dft. Karabiner aus Messing mit hochwertiger goldfarbiger Galvanisierung mit echtem Goldanteil (nickel-, blei- und kadmiumfrei);<\/p>\n","protected":false},"excerpt":{"rendered":"<p>Armkettchen ZSIII, ca. 18,5 cm lang &#8211; Mittelst\u00fcck h\u00e4ndisch gef\u00e4delt im Ziegelstich mit Miyuki-Delica-Perlen 11\/0 t\u00fcrkis, Oval\u00f6sen und feines Kettchen mit 18K echt vergoldete Tombak Metalllegierung (nickel-, blei- und kadmiumfrei). Die einzelnen Glieder des Kettchens sind verschwei\u00dft. Karabiner aus Messing mit hochwertiger goldfarbiger Galvanisierung mit echtem Goldanteil (nickel-, blei- und kadmiumfrei);<\/p>\n","protected":false},"featured_media":1214,"template":"","meta":{"_acf_changed":false},"product_brand":[],"product_cat":[110,70],"product_tag":[],"class_list":{"0":"post-1213","1":"product","2":"type-product","3":"status-publish","4":"has-post-thumbnail","6":"product_cat-armbaender","7":"product_cat-schmuck","9":"first","10":"instock","11":"purchasable","12":"product-type-simple"},"acf":[],"_links":{"self":[{"href":"https:\/\/www.regionalis.shop\/beadylook\/wp-json\/wp\/v2\/product\/1213","targetHints":{"allow":["GET"]}}],"collection":[{"href":"https:\/\/www.regionalis.shop\/beadylook\/wp-json\/wp\/v2\/product"}],"about":[{"href":"https:\/\/www.regionalis.shop\/beadylook\/wp-json\/wp\/v2\/types\/product"}],"wp:featuredmedia":[{"embeddable":true,"href":"https:\/\/www.regionalis.shop\/beadylook\/wp-json\/wp\/v2\/media\/1214"}],"wp:attachment":[{"href":"https:\/\/www.regionalis.shop\/beadylook\/wp-json\/wp\/v2\/media?parent=1213"}],"wp:term":[{"taxonomy":"product_brand","embeddable":true,"href":"https:\/\/www.regionalis.shop\/beadylook\/wp-json\/wp\/v2\/product_brand?post=1213"},{"taxonomy":"product_cat","embeddable":true,"href":"https:\/\/www.regionalis.shop\/beadylook\/wp-json\/wp\/v2\/product_cat?post=1213"},{"taxonomy":"product_tag","embeddable":true,"href":"https:\/\/www.regionalis.shop\/beadylook\/wp-json\/wp\/v2\/product_tag?post=1213"}],"curies":[{"name":"wp","href":"https:\/\/api.w.org\/{rel}","templated":true}]}}