{"id":1330,"date":"2025-04-18T03:06:06","date_gmt":"2025-04-18T01:06:06","guid":{"rendered":"https:\/\/www.regionalis.shop\/beadylook\/product\/mala-4-gebetskette\/"},"modified":"2025-04-18T03:06:06","modified_gmt":"2025-04-18T01:06:06","slug":"mala-4-gebetskette","status":"publish","type":"product","link":"https:\/\/www.regionalis.shop\/beadylook\/shop\/mala-4-gebetskette\/","title":{"rendered":"MALA 4 (Gebetskette)"},"content":{"rendered":"<p>Eine MALA (Gebetskette), handgekn\u00fcpft mit rei\u00dffester hellblauer Perlseide natur, 108 ECHTE Rudraksha Samen Perlen (10 mm) + 1 Guru-Perle, hellblaue Quaste,  ca 102 cm Umfang (+ 4 cm Abschluss);<\/p>\n<p>Rudraksha-Ketten in der modernen Welt:<br \/>\nHeutzutage erfreuen sich Ketten aus Rudraksha besonders in Indien und auf Bali immer noch gro\u00dfer Beliebtheit. Sie gelten als Schutz vor negativen Energien und beleben durch ihre spezielle Oberfl\u00e4chenstruktur das Nervensystem. Wenn man mit den Fingern \u00fcber die Perlen streicht, f\u00fchlt sich dies wie eine kleine Massage f\u00fcr die Fingerkuppen an.<\/p>\n<p>Gerade deshalb eignen sich Rudraksha besonders gut zur Meditation und werden auch bei westlichen Yogis immer beliebter. Viele Yogis tragen die Ketten auch einfach bei sich, um sich im Alltag an ihre Yogapraxis zu erinnern und die positive Energie der Ketten zu nutzen.<\/p>\n","protected":false},"excerpt":{"rendered":"<p>Eine MALA (Gebetskette), handgekn\u00fcpft mit rei\u00dffester hellblauer Perlseide natur, 108 ECHTE Rudraksha Samen Perlen (10 mm) + 1 Guru-Perle, hellblaue Quaste, ca 102 cm Umfang (+ 4 cm Abschluss); Rudraksha-Ketten in der modernen Welt: Heutzutage erfreuen sich Ketten aus Rudraksha besonders in Indien und auf Bali immer noch gro\u00dfer Beliebtheit. Sie gelten als Schutz vor &hellip; <a href=\"https:\/\/www.regionalis.shop\/beadylook\/shop\/mala-4-gebetskette\/\">Continued<\/a><\/p>\n","protected":false},"featured_media":1331,"template":"","meta":{"_acf_changed":false},"product_brand":[],"product_cat":[37,82],"product_tag":[],"class_list":{"0":"post-1330","1":"product","2":"type-product","3":"status-publish","4":"has-post-thumbnail","6":"product_cat-accessoires","7":"product_cat-sonstiges-accessoires","9":"first","10":"instock","11":"purchasable","12":"product-type-simple"},"acf":[],"_links":{"self":[{"href":"https:\/\/www.regionalis.shop\/beadylook\/wp-json\/wp\/v2\/product\/1330","targetHints":{"allow":["GET"]}}],"collection":[{"href":"https:\/\/www.regionalis.shop\/beadylook\/wp-json\/wp\/v2\/product"}],"about":[{"href":"https:\/\/www.regionalis.shop\/beadylook\/wp-json\/wp\/v2\/types\/product"}],"wp:featuredmedia":[{"embeddable":true,"href":"https:\/\/www.regionalis.shop\/beadylook\/wp-json\/wp\/v2\/media\/1331"}],"wp:attachment":[{"href":"https:\/\/www.regionalis.shop\/beadylook\/wp-json\/wp\/v2\/media?parent=1330"}],"wp:term":[{"taxonomy":"product_brand","embeddable":true,"href":"https:\/\/www.regionalis.shop\/beadylook\/wp-json\/wp\/v2\/product_brand?post=1330"},{"taxonomy":"product_cat","embeddable":true,"href":"https:\/\/www.regionalis.shop\/beadylook\/wp-json\/wp\/v2\/product_cat?post=1330"},{"taxonomy":"product_tag","embeddable":true,"href":"https:\/\/www.regionalis.shop\/beadylook\/wp-json\/wp\/v2\/product_tag?post=1330"}],"curies":[{"name":"wp","href":"https:\/\/api.w.org\/{rel}","templated":true}]}}