{"id":1338,"date":"2025-04-18T03:05:25","date_gmt":"2025-04-18T01:05:25","guid":{"rendered":"https:\/\/www.regionalis.shop\/beadylook\/product\/fingerrosenkranz-var-1-3\/"},"modified":"2025-04-18T03:05:25","modified_gmt":"2025-04-18T01:05:25","slug":"fingerrosenkranz-var-1-3","status":"publish","type":"product","link":"https:\/\/www.regionalis.shop\/beadylook\/shop\/fingerrosenkranz-var-1-3\/","title":{"rendered":"Fingerrosenkranz &#8222;Var 1-3&#8220;"},"content":{"rendered":"<p>FINGERROSENKR\u00c4NZE, nicht nur zum Beten, auch zum Meditieren oder als Gl\u00fccksbringer f\u00fcr&#8217;s Auto oder f\u00fcr die Handtasche \ud83d\ude42 <\/p>\n<p>ca 6 cm \u00d7 12 cm, ein Glaskreuz in schwarz-orange (25 x 33 mm) \ud83d\ude42<\/p>\n<p>Var 1: 1\u00d7 mit geknacktem, orangen Achat (10 mm) und roten Karneol (6 mm) &#8211; \u20ac 14,-<\/p>\n<p>Var 2: 1\u00d7 mit Xiu-Jade Perlen (10 mm) und Picture Jaspis Perlen ( 6 mm) &#8211; \u20ac 14,-<\/p>\n<p>Var 3: 1\u00d7 mit Xiu-Jade Perlen (10 mm) und gef\u00e4rbter wei\u00dfer Jade in sonnengelb ( 6 mm) &#8211; \u20ac 14,-<\/p>\n<p>Bitte gib bei der Bestellung an, welche Variante du m\u00f6chtest.<\/p>\n","protected":false},"excerpt":{"rendered":"<p>FINGERROSENKR\u00c4NZE, nicht nur zum Beten, auch zum Meditieren oder als Gl\u00fccksbringer f\u00fcr&#8217;s Auto oder f\u00fcr die Handtasche \ud83d\ude42 ca 6 cm \u00d7 12 cm, ein Glaskreuz in schwarz-orange (25 x 33 mm) \ud83d\ude42 Var 1: 1\u00d7 mit geknacktem, orangen Achat (10 mm) und roten Karneol (6 mm) &#8211; \u20ac 14,- Var 2: 1\u00d7 mit Xiu-Jade &hellip; <a href=\"https:\/\/www.regionalis.shop\/beadylook\/shop\/fingerrosenkranz-var-1-3\/\">Continued<\/a><\/p>\n","protected":false},"featured_media":1339,"template":"","meta":{"_acf_changed":false},"product_brand":[],"product_cat":[37,82],"product_tag":[],"class_list":{"0":"post-1338","1":"product","2":"type-product","3":"status-publish","4":"has-post-thumbnail","6":"product_cat-accessoires","7":"product_cat-sonstiges-accessoires","9":"first","10":"instock","11":"purchasable","12":"product-type-simple"},"acf":[],"_links":{"self":[{"href":"https:\/\/www.regionalis.shop\/beadylook\/wp-json\/wp\/v2\/product\/1338","targetHints":{"allow":["GET"]}}],"collection":[{"href":"https:\/\/www.regionalis.shop\/beadylook\/wp-json\/wp\/v2\/product"}],"about":[{"href":"https:\/\/www.regionalis.shop\/beadylook\/wp-json\/wp\/v2\/types\/product"}],"wp:featuredmedia":[{"embeddable":true,"href":"https:\/\/www.regionalis.shop\/beadylook\/wp-json\/wp\/v2\/media\/1339"}],"wp:attachment":[{"href":"https:\/\/www.regionalis.shop\/beadylook\/wp-json\/wp\/v2\/media?parent=1338"}],"wp:term":[{"taxonomy":"product_brand","embeddable":true,"href":"https:\/\/www.regionalis.shop\/beadylook\/wp-json\/wp\/v2\/product_brand?post=1338"},{"taxonomy":"product_cat","embeddable":true,"href":"https:\/\/www.regionalis.shop\/beadylook\/wp-json\/wp\/v2\/product_cat?post=1338"},{"taxonomy":"product_tag","embeddable":true,"href":"https:\/\/www.regionalis.shop\/beadylook\/wp-json\/wp\/v2\/product_tag?post=1338"}],"curies":[{"name":"wp","href":"https:\/\/api.w.org\/{rel}","templated":true}]}}