{"id":1366,"date":"2025-04-18T03:03:45","date_gmt":"2025-04-18T01:03:45","guid":{"rendered":"https:\/\/www.regionalis.shop\/beadylook\/product\/kugel-anhaenger-blau-grau-toene\/"},"modified":"2025-04-18T03:03:45","modified_gmt":"2025-04-18T01:03:45","slug":"kugel-anhaenger-blau-grau-toene","status":"publish","type":"product","link":"https:\/\/www.regionalis.shop\/beadylook\/shop\/kugel-anhaenger-blau-grau-toene\/","title":{"rendered":"Kugel-Anh\u00e4nger BLAU-GRAU-T\u00d6NE"},"content":{"rendered":"<p>Handgef\u00e4delter Kugelanh\u00e4nger (ca. 1,5 cm DM) mit (Titanium-)Glaswachsperlen und goldfarbigen Karabiner aus Messing mit hochwertiger Galvanisierung (mit echtem Goldanteil, (ca. 2,5 cm lang);<\/p>\n<p>Du bekommst EINEN Anh\u00e4nger mit einer Wunsch-Farbe.<br \/>\nBitte gib bei der Bestellung an, welchen Farbe du haben m\u00f6chtest.<\/p>\n<p>Farben: blau, anthrazit, tr\u00fckisblau, tannengr\u00fcn<\/p>\n","protected":false},"excerpt":{"rendered":"<p>Handgef\u00e4delter Kugelanh\u00e4nger (ca. 1,5 cm DM) mit (Titanium-)Glaswachsperlen und goldfarbigen Karabiner aus Messing mit hochwertiger Galvanisierung (mit echtem Goldanteil, (ca. 2,5 cm lang); Du bekommst EINEN Anh\u00e4nger mit einer Wunsch-Farbe. Bitte gib bei der Bestellung an, welchen Farbe du haben m\u00f6chtest. Farben: blau, anthrazit, tr\u00fckisblau, tannengr\u00fcn<\/p>\n","protected":false},"featured_media":1367,"template":"","meta":{"_acf_changed":false},"product_brand":[],"product_cat":[108,70],"product_tag":[],"class_list":{"0":"post-1366","1":"product","2":"type-product","3":"status-publish","4":"has-post-thumbnail","6":"product_cat-anhaenger","7":"product_cat-schmuck","9":"first","10":"instock","11":"purchasable","12":"product-type-simple"},"acf":[],"_links":{"self":[{"href":"https:\/\/www.regionalis.shop\/beadylook\/wp-json\/wp\/v2\/product\/1366","targetHints":{"allow":["GET"]}}],"collection":[{"href":"https:\/\/www.regionalis.shop\/beadylook\/wp-json\/wp\/v2\/product"}],"about":[{"href":"https:\/\/www.regionalis.shop\/beadylook\/wp-json\/wp\/v2\/types\/product"}],"wp:featuredmedia":[{"embeddable":true,"href":"https:\/\/www.regionalis.shop\/beadylook\/wp-json\/wp\/v2\/media\/1367"}],"wp:attachment":[{"href":"https:\/\/www.regionalis.shop\/beadylook\/wp-json\/wp\/v2\/media?parent=1366"}],"wp:term":[{"taxonomy":"product_brand","embeddable":true,"href":"https:\/\/www.regionalis.shop\/beadylook\/wp-json\/wp\/v2\/product_brand?post=1366"},{"taxonomy":"product_cat","embeddable":true,"href":"https:\/\/www.regionalis.shop\/beadylook\/wp-json\/wp\/v2\/product_cat?post=1366"},{"taxonomy":"product_tag","embeddable":true,"href":"https:\/\/www.regionalis.shop\/beadylook\/wp-json\/wp\/v2\/product_tag?post=1366"}],"curies":[{"name":"wp","href":"https:\/\/api.w.org\/{rel}","templated":true}]}}