{"id":1371,"date":"2025-04-18T03:03:45","date_gmt":"2025-04-18T01:03:45","guid":{"rendered":"https:\/\/www.regionalis.shop\/beadylook\/product\/halskette-india\/"},"modified":"2025-04-18T03:03:45","modified_gmt":"2025-04-18T01:03:45","slug":"halskette-india","status":"publish","type":"product","link":"https:\/\/www.regionalis.shop\/beadylook\/shop\/halskette-india\/","title":{"rendered":"Halskette INDIA"},"content":{"rendered":"<p>Halskette, ca. 48,0 cm lang, echte Halbedelstein-Chips (T\u00fcrkis-Koralle), t\u00fcrkise jap. Miyuki-Perlen; OM-Anh\u00e4nger aus tibetanischem Silber, Magnetverschluss wei\u00df;<\/p>\n","protected":false},"excerpt":{"rendered":"<p>Halskette, ca. 48,0 cm lang, echte Halbedelstein-Chips (T\u00fcrkis-Koralle), t\u00fcrkise jap. Miyuki-Perlen; OM-Anh\u00e4nger aus tibetanischem Silber, Magnetverschluss wei\u00df;<\/p>\n","protected":false},"featured_media":1372,"template":"","meta":{"_acf_changed":false},"product_brand":[],"product_cat":[141,70],"product_tag":[],"class_list":{"0":"post-1371","1":"product","2":"type-product","3":"status-publish","4":"has-post-thumbnail","6":"product_cat-halsketten","7":"product_cat-schmuck","9":"first","10":"instock","11":"purchasable","12":"product-type-simple"},"acf":[],"_links":{"self":[{"href":"https:\/\/www.regionalis.shop\/beadylook\/wp-json\/wp\/v2\/product\/1371","targetHints":{"allow":["GET"]}}],"collection":[{"href":"https:\/\/www.regionalis.shop\/beadylook\/wp-json\/wp\/v2\/product"}],"about":[{"href":"https:\/\/www.regionalis.shop\/beadylook\/wp-json\/wp\/v2\/types\/product"}],"wp:featuredmedia":[{"embeddable":true,"href":"https:\/\/www.regionalis.shop\/beadylook\/wp-json\/wp\/v2\/media\/1372"}],"wp:attachment":[{"href":"https:\/\/www.regionalis.shop\/beadylook\/wp-json\/wp\/v2\/media?parent=1371"}],"wp:term":[{"taxonomy":"product_brand","embeddable":true,"href":"https:\/\/www.regionalis.shop\/beadylook\/wp-json\/wp\/v2\/product_brand?post=1371"},{"taxonomy":"product_cat","embeddable":true,"href":"https:\/\/www.regionalis.shop\/beadylook\/wp-json\/wp\/v2\/product_cat?post=1371"},{"taxonomy":"product_tag","embeddable":true,"href":"https:\/\/www.regionalis.shop\/beadylook\/wp-json\/wp\/v2\/product_tag?post=1371"}],"curies":[{"name":"wp","href":"https:\/\/api.w.org\/{rel}","templated":true}]}}