{"id":1381,"date":"2025-04-18T03:03:28","date_gmt":"2025-04-18T01:03:28","guid":{"rendered":"https:\/\/www.regionalis.shop\/beadylook\/product\/strech-armband-alexandra\/"},"modified":"2025-04-18T03:03:28","modified_gmt":"2025-04-18T01:03:28","slug":"strech-armband-alexandra","status":"publish","type":"product","link":"https:\/\/www.regionalis.shop\/beadylook\/shop\/strech-armband-alexandra\/","title":{"rendered":"Strech-Armband ALEXANDRA"},"content":{"rendered":"<p>Strecharmband mit schwarzen und gef\u00e4rbten Lavasteinen, Zwischenst\u00fccke Tibetanisches Silber, OM-Anh\u00e4nger, Elastikband, ca. 18,5 cm;<\/p>\n","protected":false},"excerpt":{"rendered":"<p>Strecharmband mit schwarzen und gef\u00e4rbten Lavasteinen, Zwischenst\u00fccke Tibetanisches Silber, OM-Anh\u00e4nger, Elastikband, ca. 18,5 cm;<\/p>\n","protected":false},"featured_media":1382,"template":"","meta":{"_acf_changed":false},"product_brand":[],"product_cat":[110,70],"product_tag":[],"class_list":{"0":"post-1381","1":"product","2":"type-product","3":"status-publish","4":"has-post-thumbnail","6":"product_cat-armbaender","7":"product_cat-schmuck","9":"first","10":"instock","11":"purchasable","12":"product-type-simple"},"acf":[],"_links":{"self":[{"href":"https:\/\/www.regionalis.shop\/beadylook\/wp-json\/wp\/v2\/product\/1381","targetHints":{"allow":["GET"]}}],"collection":[{"href":"https:\/\/www.regionalis.shop\/beadylook\/wp-json\/wp\/v2\/product"}],"about":[{"href":"https:\/\/www.regionalis.shop\/beadylook\/wp-json\/wp\/v2\/types\/product"}],"wp:featuredmedia":[{"embeddable":true,"href":"https:\/\/www.regionalis.shop\/beadylook\/wp-json\/wp\/v2\/media\/1382"}],"wp:attachment":[{"href":"https:\/\/www.regionalis.shop\/beadylook\/wp-json\/wp\/v2\/media?parent=1381"}],"wp:term":[{"taxonomy":"product_brand","embeddable":true,"href":"https:\/\/www.regionalis.shop\/beadylook\/wp-json\/wp\/v2\/product_brand?post=1381"},{"taxonomy":"product_cat","embeddable":true,"href":"https:\/\/www.regionalis.shop\/beadylook\/wp-json\/wp\/v2\/product_cat?post=1381"},{"taxonomy":"product_tag","embeddable":true,"href":"https:\/\/www.regionalis.shop\/beadylook\/wp-json\/wp\/v2\/product_tag?post=1381"}],"curies":[{"name":"wp","href":"https:\/\/api.w.org\/{rel}","templated":true}]}}