{"id":862,"date":"2025-05-24T13:44:06","date_gmt":"2025-05-24T11:44:06","guid":{"rendered":"https:\/\/starter.stage.shop-it.at\/?page_id=862"},"modified":"2025-10-23T15:21:37","modified_gmt":"2025-10-23T13:21:37","slug":"startseite","status":"publish","type":"page","link":"https:\/\/www.regionalis.shop\/belinda-kroell-art\/","title":{"rendered":"Startseite"},"content":{"rendered":"<section>\n        <div class=\"header-image\">\n            <img decoding=\"async\" src=\"https:\/\/www.regionalis.shop\/app\/uploads\/sites\/59\/4654_2021_11_29_12_03_22_639173011.jpeg\" alt=\"\">\n        <\/div>\n    \n    <\/section>\n    <section>\n    <div class=\"header-title\">\n        <h1 class=\"h2\">Willkommen bei Belinda Kr\u00f6ll Art<\/h1>\n    <\/div>\n            <h2 class=\"h3\">Handgemacht in Wien<\/h2>\n                <p>\u200bBelinda Kr\u00f6ll begann ihre k\u00fcnstlerische Laufbahn an der Fachschule f\u00fcr angewandte Kunst und Malerei in Innsbruck.<\/p>\n<p>Sie ist begeisterte Beobachterin von Flora und Fauna.<br \/>\nHeimische Tiere und Pflanzen finden sich seit je her regelm\u00e4\u00dfig in den Gem\u00e4lden wieder.<br \/>\nBesonderen Wert legt sie auf das Transportieren von Gef\u00fchlen und pers\u00f6nlicher Themen wie Weiblichkeit, Vertrauen, Verletzlichkeit und Stolz.<br \/>\nGemalt wird vor allem Nachts wenn ihre drei Kinder schlafen, vorzugsweise mit \u00d6lpastellkreiden und seit 2020 auch gedruckt  mit Linolschnitt.<br \/>\nBelinda ist erst kurz vor dem ersten Lockdown mit ihrem Mann und Kindern nach Wien gezogen.<\/p>\n\n    \n    <h3>Produkte<\/h3>\n\n    <div class=\"woocommerce columns-3 \"><ul class=\"products columns-3\">\n<li class=\"product type-product post-1052 status-publish first instock product_cat-geschenk-gruskarten product_cat-papeterie-schreibwaren has-post-thumbnail purchasable product-type-simple\">\n\t<a href=\"https:\/\/www.regionalis.shop\/belinda-kroell-art\/shop\/woipertingermama-postkarte-mit-kuvert\/\" class=\"woocommerce-LoopProduct-link woocommerce-loop-product__link\"><div class=\"wc-block-grid__product-image\"><img loading=\"lazy\" decoding=\"async\" width=\"420\" height=\"420\" src=\"https:\/\/www.regionalis.shop\/app\/uploads\/sites\/59\/4654_2021_11_29_10_56_36_810090246.jpeg\" class=\"attachment-large size-large\" alt=\"Woipertingermama Postkarte mit Kuvert\" srcset=\"https:\/\/www.regionalis.shop\/app\/uploads\/sites\/59\/4654_2021_11_29_10_56_36_810090246.jpeg 420w, https:\/\/www.regionalis.shop\/app\/uploads\/sites\/59\/4654_2021_11_29_10_56_36_810090246-300x300.jpeg 300w, https:\/\/www.regionalis.shop\/app\/uploads\/sites\/59\/4654_2021_11_29_10_56_36_810090246-150x150.jpeg 150w, https:\/\/www.regionalis.shop\/app\/uploads\/sites\/59\/4654_2021_11_29_10_56_36_810090246-100x100.jpeg 100w\" sizes=\"auto, (max-width: 420px) 100vw, 420px\" \/><\/div><h2 class=\"woocommerce-loop-product__title\">Woipertingermama Postkarte mit Kuvert<\/h2>\n\t<span class=\"price\"><span class=\"woocommerce-Price-amount amount\"><bdi>5,00&nbsp;<span class=\"woocommerce-Price-currencySymbol\">&euro;<\/span><\/bdi><\/span><\/span>\n<\/a><\/li>\n<\/ul>\n<\/div>\n    <p>\n        <a href=\"https:\/\/www.regionalis.shop\/belinda-kroell-art\/shop\/\" class=\"btn btn-primary btn-icon-right\">\n            Alle Produkte <i class=\"bi bi-arrow-right-short\"><\/i>\n        <\/a>\n    <\/p>\n<\/section>\n\n<div data-block-name=\"woocommerce\/store-notices\" class=\"wc-block-store-notices woocommerce alignwide alignwide wp-block-woocommerce-store-notices\"><div class=\"woocommerce-notices-wrapper\"><\/div><\/div>","protected":false},"excerpt":{"rendered":"","protected":false},"author":1,"featured_media":0,"parent":0,"menu_order":0,"comment_status":"closed","ping_status":"closed","template":"template-home.blade.php","meta":{"_acf_changed":false,"footnotes":""},"class_list":["post-862","page","type-page","status-publish","hentry"],"acf":[],"_links":{"self":[{"href":"https:\/\/www.regionalis.shop\/belinda-kroell-art\/wp-json\/wp\/v2\/pages\/862","targetHints":{"allow":["GET"]}}],"collection":[{"href":"https:\/\/www.regionalis.shop\/belinda-kroell-art\/wp-json\/wp\/v2\/pages"}],"about":[{"href":"https:\/\/www.regionalis.shop\/belinda-kroell-art\/wp-json\/wp\/v2\/types\/page"}],"author":[{"embeddable":true,"href":"https:\/\/www.regionalis.shop\/belinda-kroell-art\/wp-json\/wp\/v2\/users\/1"}],"replies":[{"embeddable":true,"href":"https:\/\/www.regionalis.shop\/belinda-kroell-art\/wp-json\/wp\/v2\/comments?post=862"}],"version-history":[{"count":28,"href":"https:\/\/www.regionalis.shop\/belinda-kroell-art\/wp-json\/wp\/v2\/pages\/862\/revisions"}],"predecessor-version":[{"id":1041,"href":"https:\/\/www.regionalis.shop\/belinda-kroell-art\/wp-json\/wp\/v2\/pages\/862\/revisions\/1041"}],"wp:attachment":[{"href":"https:\/\/www.regionalis.shop\/belinda-kroell-art\/wp-json\/wp\/v2\/media?parent=862"}],"curies":[{"name":"wp","href":"https:\/\/api.w.org\/{rel}","templated":true}]}}