{"id":1052,"date":"2025-04-18T04:43:32","date_gmt":"2025-04-18T02:43:32","guid":{"rendered":"https:\/\/www.regionalis.shop\/belinda-kroell-art\/product\/woipertingermama-postkarte-mit-kuvert\/"},"modified":"2025-04-18T04:43:32","modified_gmt":"2025-04-18T02:43:32","slug":"woipertingermama-postkarte-mit-kuvert","status":"publish","type":"product","link":"https:\/\/www.regionalis.shop\/belinda-kroell-art\/shop\/woipertingermama-postkarte-mit-kuvert\/","title":{"rendered":"Woipertingermama Postkarte mit Kuvert"},"content":{"rendered":"<p>F\u00fcr diese Postkarte hab ich das Portrait der Wolpertinger Mama auf Japanisches Reispapier gedruckt (an den R\u00e4ndern kann man sehr gut die Fasern des hochwertigen Papiers erkennen, was mir besonders gut gef\u00e4llt). Jede Karte sieht ein wenig anders aus, das liegt an der Technik der Herstellung. Ich arbeite hier mit Linolschnitt und drucke von Hand.<br \/>\nDer Umschlag ist verziert durch ein goldenes Band, das l\u00e4sst die Karte besonders edel aussehen und erfreut bestimmt jeden Empf\u00e4nger.<\/p>\n","protected":false},"excerpt":{"rendered":"<p>F\u00fcr diese Postkarte hab ich das Portrait der Wolpertinger Mama auf Japanisches Reispapier gedruckt (an den R\u00e4ndern kann man sehr gut die Fasern des hochwertigen Papiers erkennen, was mir besonders gut gef\u00e4llt). Jede Karte sieht ein wenig anders aus, das liegt an der Technik der Herstellung. Ich arbeite hier mit Linolschnitt und drucke von Hand. &hellip; <a href=\"https:\/\/www.regionalis.shop\/belinda-kroell-art\/shop\/woipertingermama-postkarte-mit-kuvert\/\">Continued<\/a><\/p>\n","protected":false},"featured_media":1053,"template":"","meta":{"_acf_changed":false},"product_brand":[],"product_cat":[134,62],"product_tag":[],"class_list":{"0":"post-1052","1":"product","2":"type-product","3":"status-publish","4":"has-post-thumbnail","6":"product_cat-geschenk-gruskarten","7":"product_cat-papeterie-schreibwaren","9":"first","10":"instock","11":"purchasable","12":"product-type-simple"},"acf":[],"_links":{"self":[{"href":"https:\/\/www.regionalis.shop\/belinda-kroell-art\/wp-json\/wp\/v2\/product\/1052","targetHints":{"allow":["GET"]}}],"collection":[{"href":"https:\/\/www.regionalis.shop\/belinda-kroell-art\/wp-json\/wp\/v2\/product"}],"about":[{"href":"https:\/\/www.regionalis.shop\/belinda-kroell-art\/wp-json\/wp\/v2\/types\/product"}],"wp:featuredmedia":[{"embeddable":true,"href":"https:\/\/www.regionalis.shop\/belinda-kroell-art\/wp-json\/wp\/v2\/media\/1053"}],"wp:attachment":[{"href":"https:\/\/www.regionalis.shop\/belinda-kroell-art\/wp-json\/wp\/v2\/media?parent=1052"}],"wp:term":[{"taxonomy":"product_brand","embeddable":true,"href":"https:\/\/www.regionalis.shop\/belinda-kroell-art\/wp-json\/wp\/v2\/product_brand?post=1052"},{"taxonomy":"product_cat","embeddable":true,"href":"https:\/\/www.regionalis.shop\/belinda-kroell-art\/wp-json\/wp\/v2\/product_cat?post=1052"},{"taxonomy":"product_tag","embeddable":true,"href":"https:\/\/www.regionalis.shop\/belinda-kroell-art\/wp-json\/wp\/v2\/product_tag?post=1052"}],"curies":[{"name":"wp","href":"https:\/\/api.w.org\/{rel}","templated":true}]}}