{"id":46,"date":"2024-02-22T07:53:08","date_gmt":"2024-02-22T07:53:08","guid":{"rendered":"https:\/\/stage.shop-it.at\/basket\/"},"modified":"2025-05-21T21:59:52","modified_gmt":"2025-05-21T19:59:52","slug":"warenkorb","status":"publish","type":"page","link":"https:\/\/www.regionalis.shop\/betas-p-schoenes-aus-leder-stoff\/warenkorb\/","title":{"rendered":"Warenkorb"},"content":{"rendered":"\n<div data-block-name=\"woocommerce\/cart\" class=\"wp-block-woocommerce-cart alignwide is-loading\">\n<div data-block-name=\"woocommerce\/filled-cart-block\" class=\"wp-block-woocommerce-filled-cart-block\">\n<div data-block-name=\"woocommerce\/cart-items-block\" class=\"wp-block-woocommerce-cart-items-block\">\n<div data-block-name=\"woocommerce\/cart-line-items-block\" class=\"wp-block-woocommerce-cart-line-items-block\"><\/div>\n<\/div>\n\n\n\n<div data-block-name=\"woocommerce\/cart-totals-block\" class=\"wp-block-woocommerce-cart-totals-block\">\n<div data-block-name=\"woocommerce\/cart-order-summary-block\" class=\"wp-block-woocommerce-cart-order-summary-block\">\n<div data-block-name=\"woocommerce\/cart-order-summary-heading-block\" data-content=\"Basket totals\" class=\"wp-block-woocommerce-cart-order-summary-heading-block\"><\/div>\n\n\n\n<div data-block-name=\"woocommerce\/cart-order-summary-coupon-form-block\" class=\"wp-block-woocommerce-cart-order-summary-coupon-form-block\"><\/div>\n\n\n\n<div data-block-name=\"woocommerce\/cart-order-summary-totals-block\" class=\"wp-block-woocommerce-cart-order-summary-totals-block\">\n<div data-block-name=\"woocommerce\/cart-order-summary-subtotal-block\" class=\"wp-block-woocommerce-cart-order-summary-subtotal-block\"><\/div>\n\n\n\n<div data-block-name=\"woocommerce\/cart-order-summary-fee-block\" class=\"wp-block-woocommerce-cart-order-summary-fee-block\"><\/div>\n\n\n\n<div data-block-name=\"woocommerce\/cart-order-summary-discount-block\" class=\"wp-block-woocommerce-cart-order-summary-discount-block\"><\/div>\n\n\n\n<div data-block-name=\"woocommerce\/cart-order-summary-shipping-block\" class=\"wp-block-woocommerce-cart-order-summary-shipping-block\"><\/div>\n\n\n\n<div data-block-name=\"woocommerce\/cart-order-summary-taxes-block\" class=\"wp-block-woocommerce-cart-order-summary-taxes-block\"><\/div>\n<\/div>\n<\/div>\n\n\n\n<div data-block-name=\"woocommerce\/cart-express-payment-block\" class=\"wp-block-woocommerce-cart-express-payment-block\"><\/div>\n\n\n\n<div data-block-name=\"woocommerce\/proceed-to-checkout-block\" class=\"wp-block-woocommerce-proceed-to-checkout-block\"><\/div>\n\n\n\n<div data-block-name=\"woocommerce\/cart-accepted-payment-methods-block\" class=\"wp-block-woocommerce-cart-accepted-payment-methods-block\"><\/div>\n<\/div>\n<\/div>\n\n\n\n<div data-block-name=\"woocommerce\/empty-cart-block\" class=\"wp-block-woocommerce-empty-cart-block\">\n<h2 class=\"wp-block-heading has-text-align-center with-empty-cart-icon wc-block-cart__empty-cart__title\">Your basket is currently empty!<\/h2>\n\n\n\n<hr class=\"wp-block-separator has-alpha-channel-opacity is-style-dots\"\/>\n\n\n\n<h2 class=\"wp-block-heading has-text-align-center\">New in store<\/h2>\n\n\n<div data-block-name=\"woocommerce\/product-new\" data-columns=\"4\" data-rows=\"1\" class=\"wc-block-grid wp-block-product-new wp-block-woocommerce-product-new wc-block-product-new has-4-columns\"><ul class=\"wc-block-grid__products\"><li class=\"wc-block-grid__product\">\n\t\t\t\t<a href=\"https:\/\/www.regionalis.shop\/betas-p-schoenes-aus-leder-stoff\/shop\/kleines-lederboerserl-mit-vogel-applikation\/\" class=\"wc-block-grid__product-link\">\n\t\t\t\t\t\n\t\t\t\t\t<div class=\"wc-block-grid__product-image\"><img loading=\"lazy\" decoding=\"async\" width=\"300\" height=\"300\" src=\"https:\/\/www.regionalis.shop\/app\/uploads\/sites\/63\/654_2023_04_20_23_14_09_830712610-300x300.jpg\" class=\"attachment-woocommerce_thumbnail size-woocommerce_thumbnail\" alt=\"kleines Lederb\u00f6rserl mit Vogel-Applikation\" srcset=\"https:\/\/www.regionalis.shop\/app\/uploads\/sites\/63\/654_2023_04_20_23_14_09_830712610-300x300.jpg 300w, https:\/\/www.regionalis.shop\/app\/uploads\/sites\/63\/654_2023_04_20_23_14_09_830712610-150x150.jpg 150w, https:\/\/www.regionalis.shop\/app\/uploads\/sites\/63\/654_2023_04_20_23_14_09_830712610-768x768.jpg 768w, https:\/\/www.regionalis.shop\/app\/uploads\/sites\/63\/654_2023_04_20_23_14_09_830712610-600x600.jpg 600w, https:\/\/www.regionalis.shop\/app\/uploads\/sites\/63\/654_2023_04_20_23_14_09_830712610-100x100.jpg 100w, https:\/\/www.regionalis.shop\/app\/uploads\/sites\/63\/654_2023_04_20_23_14_09_830712610.jpg 1024w\" sizes=\"auto, (max-width: 300px) 100vw, 300px\" \/><\/div>\n\t\t\t\t\t<div class=\"wc-block-grid__product-title\">kleines Lederb\u00f6rserl mit Vogel-Applikation<\/div>\n\t\t\t\t<\/a>\n\t\t\t\t<div class=\"wc-block-grid__product-price price\"><span class=\"woocommerce-Price-amount amount\">22,00&nbsp;<span class=\"woocommerce-Price-currencySymbol\">&euro;<\/span><\/span><\/div>\n\t\t\t\t\n\t\t\t\t<div class=\"wp-block-button wc-block-grid__product-add-to-cart\"><a href=\"https:\/\/www.regionalis.shop\/betas-p-schoenes-aus-leder-stoff\/shop\/kleines-lederboerserl-mit-vogel-applikation\/\" aria-label=\"Lese mehr \u00fcber &#8222;kleines Lederb\u00f6rserl mit Vogel-Applikation&#8220;\" data-quantity=\"1\" data-product_id=\"1056\" data-product_sku=\"kleines-lederb\u00f6rserl-mit-vogel-applikation-40209\" data-price=\"22\" rel=\"nofollow\" class=\"wp-block-button__link  add_to_cart_button\">Weiterlesen<\/a><\/div>\n\t\t\t<\/li><li class=\"wc-block-grid__product\">\n\t\t\t\t<a href=\"https:\/\/www.regionalis.shop\/betas-p-schoenes-aus-leder-stoff\/shop\/kleines-lederboerserl-mit-schmetterlings-applikation\/\" class=\"wc-block-grid__product-link\">\n\t\t\t\t\t\n\t\t\t\t\t<div class=\"wc-block-grid__product-image\"><img loading=\"lazy\" decoding=\"async\" width=\"300\" height=\"300\" src=\"https:\/\/www.regionalis.shop\/app\/uploads\/sites\/63\/654_2023_04_20_23_11_38_874390327-300x300.jpg\" class=\"attachment-woocommerce_thumbnail size-woocommerce_thumbnail\" alt=\"kleines Lederb\u00f6rserl mit Schmetterlings-Applikation\" srcset=\"https:\/\/www.regionalis.shop\/app\/uploads\/sites\/63\/654_2023_04_20_23_11_38_874390327-300x300.jpg 300w, https:\/\/www.regionalis.shop\/app\/uploads\/sites\/63\/654_2023_04_20_23_11_38_874390327-150x150.jpg 150w, https:\/\/www.regionalis.shop\/app\/uploads\/sites\/63\/654_2023_04_20_23_11_38_874390327-768x768.jpg 768w, https:\/\/www.regionalis.shop\/app\/uploads\/sites\/63\/654_2023_04_20_23_11_38_874390327-600x600.jpg 600w, https:\/\/www.regionalis.shop\/app\/uploads\/sites\/63\/654_2023_04_20_23_11_38_874390327-100x100.jpg 100w, https:\/\/www.regionalis.shop\/app\/uploads\/sites\/63\/654_2023_04_20_23_11_38_874390327.jpg 1024w\" sizes=\"auto, (max-width: 300px) 100vw, 300px\" \/><\/div>\n\t\t\t\t\t<div class=\"wc-block-grid__product-title\">kleines Lederb\u00f6rserl mit Schmetterlings-Applikation<\/div>\n\t\t\t\t<\/a>\n\t\t\t\t<div class=\"wc-block-grid__product-price price\"><span class=\"woocommerce-Price-amount amount\">22,00&nbsp;<span class=\"woocommerce-Price-currencySymbol\">&euro;<\/span><\/span><\/div>\n\t\t\t\t\n\t\t\t\t<div class=\"wp-block-button wc-block-grid__product-add-to-cart\"><a href=\"https:\/\/www.regionalis.shop\/betas-p-schoenes-aus-leder-stoff\/shop\/kleines-lederboerserl-mit-schmetterlings-applikation\/\" aria-label=\"Lese mehr \u00fcber &#8222;kleines Lederb\u00f6rserl mit Schmetterlings-Applikation&#8220;\" data-quantity=\"1\" data-product_id=\"1052\" data-product_sku=\"kleines-lederb\u00f6rserl-mit-schmetterlings-applikation-40208\" data-price=\"22\" rel=\"nofollow\" class=\"wp-block-button__link  add_to_cart_button\">Weiterlesen<\/a><\/div>\n\t\t\t<\/li><li class=\"wc-block-grid__product\">\n\t\t\t\t<a href=\"https:\/\/www.regionalis.shop\/betas-p-schoenes-aus-leder-stoff\/shop\/spiralmaeppchen-aus-leder-in-himbeere-mit-hellgruenem-zippverschluss\/\" class=\"wc-block-grid__product-link\">\n\t\t\t\t\t\n\t\t\t\t\t<div class=\"wc-block-grid__product-image\"><img loading=\"lazy\" decoding=\"async\" width=\"300\" height=\"300\" src=\"https:\/\/www.regionalis.shop\/app\/uploads\/sites\/63\/654_2023_03_29_14_59_21_125974568-300x300.jpg\" class=\"attachment-woocommerce_thumbnail size-woocommerce_thumbnail\" alt=\"Spiralm\u00e4ppchen aus Leder in himbeere mit hellgr\u00fcnem Zippverschluss\" srcset=\"https:\/\/www.regionalis.shop\/app\/uploads\/sites\/63\/654_2023_03_29_14_59_21_125974568-300x300.jpg 300w, https:\/\/www.regionalis.shop\/app\/uploads\/sites\/63\/654_2023_03_29_14_59_21_125974568-150x150.jpg 150w, https:\/\/www.regionalis.shop\/app\/uploads\/sites\/63\/654_2023_03_29_14_59_21_125974568-768x768.jpg 768w, https:\/\/www.regionalis.shop\/app\/uploads\/sites\/63\/654_2023_03_29_14_59_21_125974568-600x600.jpg 600w, https:\/\/www.regionalis.shop\/app\/uploads\/sites\/63\/654_2023_03_29_14_59_21_125974568-100x100.jpg 100w, https:\/\/www.regionalis.shop\/app\/uploads\/sites\/63\/654_2023_03_29_14_59_21_125974568.jpg 1024w\" sizes=\"auto, (max-width: 300px) 100vw, 300px\" \/><\/div>\n\t\t\t\t\t<div class=\"wc-block-grid__product-title\">Spiralm\u00e4ppchen aus Leder in himbeere mit hellgr\u00fcnem Zippverschluss<\/div>\n\t\t\t\t<\/a>\n\t\t\t\t<div class=\"wc-block-grid__product-price price\"><span class=\"woocommerce-Price-amount amount\">16,00&nbsp;<span class=\"woocommerce-Price-currencySymbol\">&euro;<\/span><\/span><\/div>\n\t\t\t\t\n\t\t\t\t<div class=\"wp-block-button wc-block-grid__product-add-to-cart\"><a href=\"https:\/\/www.regionalis.shop\/betas-p-schoenes-aus-leder-stoff\/shop\/spiralmaeppchen-aus-leder-in-himbeere-mit-hellgruenem-zippverschluss\/\" aria-label=\"Lese mehr \u00fcber &#8222;Spiralm\u00e4ppchen aus Leder in himbeere mit hellgr\u00fcnem Zippverschluss&#8220;\" data-quantity=\"1\" data-product_id=\"1060\" data-product_sku=\"spiralm\u00e4ppchen-aus-leder-in-himbeere-mit-hellgr\u00fcnem-zippverschluss-39749\" data-price=\"16\" rel=\"nofollow\" class=\"wp-block-button__link  add_to_cart_button\">Weiterlesen<\/a><\/div>\n\t\t\t<\/li><li class=\"wc-block-grid__product\">\n\t\t\t\t<a href=\"https:\/\/www.regionalis.shop\/betas-p-schoenes-aus-leder-stoff\/shop\/kleines-beiges-lederboerserl-mit-rotem-spitzen-webband\/\" class=\"wc-block-grid__product-link\">\n\t\t\t\t\t\n\t\t\t\t\t<div class=\"wc-block-grid__product-image\"><img loading=\"lazy\" decoding=\"async\" width=\"300\" height=\"300\" src=\"https:\/\/www.regionalis.shop\/app\/uploads\/sites\/63\/654_2023_03_28_10_44_37_605984442-300x300.jpg\" class=\"attachment-woocommerce_thumbnail size-woocommerce_thumbnail\" alt=\"kleines beiges Lederb\u00f6rserl mit rotem Spitzen-Webband\" srcset=\"https:\/\/www.regionalis.shop\/app\/uploads\/sites\/63\/654_2023_03_28_10_44_37_605984442-300x300.jpg 300w, https:\/\/www.regionalis.shop\/app\/uploads\/sites\/63\/654_2023_03_28_10_44_37_605984442-150x150.jpg 150w, https:\/\/www.regionalis.shop\/app\/uploads\/sites\/63\/654_2023_03_28_10_44_37_605984442-768x769.jpg 768w, https:\/\/www.regionalis.shop\/app\/uploads\/sites\/63\/654_2023_03_28_10_44_37_605984442-600x601.jpg 600w, https:\/\/www.regionalis.shop\/app\/uploads\/sites\/63\/654_2023_03_28_10_44_37_605984442-100x100.jpg 100w, https:\/\/www.regionalis.shop\/app\/uploads\/sites\/63\/654_2023_03_28_10_44_37_605984442.jpg 1023w\" sizes=\"auto, (max-width: 300px) 100vw, 300px\" \/><\/div>\n\t\t\t\t\t<div class=\"wc-block-grid__product-title\">kleines beiges Lederb\u00f6rserl mit rotem Spitzen-Webband<\/div>\n\t\t\t\t<\/a>\n\t\t\t\t<div class=\"wc-block-grid__product-price price\"><span class=\"woocommerce-Price-amount amount\">19,00&nbsp;<span class=\"woocommerce-Price-currencySymbol\">&euro;<\/span><\/span><\/div>\n\t\t\t\t\n\t\t\t\t<div class=\"wp-block-button wc-block-grid__product-add-to-cart\"><a href=\"https:\/\/www.regionalis.shop\/betas-p-schoenes-aus-leder-stoff\/shop\/kleines-beiges-lederboerserl-mit-rotem-spitzen-webband\/\" aria-label=\"Lese mehr \u00fcber &#8222;kleines beiges Lederb\u00f6rserl mit rotem Spitzen-Webband&#8220;\" data-quantity=\"1\" data-product_id=\"1065\" data-product_sku=\"kleines-beiges-lederb\u00f6rserl-mit-rotem-spitzen-webband-39703\" data-price=\"19\" rel=\"nofollow\" class=\"wp-block-button__link  add_to_cart_button\">Weiterlesen<\/a><\/div>\n\t\t\t<\/li><\/ul><\/div><\/div>\n<\/div>\n","protected":false},"excerpt":{"rendered":"","protected":false},"author":1,"featured_media":0,"parent":0,"menu_order":0,"comment_status":"closed","ping_status":"closed","template":"template-shop-page.blade.php","meta":{"_acf_changed":false,"footnotes":""},"class_list":["post-46","page","type-page","status-publish","hentry"],"acf":[],"_links":{"self":[{"href":"https:\/\/www.regionalis.shop\/betas-p-schoenes-aus-leder-stoff\/wp-json\/wp\/v2\/pages\/46","targetHints":{"allow":["GET"]}}],"collection":[{"href":"https:\/\/www.regionalis.shop\/betas-p-schoenes-aus-leder-stoff\/wp-json\/wp\/v2\/pages"}],"about":[{"href":"https:\/\/www.regionalis.shop\/betas-p-schoenes-aus-leder-stoff\/wp-json\/wp\/v2\/types\/page"}],"author":[{"embeddable":true,"href":"https:\/\/www.regionalis.shop\/betas-p-schoenes-aus-leder-stoff\/wp-json\/wp\/v2\/users\/1"}],"replies":[{"embeddable":true,"href":"https:\/\/www.regionalis.shop\/betas-p-schoenes-aus-leder-stoff\/wp-json\/wp\/v2\/comments?post=46"}],"version-history":[{"count":3,"href":"https:\/\/www.regionalis.shop\/betas-p-schoenes-aus-leder-stoff\/wp-json\/wp\/v2\/pages\/46\/revisions"}],"predecessor-version":[{"id":861,"href":"https:\/\/www.regionalis.shop\/betas-p-schoenes-aus-leder-stoff\/wp-json\/wp\/v2\/pages\/46\/revisions\/861"}],"wp:attachment":[{"href":"https:\/\/www.regionalis.shop\/betas-p-schoenes-aus-leder-stoff\/wp-json\/wp\/v2\/media?parent=46"}],"curies":[{"name":"wp","href":"https:\/\/api.w.org\/{rel}","templated":true}]}}