{"id":1060,"date":"2025-04-18T10:33:36","date_gmt":"2025-04-18T08:33:36","guid":{"rendered":"https:\/\/www.regionalis.shop\/betas-p-schoenes-aus-leder-stoff\/product\/spiralmaeppchen-aus-leder-in-himbeere-mit-hellgruenem-zippverschluss\/"},"modified":"2025-12-03T00:32:36","modified_gmt":"2025-12-02T23:32:36","slug":"spiralmaeppchen-aus-leder-in-himbeere-mit-hellgruenem-zippverschluss","status":"publish","type":"product","link":"https:\/\/www.regionalis.shop\/betas-p-schoenes-aus-leder-stoff\/shop\/spiralmaeppchen-aus-leder-in-himbeere-mit-hellgruenem-zippverschluss\/","title":{"rendered":"Spiralm\u00e4ppchen aus Leder in himbeere mit hellgr\u00fcnem Zippverschluss"},"content":{"rendered":"<p>Das Spiralm\u00e4ppchen aus echtem Leder hat eine faszinierende Form.<br \/>\nDu kannst z.B. deine Stifte oder H\u00e4kelnadeln drinnen verstauen, auch f\u00fcr ihre Lesebrille hat es eine meiner Kundinnen schon verwendet. Aber du wei\u00dft nat\u00fcrlich am besten f\u00fcr was es bei dir passt.<\/p>\n<p>Ma\u00dfe: ca. 25 cm L\u00e4nge, ca. 13 cm Umfang<br \/>\nMaterial: 100% Leder<\/p>\n","protected":false},"excerpt":{"rendered":"<p>Das Spiralm\u00e4ppchen aus echtem Leder hat eine faszinierende Form. Du kannst z.B. deine Stifte oder H\u00e4kelnadeln drinnen verstauen, auch f\u00fcr ihre Lesebrille hat es eine meiner Kundinnen schon verwendet. Aber du wei\u00dft nat\u00fcrlich am besten f\u00fcr was es bei dir passt. Ma\u00dfe: ca. 25 cm L\u00e4nge, ca. 13 cm Umfang Material: 100% Leder<\/p>\n","protected":false},"featured_media":1061,"template":"","meta":{"_acf_changed":false},"product_brand":[],"product_cat":[129,95],"product_tag":[],"class_list":{"0":"post-1060","1":"product","2":"type-product","3":"status-publish","4":"has-post-thumbnail","6":"product_cat-federpennale-stiftetuis","7":"product_cat-taschen","9":"first","10":"outofstock","11":"purchasable","12":"product-type-simple"},"acf":[],"_links":{"self":[{"href":"https:\/\/www.regionalis.shop\/betas-p-schoenes-aus-leder-stoff\/wp-json\/wp\/v2\/product\/1060","targetHints":{"allow":["GET"]}}],"collection":[{"href":"https:\/\/www.regionalis.shop\/betas-p-schoenes-aus-leder-stoff\/wp-json\/wp\/v2\/product"}],"about":[{"href":"https:\/\/www.regionalis.shop\/betas-p-schoenes-aus-leder-stoff\/wp-json\/wp\/v2\/types\/product"}],"wp:featuredmedia":[{"embeddable":true,"href":"https:\/\/www.regionalis.shop\/betas-p-schoenes-aus-leder-stoff\/wp-json\/wp\/v2\/media\/1061"}],"wp:attachment":[{"href":"https:\/\/www.regionalis.shop\/betas-p-schoenes-aus-leder-stoff\/wp-json\/wp\/v2\/media?parent=1060"}],"wp:term":[{"taxonomy":"product_brand","embeddable":true,"href":"https:\/\/www.regionalis.shop\/betas-p-schoenes-aus-leder-stoff\/wp-json\/wp\/v2\/product_brand?post=1060"},{"taxonomy":"product_cat","embeddable":true,"href":"https:\/\/www.regionalis.shop\/betas-p-schoenes-aus-leder-stoff\/wp-json\/wp\/v2\/product_cat?post=1060"},{"taxonomy":"product_tag","embeddable":true,"href":"https:\/\/www.regionalis.shop\/betas-p-schoenes-aus-leder-stoff\/wp-json\/wp\/v2\/product_tag?post=1060"}],"curies":[{"name":"wp","href":"https:\/\/api.w.org\/{rel}","templated":true}]}}