{"id":1069,"date":"2025-04-18T10:25:31","date_gmt":"2025-04-18T08:25:31","guid":{"rendered":"https:\/\/www.regionalis.shop\/betas-p-schoenes-aus-leder-stoff\/product\/leder-osterei-als-verpackung-deko-viele-verschiedene\/"},"modified":"2025-12-03T00:32:37","modified_gmt":"2025-12-02T23:32:37","slug":"leder-osterei-als-verpackung-deko-viele-verschiedene","status":"publish","type":"product","link":"https:\/\/www.regionalis.shop\/betas-p-schoenes-aus-leder-stoff\/shop\/leder-osterei-als-verpackung-deko-viele-verschiedene\/","title":{"rendered":"Leder-Osterei als Verpackung + Deko, viele verschiedene"},"content":{"rendered":"<p>Diese Ostereier sind aus echtem Leder gen\u00e4ht und auf der Vorderseite schm\u00fcckt sie ein Webband, die R\u00fcckseite ist einfarbig . <\/p>\n<p>Au\u00dferdem sind vorne 2 kleine Schlitze, wo man z.B. einen Geldschein reinstecken kann.<br \/>\nAber auch danach kann man sie als Deko auf den Osterbaum h\u00e4ngen &#8211; diese Eier werden dir nie zerbrechen! \ud83d\ude09<\/p>\n<p>Die Abgebildeten sind bereits fertig und k\u00f6nnen jederzeit verschickt werden. Auf Nachfrage stelle ich gerne auch weitere her.<\/p>\n<p>Bitte schreibe mir einfach, welche(s) Ei(er) du gerne haben m\u00f6chtest.<\/p>\n<p>Material: 100% echtes Leder<br \/>\nMa\u00dfe: ca. 8,0 x 5,5 cm<\/p>\n","protected":false},"excerpt":{"rendered":"<p>Diese Ostereier sind aus echtem Leder gen\u00e4ht und auf der Vorderseite schm\u00fcckt sie ein Webband, die R\u00fcckseite ist einfarbig . Au\u00dferdem sind vorne 2 kleine Schlitze, wo man z.B. einen Geldschein reinstecken kann. Aber auch danach kann man sie als Deko auf den Osterbaum h\u00e4ngen &#8211; diese Eier werden dir nie zerbrechen! \ud83d\ude09 Die Abgebildeten &hellip; <a href=\"https:\/\/www.regionalis.shop\/betas-p-schoenes-aus-leder-stoff\/shop\/leder-osterei-als-verpackung-deko-viele-verschiedene\/\">Continued<\/a><\/p>\n","protected":false},"featured_media":1070,"template":"","meta":{"_acf_changed":false},"product_brand":[],"product_cat":[172,103],"product_tag":[],"class_list":{"0":"post-1069","1":"product","2":"type-product","3":"status-publish","4":"has-post-thumbnail","6":"product_cat-verpacken-verstauen","7":"product_cat-wohnen-deko","9":"first","10":"outofstock","11":"purchasable","12":"product-type-simple"},"acf":[],"_links":{"self":[{"href":"https:\/\/www.regionalis.shop\/betas-p-schoenes-aus-leder-stoff\/wp-json\/wp\/v2\/product\/1069","targetHints":{"allow":["GET"]}}],"collection":[{"href":"https:\/\/www.regionalis.shop\/betas-p-schoenes-aus-leder-stoff\/wp-json\/wp\/v2\/product"}],"about":[{"href":"https:\/\/www.regionalis.shop\/betas-p-schoenes-aus-leder-stoff\/wp-json\/wp\/v2\/types\/product"}],"wp:featuredmedia":[{"embeddable":true,"href":"https:\/\/www.regionalis.shop\/betas-p-schoenes-aus-leder-stoff\/wp-json\/wp\/v2\/media\/1070"}],"wp:attachment":[{"href":"https:\/\/www.regionalis.shop\/betas-p-schoenes-aus-leder-stoff\/wp-json\/wp\/v2\/media?parent=1069"}],"wp:term":[{"taxonomy":"product_brand","embeddable":true,"href":"https:\/\/www.regionalis.shop\/betas-p-schoenes-aus-leder-stoff\/wp-json\/wp\/v2\/product_brand?post=1069"},{"taxonomy":"product_cat","embeddable":true,"href":"https:\/\/www.regionalis.shop\/betas-p-schoenes-aus-leder-stoff\/wp-json\/wp\/v2\/product_cat?post=1069"},{"taxonomy":"product_tag","embeddable":true,"href":"https:\/\/www.regionalis.shop\/betas-p-schoenes-aus-leder-stoff\/wp-json\/wp\/v2\/product_tag?post=1069"}],"curies":[{"name":"wp","href":"https:\/\/api.w.org\/{rel}","templated":true}]}}