{"id":1082,"date":"2025-04-18T06:34:49","date_gmt":"2025-04-18T04:34:49","guid":{"rendered":"https:\/\/www.regionalis.shop\/betas-p-schoenes-aus-leder-stoff\/product\/kleines-lederboerserl-mit-webband-verschiedene-varianten\/"},"modified":"2025-12-03T00:32:40","modified_gmt":"2025-12-02T23:32:40","slug":"kleines-lederboerserl-mit-webband-verschiedene-varianten","status":"publish","type":"product","link":"https:\/\/www.regionalis.shop\/betas-p-schoenes-aus-leder-stoff\/shop\/kleines-lederboerserl-mit-webband-verschiedene-varianten\/","title":{"rendered":"kleines Lederb\u00f6rserl mit Webband, verschiedene Varianten"},"content":{"rendered":"<p>Das B\u00f6rserl ist aus echtem Leder gen\u00e4ht und auf der Vorderseite schm\u00fcckt es ein Webband. Es gibt viele fertige Varianten davon &#8211; jede genau 1x.<br \/>\nAuf Nachfrage stelle ich gerne auch weitere her.<\/p>\n<p>Es ist klein genug, um es schnell mal einzustecken z.B. beim Joggen oder f\u00fcr den kurzen Gang zur Post. Aber auch gro\u00df genug, dass ein bisschen Geld und sogar die Bankomatkarte reinpasst.<br \/>\nNat\u00fcrlich kann es auch als reines Kartenetui verwendet werden.<br \/>\nDa es aus echtem Leder ist, h\u00e4lt es sehr lange und ist somit sehr nachhaltig.<\/p>\n<p>Material: 100% echtes Leder<br \/>\nMa\u00dfe: ca. 10,5 x 8,0 cm<\/p>\n","protected":false},"excerpt":{"rendered":"<p>Das B\u00f6rserl ist aus echtem Leder gen\u00e4ht und auf der Vorderseite schm\u00fcckt es ein Webband. Es gibt viele fertige Varianten davon &#8211; jede genau 1x. Auf Nachfrage stelle ich gerne auch weitere her. Es ist klein genug, um es schnell mal einzustecken z.B. beim Joggen oder f\u00fcr den kurzen Gang zur Post. Aber auch gro\u00df &hellip; <a href=\"https:\/\/www.regionalis.shop\/betas-p-schoenes-aus-leder-stoff\/shop\/kleines-lederboerserl-mit-webband-verschiedene-varianten\/\">Continued<\/a><\/p>\n","protected":false},"featured_media":1083,"template":"","meta":{"_acf_changed":false},"product_brand":[],"product_cat":[133,95],"product_tag":[],"class_list":{"0":"post-1082","1":"product","2":"type-product","3":"status-publish","4":"has-post-thumbnail","6":"product_cat-geldboersen-kartenhalter","7":"product_cat-taschen","9":"first","10":"outofstock","11":"purchasable","12":"product-type-simple"},"acf":[],"_links":{"self":[{"href":"https:\/\/www.regionalis.shop\/betas-p-schoenes-aus-leder-stoff\/wp-json\/wp\/v2\/product\/1082","targetHints":{"allow":["GET"]}}],"collection":[{"href":"https:\/\/www.regionalis.shop\/betas-p-schoenes-aus-leder-stoff\/wp-json\/wp\/v2\/product"}],"about":[{"href":"https:\/\/www.regionalis.shop\/betas-p-schoenes-aus-leder-stoff\/wp-json\/wp\/v2\/types\/product"}],"wp:featuredmedia":[{"embeddable":true,"href":"https:\/\/www.regionalis.shop\/betas-p-schoenes-aus-leder-stoff\/wp-json\/wp\/v2\/media\/1083"}],"wp:attachment":[{"href":"https:\/\/www.regionalis.shop\/betas-p-schoenes-aus-leder-stoff\/wp-json\/wp\/v2\/media?parent=1082"}],"wp:term":[{"taxonomy":"product_brand","embeddable":true,"href":"https:\/\/www.regionalis.shop\/betas-p-schoenes-aus-leder-stoff\/wp-json\/wp\/v2\/product_brand?post=1082"},{"taxonomy":"product_cat","embeddable":true,"href":"https:\/\/www.regionalis.shop\/betas-p-schoenes-aus-leder-stoff\/wp-json\/wp\/v2\/product_cat?post=1082"},{"taxonomy":"product_tag","embeddable":true,"href":"https:\/\/www.regionalis.shop\/betas-p-schoenes-aus-leder-stoff\/wp-json\/wp\/v2\/product_tag?post=1082"}],"curies":[{"name":"wp","href":"https:\/\/api.w.org\/{rel}","templated":true}]}}