{"id":1060,"date":"2025-04-18T06:13:33","date_gmt":"2025-04-18T04:13:33","guid":{"rendered":"https:\/\/www.regionalis.shop\/betondekorationen-stefan\/product\/deko-schieferplatte-mit-lasergravur\/"},"modified":"2025-04-18T06:13:33","modified_gmt":"2025-04-18T04:13:33","slug":"deko-schieferplatte-mit-lasergravur","status":"publish","type":"product","link":"https:\/\/www.regionalis.shop\/betondekorationen-stefan\/shop\/deko-schieferplatte-mit-lasergravur\/","title":{"rendered":"Deko Schieferplatte mit Lasergravur"},"content":{"rendered":"<p>Die Deko Schieferplatte ist in 25 cm im Durchmesser und auch quadratisch in verschiedenen Gr\u00f6\u00dfen erh\u00e4ltlich.<\/p>\n<p>Die Platte ist auf Wunsch mit verschiedensten Motive oder Schriftz\u00fcgen zu gestalten.<\/p>\n","protected":false},"excerpt":{"rendered":"<p>Die Deko Schieferplatte ist in 25 cm im Durchmesser und auch quadratisch in verschiedenen Gr\u00f6\u00dfen erh\u00e4ltlich. Die Platte ist auf Wunsch mit verschiedensten Motive oder Schriftz\u00fcgen zu gestalten.<\/p>\n","protected":false},"featured_media":1061,"template":"","meta":{"_acf_changed":false},"product_brand":[],"product_cat":[174,103],"product_tag":[],"class_list":{"0":"post-1060","1":"product","2":"type-product","3":"status-publish","4":"has-post-thumbnail","6":"product_cat-wohndekoration","7":"product_cat-wohnen-deko","9":"first","10":"instock","11":"purchasable","12":"product-type-simple"},"acf":[],"_links":{"self":[{"href":"https:\/\/www.regionalis.shop\/betondekorationen-stefan\/wp-json\/wp\/v2\/product\/1060","targetHints":{"allow":["GET"]}}],"collection":[{"href":"https:\/\/www.regionalis.shop\/betondekorationen-stefan\/wp-json\/wp\/v2\/product"}],"about":[{"href":"https:\/\/www.regionalis.shop\/betondekorationen-stefan\/wp-json\/wp\/v2\/types\/product"}],"wp:featuredmedia":[{"embeddable":true,"href":"https:\/\/www.regionalis.shop\/betondekorationen-stefan\/wp-json\/wp\/v2\/media\/1061"}],"wp:attachment":[{"href":"https:\/\/www.regionalis.shop\/betondekorationen-stefan\/wp-json\/wp\/v2\/media?parent=1060"}],"wp:term":[{"taxonomy":"product_brand","embeddable":true,"href":"https:\/\/www.regionalis.shop\/betondekorationen-stefan\/wp-json\/wp\/v2\/product_brand?post=1060"},{"taxonomy":"product_cat","embeddable":true,"href":"https:\/\/www.regionalis.shop\/betondekorationen-stefan\/wp-json\/wp\/v2\/product_cat?post=1060"},{"taxonomy":"product_tag","embeddable":true,"href":"https:\/\/www.regionalis.shop\/betondekorationen-stefan\/wp-json\/wp\/v2\/product_tag?post=1060"}],"curies":[{"name":"wp","href":"https:\/\/api.w.org\/{rel}","templated":true}]}}