{"id":1068,"date":"2025-04-18T05:02:12","date_gmt":"2025-04-18T03:02:12","guid":{"rendered":"https:\/\/www.regionalis.shop\/betondekorationen-stefan\/product\/beton-deko-adventkranz\/"},"modified":"2025-04-18T05:02:12","modified_gmt":"2025-04-18T03:02:12","slug":"beton-deko-adventkranz","status":"publish","type":"product","link":"https:\/\/www.regionalis.shop\/betondekorationen-stefan\/shop\/beton-deko-adventkranz\/","title":{"rendered":"Beton Deko Adventkranz"},"content":{"rendered":"<p>Beton Deko Adventkranz f\u00fcr Weinliebhaber.<br \/>\nDer Adventkranz besteht aus einem Wein Butler f\u00fcr 6 Gl\u00e4ser aus meiner Produktion samt Gl\u00e4sern und Dekoration.<br \/>\nDer Wein Butler ist auch individualisierbar in den Natur Farben wei\u00dfen und grau, aber auch patiniert.<br \/>\nAuf Kunden Wunsch sind auch andere Farben m\u00f6glich.<\/p>\n","protected":false},"excerpt":{"rendered":"<p>Beton Deko Adventkranz f\u00fcr Weinliebhaber. Der Adventkranz besteht aus einem Wein Butler f\u00fcr 6 Gl\u00e4ser aus meiner Produktion samt Gl\u00e4sern und Dekoration. Der Wein Butler ist auch individualisierbar in den Natur Farben wei\u00dfen und grau, aber auch patiniert. Auf Kunden Wunsch sind auch andere Farben m\u00f6glich.<\/p>\n","protected":false},"featured_media":1069,"template":"","meta":{"_acf_changed":false},"product_brand":[],"product_cat":[173,103],"product_tag":[],"class_list":{"0":"post-1068","1":"product","2":"type-product","3":"status-publish","4":"has-post-thumbnail","6":"product_cat-weihnachten","7":"product_cat-wohnen-deko","9":"first","10":"instock","11":"purchasable","12":"product-type-simple"},"acf":[],"_links":{"self":[{"href":"https:\/\/www.regionalis.shop\/betondekorationen-stefan\/wp-json\/wp\/v2\/product\/1068","targetHints":{"allow":["GET"]}}],"collection":[{"href":"https:\/\/www.regionalis.shop\/betondekorationen-stefan\/wp-json\/wp\/v2\/product"}],"about":[{"href":"https:\/\/www.regionalis.shop\/betondekorationen-stefan\/wp-json\/wp\/v2\/types\/product"}],"wp:featuredmedia":[{"embeddable":true,"href":"https:\/\/www.regionalis.shop\/betondekorationen-stefan\/wp-json\/wp\/v2\/media\/1069"}],"wp:attachment":[{"href":"https:\/\/www.regionalis.shop\/betondekorationen-stefan\/wp-json\/wp\/v2\/media?parent=1068"}],"wp:term":[{"taxonomy":"product_brand","embeddable":true,"href":"https:\/\/www.regionalis.shop\/betondekorationen-stefan\/wp-json\/wp\/v2\/product_brand?post=1068"},{"taxonomy":"product_cat","embeddable":true,"href":"https:\/\/www.regionalis.shop\/betondekorationen-stefan\/wp-json\/wp\/v2\/product_cat?post=1068"},{"taxonomy":"product_tag","embeddable":true,"href":"https:\/\/www.regionalis.shop\/betondekorationen-stefan\/wp-json\/wp\/v2\/product_tag?post=1068"}],"curies":[{"name":"wp","href":"https:\/\/api.w.org\/{rel}","templated":true}]}}