{"id":1080,"date":"2025-04-18T02:58:19","date_gmt":"2025-04-18T00:58:19","guid":{"rendered":"https:\/\/www.regionalis.shop\/betondekorationen-stefan\/product\/betondeko-kerzenstaender-2\/"},"modified":"2025-04-18T02:58:19","modified_gmt":"2025-04-18T00:58:19","slug":"betondeko-kerzenstaender-2","status":"publish","type":"product","link":"https:\/\/www.regionalis.shop\/betondekorationen-stefan\/shop\/betondeko-kerzenstaender-2\/","title":{"rendered":"Betondeko Kerzenst\u00e4nder"},"content":{"rendered":"<p>Der Kerzenst\u00e4nder ist mit Feinem Quarz- und Marmorsand gefertigt. <\/p>\n<p>Die Kerzenst\u00e4nder sind 20 cm lang, 8,5 cm breit und 6 cm hoch.<\/p>\n<p>Die Kerzenhalterungen sind aus Kupferrohr und in den St\u00e4nder fix einbetoniert.<\/p>\n<p>Die Kerzenst\u00e4nder sind auf Wunsch in natur in grau oder wei\u00df oder auf Vintage patiniert.<\/p>\n<p>Es sind auf Wunsch dreierlei verschiedene Formen (oval, rechteckig od. trapezf\u00f6rmig) erh\u00e4ltlich.<\/p>\n<p>Die Kerzen sind im Preis inklusive.<\/p>\n","protected":false},"excerpt":{"rendered":"<p>Der Kerzenst\u00e4nder ist mit Feinem Quarz- und Marmorsand gefertigt. Die Kerzenst\u00e4nder sind 20 cm lang, 8,5 cm breit und 6 cm hoch. Die Kerzenhalterungen sind aus Kupferrohr und in den St\u00e4nder fix einbetoniert. Die Kerzenst\u00e4nder sind auf Wunsch in natur in grau oder wei\u00df oder auf Vintage patiniert. Es sind auf Wunsch dreierlei verschiedene Formen &hellip; <a href=\"https:\/\/www.regionalis.shop\/betondekorationen-stefan\/shop\/betondeko-kerzenstaender-2\/\">Continued<\/a><\/p>\n","protected":false},"featured_media":1081,"template":"","meta":{"_acf_changed":false},"product_brand":[],"product_cat":[151,103],"product_tag":[],"class_list":{"0":"post-1080","1":"product","2":"type-product","3":"status-publish","4":"has-post-thumbnail","6":"product_cat-kerzen-kerzenstaender","7":"product_cat-wohnen-deko","9":"first","10":"instock","11":"purchasable","12":"product-type-simple"},"acf":[],"_links":{"self":[{"href":"https:\/\/www.regionalis.shop\/betondekorationen-stefan\/wp-json\/wp\/v2\/product\/1080","targetHints":{"allow":["GET"]}}],"collection":[{"href":"https:\/\/www.regionalis.shop\/betondekorationen-stefan\/wp-json\/wp\/v2\/product"}],"about":[{"href":"https:\/\/www.regionalis.shop\/betondekorationen-stefan\/wp-json\/wp\/v2\/types\/product"}],"wp:featuredmedia":[{"embeddable":true,"href":"https:\/\/www.regionalis.shop\/betondekorationen-stefan\/wp-json\/wp\/v2\/media\/1081"}],"wp:attachment":[{"href":"https:\/\/www.regionalis.shop\/betondekorationen-stefan\/wp-json\/wp\/v2\/media?parent=1080"}],"wp:term":[{"taxonomy":"product_brand","embeddable":true,"href":"https:\/\/www.regionalis.shop\/betondekorationen-stefan\/wp-json\/wp\/v2\/product_brand?post=1080"},{"taxonomy":"product_cat","embeddable":true,"href":"https:\/\/www.regionalis.shop\/betondekorationen-stefan\/wp-json\/wp\/v2\/product_cat?post=1080"},{"taxonomy":"product_tag","embeddable":true,"href":"https:\/\/www.regionalis.shop\/betondekorationen-stefan\/wp-json\/wp\/v2\/product_tag?post=1080"}],"curies":[{"name":"wp","href":"https:\/\/api.w.org\/{rel}","templated":true}]}}