{"id":1085,"date":"2025-04-18T02:58:19","date_gmt":"2025-04-18T00:58:19","guid":{"rendered":"https:\/\/www.regionalis.shop\/betondekorationen-stefan\/product\/raeucherstaebchen-schale\/"},"modified":"2025-04-18T02:58:19","modified_gmt":"2025-04-18T00:58:19","slug":"raeucherstaebchen-schale","status":"publish","type":"product","link":"https:\/\/www.regionalis.shop\/betondekorationen-stefan\/shop\/raeucherstaebchen-schale\/","title":{"rendered":"R\u00e4ucherst\u00e4bchen Schale"},"content":{"rendered":"<p>Die R\u00e4ucherst\u00e4bchen Schale ist mit wei\u00dfem Marmor- und Quarzsand betoniert.<\/p>\n<p>Die Schale ist 25 cm lang, 5 cm breit und 3 cm hoch.<\/p>\n<p>Auf der Oberseite der Schale ist ein Zen Symbol eingelassen.<\/p>\n<p>Die Schale ist auf Wunsch individuell in Natur wei\u00df, grau &#8211; patiniert oder in vielen<\/p>\n<p>verschiedenen trendigen Farben erh\u00e4ltlich.<\/p>\n<p>R\u00e4ucherst\u00e4bchen auf Wunsch dazu bestellbar<\/p>\n","protected":false},"excerpt":{"rendered":"<p>Die R\u00e4ucherst\u00e4bchen Schale ist mit wei\u00dfem Marmor- und Quarzsand betoniert. Die Schale ist 25 cm lang, 5 cm breit und 3 cm hoch. Auf der Oberseite der Schale ist ein Zen Symbol eingelassen. Die Schale ist auf Wunsch individuell in Natur wei\u00df, grau &#8211; patiniert oder in vielen verschiedenen trendigen Farben erh\u00e4ltlich. R\u00e4ucherst\u00e4bchen auf Wunsch &hellip; <a href=\"https:\/\/www.regionalis.shop\/betondekorationen-stefan\/shop\/raeucherstaebchen-schale\/\">Continued<\/a><\/p>\n","protected":false},"featured_media":1086,"template":"","meta":{"_acf_changed":false},"product_brand":[],"product_cat":[174,103],"product_tag":[],"class_list":{"0":"post-1085","1":"product","2":"type-product","3":"status-publish","4":"has-post-thumbnail","6":"product_cat-wohndekoration","7":"product_cat-wohnen-deko","9":"first","10":"instock","11":"purchasable","12":"product-type-simple"},"acf":[],"_links":{"self":[{"href":"https:\/\/www.regionalis.shop\/betondekorationen-stefan\/wp-json\/wp\/v2\/product\/1085","targetHints":{"allow":["GET"]}}],"collection":[{"href":"https:\/\/www.regionalis.shop\/betondekorationen-stefan\/wp-json\/wp\/v2\/product"}],"about":[{"href":"https:\/\/www.regionalis.shop\/betondekorationen-stefan\/wp-json\/wp\/v2\/types\/product"}],"wp:featuredmedia":[{"embeddable":true,"href":"https:\/\/www.regionalis.shop\/betondekorationen-stefan\/wp-json\/wp\/v2\/media\/1086"}],"wp:attachment":[{"href":"https:\/\/www.regionalis.shop\/betondekorationen-stefan\/wp-json\/wp\/v2\/media?parent=1085"}],"wp:term":[{"taxonomy":"product_brand","embeddable":true,"href":"https:\/\/www.regionalis.shop\/betondekorationen-stefan\/wp-json\/wp\/v2\/product_brand?post=1085"},{"taxonomy":"product_cat","embeddable":true,"href":"https:\/\/www.regionalis.shop\/betondekorationen-stefan\/wp-json\/wp\/v2\/product_cat?post=1085"},{"taxonomy":"product_tag","embeddable":true,"href":"https:\/\/www.regionalis.shop\/betondekorationen-stefan\/wp-json\/wp\/v2\/product_tag?post=1085"}],"curies":[{"name":"wp","href":"https:\/\/api.w.org\/{rel}","templated":true}]}}