{"id":1090,"date":"2025-04-18T02:58:19","date_gmt":"2025-04-18T00:58:19","guid":{"rendered":"https:\/\/www.regionalis.shop\/betondekorationen-stefan\/product\/betondeko-kerzenstaender\/"},"modified":"2025-04-18T02:58:19","modified_gmt":"2025-04-18T00:58:19","slug":"betondeko-kerzenstaender","status":"publish","type":"product","link":"https:\/\/www.regionalis.shop\/betondekorationen-stefan\/shop\/betondeko-kerzenstaender\/","title":{"rendered":"Betondeko Kerzenst\u00e4nder"},"content":{"rendered":"<p>Der Kerzenst\u00e4nder ist mit Feinem Quarz- und Marmorsand gefertigt.<\/p>\n<p>Der Kerzenst\u00e4nder hat einen Durchmesser von 9 cm und eine H\u00f6he von 5,5 cm<\/p>\n<p>Die Kerzenhalterung ist aus Kupferrohr und in den St\u00e4nder fix einbetoniert.<\/p>\n<p>Der Kerzenst\u00e4nder sind auf Wunsch in natur in grau oder wei\u00df oder auf Vintage patiniert.<\/p>\n<p>Die Kerze ist im Preis inklusive.<\/p>\n","protected":false},"excerpt":{"rendered":"<p>Der Kerzenst\u00e4nder ist mit Feinem Quarz- und Marmorsand gefertigt. Der Kerzenst\u00e4nder hat einen Durchmesser von 9 cm und eine H\u00f6he von 5,5 cm Die Kerzenhalterung ist aus Kupferrohr und in den St\u00e4nder fix einbetoniert. Der Kerzenst\u00e4nder sind auf Wunsch in natur in grau oder wei\u00df oder auf Vintage patiniert. Die Kerze ist im Preis inklusive.<\/p>\n","protected":false},"featured_media":1091,"template":"","meta":{"_acf_changed":false},"product_brand":[],"product_cat":[151,103],"product_tag":[],"class_list":{"0":"post-1090","1":"product","2":"type-product","3":"status-publish","4":"has-post-thumbnail","6":"product_cat-kerzen-kerzenstaender","7":"product_cat-wohnen-deko","9":"first","10":"instock","11":"purchasable","12":"product-type-simple"},"acf":[],"_links":{"self":[{"href":"https:\/\/www.regionalis.shop\/betondekorationen-stefan\/wp-json\/wp\/v2\/product\/1090","targetHints":{"allow":["GET"]}}],"collection":[{"href":"https:\/\/www.regionalis.shop\/betondekorationen-stefan\/wp-json\/wp\/v2\/product"}],"about":[{"href":"https:\/\/www.regionalis.shop\/betondekorationen-stefan\/wp-json\/wp\/v2\/types\/product"}],"wp:featuredmedia":[{"embeddable":true,"href":"https:\/\/www.regionalis.shop\/betondekorationen-stefan\/wp-json\/wp\/v2\/media\/1091"}],"wp:attachment":[{"href":"https:\/\/www.regionalis.shop\/betondekorationen-stefan\/wp-json\/wp\/v2\/media?parent=1090"}],"wp:term":[{"taxonomy":"product_brand","embeddable":true,"href":"https:\/\/www.regionalis.shop\/betondekorationen-stefan\/wp-json\/wp\/v2\/product_brand?post=1090"},{"taxonomy":"product_cat","embeddable":true,"href":"https:\/\/www.regionalis.shop\/betondekorationen-stefan\/wp-json\/wp\/v2\/product_cat?post=1090"},{"taxonomy":"product_tag","embeddable":true,"href":"https:\/\/www.regionalis.shop\/betondekorationen-stefan\/wp-json\/wp\/v2\/product_tag?post=1090"}],"curies":[{"name":"wp","href":"https:\/\/api.w.org\/{rel}","templated":true}]}}