{"id":1103,"date":"2025-04-18T02:46:31","date_gmt":"2025-04-18T00:46:31","guid":{"rendered":"https:\/\/www.regionalis.shop\/betondekorationen-stefan\/product\/bepflanzbare-betondekoplatten\/"},"modified":"2025-04-18T02:46:31","modified_gmt":"2025-04-18T00:46:31","slug":"bepflanzbare-betondekoplatten","status":"publish","type":"product","link":"https:\/\/www.regionalis.shop\/betondekorationen-stefan\/shop\/bepflanzbare-betondekoplatten\/","title":{"rendered":"Bepflanzbare Betondekoplatten"},"content":{"rendered":"<p>Die Dekoplatten sind mit feinem Quarzsand gefertigt, und farblich in weiss, grau oder beige erh\u00e4ltlich.    Die Dekoplatten sind mit Tont\u00f6pfen  zum direkt anpflanzen ausgestattet. Diese k\u00f6nnen auf Wunsch auch mit anderen Keramikt\u00f6pfen gemacht werden.<br \/>\nDurch seine moderne Beton-Optik ist es ein toller Blickfang f\u00fcr jedes Zuhause, Um sich selbst eine Freude zu machen, oder als eine h\u00fcbsche Geschenkidee.<br \/>\nDie Platten sind 22 cm breit, 28 cm hoch und 3 cm dick, und auch mit verschiedensten Arten von Schn\u00fcren machbar.<\/p>\n","protected":false},"excerpt":{"rendered":"<p>Die Dekoplatten sind mit feinem Quarzsand gefertigt, und farblich in weiss, grau oder beige erh\u00e4ltlich. Die Dekoplatten sind mit Tont\u00f6pfen zum direkt anpflanzen ausgestattet. Diese k\u00f6nnen auf Wunsch auch mit anderen Keramikt\u00f6pfen gemacht werden. Durch seine moderne Beton-Optik ist es ein toller Blickfang f\u00fcr jedes Zuhause, Um sich selbst eine Freude zu machen, oder als &hellip; <a href=\"https:\/\/www.regionalis.shop\/betondekorationen-stefan\/shop\/bepflanzbare-betondekoplatten\/\">Continued<\/a><\/p>\n","protected":false},"featured_media":1104,"template":"","meta":{"_acf_changed":false},"product_brand":[],"product_cat":[132,103],"product_tag":[],"class_list":{"0":"post-1103","1":"product","2":"type-product","3":"status-publish","4":"has-post-thumbnail","6":"product_cat-garten-terrasse","7":"product_cat-wohnen-deko","9":"first","10":"instock","11":"purchasable","12":"product-type-simple"},"acf":[],"_links":{"self":[{"href":"https:\/\/www.regionalis.shop\/betondekorationen-stefan\/wp-json\/wp\/v2\/product\/1103","targetHints":{"allow":["GET"]}}],"collection":[{"href":"https:\/\/www.regionalis.shop\/betondekorationen-stefan\/wp-json\/wp\/v2\/product"}],"about":[{"href":"https:\/\/www.regionalis.shop\/betondekorationen-stefan\/wp-json\/wp\/v2\/types\/product"}],"wp:featuredmedia":[{"embeddable":true,"href":"https:\/\/www.regionalis.shop\/betondekorationen-stefan\/wp-json\/wp\/v2\/media\/1104"}],"wp:attachment":[{"href":"https:\/\/www.regionalis.shop\/betondekorationen-stefan\/wp-json\/wp\/v2\/media?parent=1103"}],"wp:term":[{"taxonomy":"product_brand","embeddable":true,"href":"https:\/\/www.regionalis.shop\/betondekorationen-stefan\/wp-json\/wp\/v2\/product_brand?post=1103"},{"taxonomy":"product_cat","embeddable":true,"href":"https:\/\/www.regionalis.shop\/betondekorationen-stefan\/wp-json\/wp\/v2\/product_cat?post=1103"},{"taxonomy":"product_tag","embeddable":true,"href":"https:\/\/www.regionalis.shop\/betondekorationen-stefan\/wp-json\/wp\/v2\/product_tag?post=1103"}],"curies":[{"name":"wp","href":"https:\/\/api.w.org\/{rel}","templated":true}]}}