{"id":1108,"date":"2025-04-18T01:35:56","date_gmt":"2025-04-17T23:35:56","guid":{"rendered":"https:\/\/www.regionalis.shop\/betondekorationen-stefan\/product\/abstraktes-doppelherz-aus-beton\/"},"modified":"2025-04-18T01:35:56","modified_gmt":"2025-04-17T23:35:56","slug":"abstraktes-doppelherz-aus-beton","status":"publish","type":"product","link":"https:\/\/www.regionalis.shop\/betondekorationen-stefan\/shop\/abstraktes-doppelherz-aus-beton\/","title":{"rendered":"Abstraktes Doppelherz aus Beton"},"content":{"rendered":"<p>Abstraktes Doppelherz aus Beton<\/p>\n<p>Sie m\u00f6chten den Garten, Terrasse und den gesamten Au\u00dfenbereich oder ihr Wohnzimmer so dekorieren, dass Sie eine gem\u00fctliche Atmosph\u00e4re schaffen? Gartendeko aus Beton geh\u00f6rt zu den kreativsten Gartengestaltungen, ist modern und sieht sehr trendy und dekorativ aus. Das Abstrakte Doppelherz wird auf Wunsch aus Estrichbeton in grau oder mit Quarz- und Mamorsand in wei\u00df gefertigt.<br \/>\nDas Herz hat eine Gr\u00f6\u00dfe von 30 x 29 cm und einer St\u00e4rke von 5 cm.<\/p>\n","protected":false},"excerpt":{"rendered":"<p>Abstraktes Doppelherz aus Beton Sie m\u00f6chten den Garten, Terrasse und den gesamten Au\u00dfenbereich oder ihr Wohnzimmer so dekorieren, dass Sie eine gem\u00fctliche Atmosph\u00e4re schaffen? Gartendeko aus Beton geh\u00f6rt zu den kreativsten Gartengestaltungen, ist modern und sieht sehr trendy und dekorativ aus. Das Abstrakte Doppelherz wird auf Wunsch aus Estrichbeton in grau oder mit Quarz- und &hellip; <a href=\"https:\/\/www.regionalis.shop\/betondekorationen-stefan\/shop\/abstraktes-doppelherz-aus-beton\/\">Continued<\/a><\/p>\n","protected":false},"featured_media":1109,"template":"","meta":{"_acf_changed":false},"product_brand":[],"product_cat":[132,103],"product_tag":[],"class_list":{"0":"post-1108","1":"product","2":"type-product","3":"status-publish","4":"has-post-thumbnail","6":"product_cat-garten-terrasse","7":"product_cat-wohnen-deko","9":"first","10":"instock","11":"purchasable","12":"product-type-simple"},"acf":[],"_links":{"self":[{"href":"https:\/\/www.regionalis.shop\/betondekorationen-stefan\/wp-json\/wp\/v2\/product\/1108","targetHints":{"allow":["GET"]}}],"collection":[{"href":"https:\/\/www.regionalis.shop\/betondekorationen-stefan\/wp-json\/wp\/v2\/product"}],"about":[{"href":"https:\/\/www.regionalis.shop\/betondekorationen-stefan\/wp-json\/wp\/v2\/types\/product"}],"wp:featuredmedia":[{"embeddable":true,"href":"https:\/\/www.regionalis.shop\/betondekorationen-stefan\/wp-json\/wp\/v2\/media\/1109"}],"wp:attachment":[{"href":"https:\/\/www.regionalis.shop\/betondekorationen-stefan\/wp-json\/wp\/v2\/media?parent=1108"}],"wp:term":[{"taxonomy":"product_brand","embeddable":true,"href":"https:\/\/www.regionalis.shop\/betondekorationen-stefan\/wp-json\/wp\/v2\/product_brand?post=1108"},{"taxonomy":"product_cat","embeddable":true,"href":"https:\/\/www.regionalis.shop\/betondekorationen-stefan\/wp-json\/wp\/v2\/product_cat?post=1108"},{"taxonomy":"product_tag","embeddable":true,"href":"https:\/\/www.regionalis.shop\/betondekorationen-stefan\/wp-json\/wp\/v2\/product_tag?post=1108"}],"curies":[{"name":"wp","href":"https:\/\/api.w.org\/{rel}","templated":true}]}}