{"id":1110,"date":"2025-04-18T01:35:56","date_gmt":"2025-04-17T23:35:56","guid":{"rendered":"https:\/\/www.regionalis.shop\/betondekorationen-stefan\/product\/windlichtsaeulen-aus-beton-3-teilig\/"},"modified":"2025-04-18T01:35:56","modified_gmt":"2025-04-17T23:35:56","slug":"windlichtsaeulen-aus-beton-3-teilig","status":"publish","type":"product","link":"https:\/\/www.regionalis.shop\/betondekorationen-stefan\/shop\/windlichtsaeulen-aus-beton-3-teilig\/","title":{"rendered":"Windlichts\u00e4ulen aus Beton 3 teilig"},"content":{"rendered":"<p>Windlichts\u00e4ulen aus Beton 3 teilig<\/p>\n<p>Sie m\u00f6chten den Garten, Terrasse und den gesamten Au\u00dfenbereich oder ihr Wohnzimmer so dekorieren, dass Sie eine gem\u00fctliche Atmosph\u00e4re schaffen? Gartendeko aus Beton geh\u00f6rt zu den kreativsten Gartengestaltungen, ist modern und sieht sehr trendy und dekorativ aus. Die Windlichts\u00e4ulen sind der Blickfang auf jeder Terrasse oder im Garten. Die S\u00e4ulen sind mit Flaschen-Upcycling installiert und mit Kerze geliefert. Diese werden auf Wunsch aus Estrichbeton in grau oder mit Quarz und Marmorsand in wei\u00df gefertigt. Die S\u00e4ulen sind individuell zusammenstellbar.<br \/>\nDie S\u00e4ulen haben die Ma\u00dfe 10&#215;10 cm und eine H\u00f6he 30, 40 oder 50 cm.<\/p>\n","protected":false},"excerpt":{"rendered":"<p>Windlichts\u00e4ulen aus Beton 3 teilig Sie m\u00f6chten den Garten, Terrasse und den gesamten Au\u00dfenbereich oder ihr Wohnzimmer so dekorieren, dass Sie eine gem\u00fctliche Atmosph\u00e4re schaffen? Gartendeko aus Beton geh\u00f6rt zu den kreativsten Gartengestaltungen, ist modern und sieht sehr trendy und dekorativ aus. Die Windlichts\u00e4ulen sind der Blickfang auf jeder Terrasse oder im Garten. Die S\u00e4ulen &hellip; <a href=\"https:\/\/www.regionalis.shop\/betondekorationen-stefan\/shop\/windlichtsaeulen-aus-beton-3-teilig\/\">Continued<\/a><\/p>\n","protected":false},"featured_media":1111,"template":"","meta":{"_acf_changed":false},"product_brand":[],"product_cat":[132,103],"product_tag":[],"class_list":{"0":"post-1110","1":"product","2":"type-product","3":"status-publish","4":"has-post-thumbnail","6":"product_cat-garten-terrasse","7":"product_cat-wohnen-deko","9":"first","10":"instock","11":"purchasable","12":"product-type-simple"},"acf":[],"_links":{"self":[{"href":"https:\/\/www.regionalis.shop\/betondekorationen-stefan\/wp-json\/wp\/v2\/product\/1110","targetHints":{"allow":["GET"]}}],"collection":[{"href":"https:\/\/www.regionalis.shop\/betondekorationen-stefan\/wp-json\/wp\/v2\/product"}],"about":[{"href":"https:\/\/www.regionalis.shop\/betondekorationen-stefan\/wp-json\/wp\/v2\/types\/product"}],"wp:featuredmedia":[{"embeddable":true,"href":"https:\/\/www.regionalis.shop\/betondekorationen-stefan\/wp-json\/wp\/v2\/media\/1111"}],"wp:attachment":[{"href":"https:\/\/www.regionalis.shop\/betondekorationen-stefan\/wp-json\/wp\/v2\/media?parent=1110"}],"wp:term":[{"taxonomy":"product_brand","embeddable":true,"href":"https:\/\/www.regionalis.shop\/betondekorationen-stefan\/wp-json\/wp\/v2\/product_brand?post=1110"},{"taxonomy":"product_cat","embeddable":true,"href":"https:\/\/www.regionalis.shop\/betondekorationen-stefan\/wp-json\/wp\/v2\/product_cat?post=1110"},{"taxonomy":"product_tag","embeddable":true,"href":"https:\/\/www.regionalis.shop\/betondekorationen-stefan\/wp-json\/wp\/v2\/product_tag?post=1110"}],"curies":[{"name":"wp","href":"https:\/\/api.w.org\/{rel}","templated":true}]}}