{"id":1113,"date":"2025-04-18T01:35:56","date_gmt":"2025-04-17T23:35:56","guid":{"rendered":"https:\/\/www.regionalis.shop\/betondekorationen-stefan\/product\/herzteelicht-aus-beton\/"},"modified":"2025-04-18T01:35:56","modified_gmt":"2025-04-17T23:35:56","slug":"herzteelicht-aus-beton","status":"publish","type":"product","link":"https:\/\/www.regionalis.shop\/betondekorationen-stefan\/shop\/herzteelicht-aus-beton\/","title":{"rendered":"Herzteelicht aus Beton"},"content":{"rendered":"<p>Herzteelicht aus Beton<\/p>\n<p>Sie m\u00f6chten den Garten, Terrasse und den gesamten Au\u00dfenbereich oder ihr Wohnzimmer so dekorieren, dass Sie eine gem\u00fctliche Atmosph\u00e4re schaffen? Gartendeko aus Beton geh\u00f6rt zu den kreativsten Gartengestaltungen, und sieht sehr trendy und dekorativ aus. Mit einem passenden Kerze ist das Herz auch in den Abendstunden sehr sch\u00f6n anzuschauen und sorgt f\u00fcr eine romantische Stimmung.<br \/>\nDas Herzteelicht wird auf Wunsch aus Estrichbeton in grau oder mit Quarz- und Mamorsand in wei\u00df gefertigt.<br \/>\nDas Herz hat eine Gr\u00f6\u00dfe von 20 x 26 cm und einer St\u00e4rke von 5 cm.<\/p>\n","protected":false},"excerpt":{"rendered":"<p>Herzteelicht aus Beton Sie m\u00f6chten den Garten, Terrasse und den gesamten Au\u00dfenbereich oder ihr Wohnzimmer so dekorieren, dass Sie eine gem\u00fctliche Atmosph\u00e4re schaffen? Gartendeko aus Beton geh\u00f6rt zu den kreativsten Gartengestaltungen, und sieht sehr trendy und dekorativ aus. Mit einem passenden Kerze ist das Herz auch in den Abendstunden sehr sch\u00f6n anzuschauen und sorgt f\u00fcr &hellip; <a href=\"https:\/\/www.regionalis.shop\/betondekorationen-stefan\/shop\/herzteelicht-aus-beton\/\">Continued<\/a><\/p>\n","protected":false},"featured_media":1114,"template":"","meta":{"_acf_changed":false},"product_brand":[],"product_cat":[132,103],"product_tag":[],"class_list":{"0":"post-1113","1":"product","2":"type-product","3":"status-publish","4":"has-post-thumbnail","6":"product_cat-garten-terrasse","7":"product_cat-wohnen-deko","9":"first","10":"instock","11":"purchasable","12":"product-type-simple"},"acf":[],"_links":{"self":[{"href":"https:\/\/www.regionalis.shop\/betondekorationen-stefan\/wp-json\/wp\/v2\/product\/1113","targetHints":{"allow":["GET"]}}],"collection":[{"href":"https:\/\/www.regionalis.shop\/betondekorationen-stefan\/wp-json\/wp\/v2\/product"}],"about":[{"href":"https:\/\/www.regionalis.shop\/betondekorationen-stefan\/wp-json\/wp\/v2\/types\/product"}],"wp:featuredmedia":[{"embeddable":true,"href":"https:\/\/www.regionalis.shop\/betondekorationen-stefan\/wp-json\/wp\/v2\/media\/1114"}],"wp:attachment":[{"href":"https:\/\/www.regionalis.shop\/betondekorationen-stefan\/wp-json\/wp\/v2\/media?parent=1113"}],"wp:term":[{"taxonomy":"product_brand","embeddable":true,"href":"https:\/\/www.regionalis.shop\/betondekorationen-stefan\/wp-json\/wp\/v2\/product_brand?post=1113"},{"taxonomy":"product_cat","embeddable":true,"href":"https:\/\/www.regionalis.shop\/betondekorationen-stefan\/wp-json\/wp\/v2\/product_cat?post=1113"},{"taxonomy":"product_tag","embeddable":true,"href":"https:\/\/www.regionalis.shop\/betondekorationen-stefan\/wp-json\/wp\/v2\/product_tag?post=1113"}],"curies":[{"name":"wp","href":"https:\/\/api.w.org\/{rel}","templated":true}]}}