{"id":1131,"date":"2025-04-18T01:03:06","date_gmt":"2025-04-17T23:03:06","guid":{"rendered":"https:\/\/www.regionalis.shop\/betondekorationen-stefan\/product\/beton-vase\/"},"modified":"2025-04-18T01:03:06","modified_gmt":"2025-04-17T23:03:06","slug":"beton-vase","status":"publish","type":"product","link":"https:\/\/www.regionalis.shop\/betondekorationen-stefan\/shop\/beton-vase\/","title":{"rendered":"Beton Vase"},"content":{"rendered":"<p>Beton Vase<br \/>\nDie Vase ist mit wei\u00dfem Marmor- und feinem Quarzsand gefertigt.<br \/>\nDiese Betonvase fasst sich nicht nur wunderbar glatt an, sondern bringt die Blumen in ihr zum Leuchten. Egal ob trendige Trockenblumen, wie man sie zur Zeit \u00fcberall in den Dekogesch\u00e4ften findet, oder frisch gepfl\u00fcckte \u2013 auf dem Fr\u00fchst\u00fcckstisch oder als Geschenk f\u00fcr die Liebsten: Sie setzt Blumen \u00fcberall gekonnt in Szene. Sie ist auch als Weink\u00fchler einsetzbar.<br \/>\nDie Vase ist auch auf Wunsch entweder in natur oder bemalt erh\u00e4ltlich.<br \/>\nDie Vase ist ca. 30 cm hoch und hat oben einen 15 cm und unten einen 10 cm Durchmesser<\/p>\n","protected":false},"excerpt":{"rendered":"<p>Beton Vase Die Vase ist mit wei\u00dfem Marmor- und feinem Quarzsand gefertigt. Diese Betonvase fasst sich nicht nur wunderbar glatt an, sondern bringt die Blumen in ihr zum Leuchten. Egal ob trendige Trockenblumen, wie man sie zur Zeit \u00fcberall in den Dekogesch\u00e4ften findet, oder frisch gepfl\u00fcckte \u2013 auf dem Fr\u00fchst\u00fcckstisch oder als Geschenk f\u00fcr die &hellip; <a href=\"https:\/\/www.regionalis.shop\/betondekorationen-stefan\/shop\/beton-vase\/\">Continued<\/a><\/p>\n","protected":false},"featured_media":1132,"template":"","meta":{"_acf_changed":false},"product_brand":[],"product_cat":[174,103],"product_tag":[],"class_list":{"0":"post-1131","1":"product","2":"type-product","3":"status-publish","4":"has-post-thumbnail","6":"product_cat-wohndekoration","7":"product_cat-wohnen-deko","9":"first","10":"instock","11":"purchasable","12":"product-type-simple"},"acf":[],"_links":{"self":[{"href":"https:\/\/www.regionalis.shop\/betondekorationen-stefan\/wp-json\/wp\/v2\/product\/1131","targetHints":{"allow":["GET"]}}],"collection":[{"href":"https:\/\/www.regionalis.shop\/betondekorationen-stefan\/wp-json\/wp\/v2\/product"}],"about":[{"href":"https:\/\/www.regionalis.shop\/betondekorationen-stefan\/wp-json\/wp\/v2\/types\/product"}],"wp:featuredmedia":[{"embeddable":true,"href":"https:\/\/www.regionalis.shop\/betondekorationen-stefan\/wp-json\/wp\/v2\/media\/1132"}],"wp:attachment":[{"href":"https:\/\/www.regionalis.shop\/betondekorationen-stefan\/wp-json\/wp\/v2\/media?parent=1131"}],"wp:term":[{"taxonomy":"product_brand","embeddable":true,"href":"https:\/\/www.regionalis.shop\/betondekorationen-stefan\/wp-json\/wp\/v2\/product_brand?post=1131"},{"taxonomy":"product_cat","embeddable":true,"href":"https:\/\/www.regionalis.shop\/betondekorationen-stefan\/wp-json\/wp\/v2\/product_cat?post=1131"},{"taxonomy":"product_tag","embeddable":true,"href":"https:\/\/www.regionalis.shop\/betondekorationen-stefan\/wp-json\/wp\/v2\/product_tag?post=1131"}],"curies":[{"name":"wp","href":"https:\/\/api.w.org\/{rel}","templated":true}]}}