{"id":1146,"date":"2025-04-18T00:52:49","date_gmt":"2025-04-17T22:52:49","guid":{"rendered":"https:\/\/www.regionalis.shop\/betondekorationen-stefan\/product\/deko-teelichtherz-aus-beton\/"},"modified":"2025-04-18T00:52:49","modified_gmt":"2025-04-17T22:52:49","slug":"deko-teelichtherz-aus-beton","status":"publish","type":"product","link":"https:\/\/www.regionalis.shop\/betondekorationen-stefan\/shop\/deko-teelichtherz-aus-beton\/","title":{"rendered":"Deko Teelichtherz aus Beton"},"content":{"rendered":"<p>Das aus feinem Marmorsand gefertigte Beton Teelichtherz als Tischdekoration geeignet,<br \/>\nDas Beton Teelichtherz in der Gr\u00f6\u00dfe ca. 25 x 23 cm und 2,5 cm H\u00f6he sieht sehr trendy und dekorativ aus, und ob im Schlaf- oder Wohnzimmer oder der K\u00fcche: dieses zauberhaften Dekoherzen ist genau das richtige und sorgt f\u00fcr ein romantisches Ambiente. Egal ob im Sommer oder im Winter, ob Sie eher l\u00e4ndlich oder modern eingerichtet haben, dieses sch\u00f6ne Dekoherzpassen zu jeder Jahreszeit in jede Wohnung.<br \/>\nKerzen sind inklusive.<\/p>\n","protected":false},"excerpt":{"rendered":"<p>Das aus feinem Marmorsand gefertigte Beton Teelichtherz als Tischdekoration geeignet, Das Beton Teelichtherz in der Gr\u00f6\u00dfe ca. 25 x 23 cm und 2,5 cm H\u00f6he sieht sehr trendy und dekorativ aus, und ob im Schlaf- oder Wohnzimmer oder der K\u00fcche: dieses zauberhaften Dekoherzen ist genau das richtige und sorgt f\u00fcr ein romantisches Ambiente. Egal ob &hellip; <a href=\"https:\/\/www.regionalis.shop\/betondekorationen-stefan\/shop\/deko-teelichtherz-aus-beton\/\">Continued<\/a><\/p>\n","protected":false},"featured_media":1147,"template":"","meta":{"_acf_changed":false},"product_brand":[],"product_cat":[174,103],"product_tag":[],"class_list":{"0":"post-1146","1":"product","2":"type-product","3":"status-publish","4":"has-post-thumbnail","6":"product_cat-wohndekoration","7":"product_cat-wohnen-deko","9":"first","10":"instock","11":"purchasable","12":"product-type-simple"},"acf":[],"_links":{"self":[{"href":"https:\/\/www.regionalis.shop\/betondekorationen-stefan\/wp-json\/wp\/v2\/product\/1146","targetHints":{"allow":["GET"]}}],"collection":[{"href":"https:\/\/www.regionalis.shop\/betondekorationen-stefan\/wp-json\/wp\/v2\/product"}],"about":[{"href":"https:\/\/www.regionalis.shop\/betondekorationen-stefan\/wp-json\/wp\/v2\/types\/product"}],"wp:featuredmedia":[{"embeddable":true,"href":"https:\/\/www.regionalis.shop\/betondekorationen-stefan\/wp-json\/wp\/v2\/media\/1147"}],"wp:attachment":[{"href":"https:\/\/www.regionalis.shop\/betondekorationen-stefan\/wp-json\/wp\/v2\/media?parent=1146"}],"wp:term":[{"taxonomy":"product_brand","embeddable":true,"href":"https:\/\/www.regionalis.shop\/betondekorationen-stefan\/wp-json\/wp\/v2\/product_brand?post=1146"},{"taxonomy":"product_cat","embeddable":true,"href":"https:\/\/www.regionalis.shop\/betondekorationen-stefan\/wp-json\/wp\/v2\/product_cat?post=1146"},{"taxonomy":"product_tag","embeddable":true,"href":"https:\/\/www.regionalis.shop\/betondekorationen-stefan\/wp-json\/wp\/v2\/product_tag?post=1146"}],"curies":[{"name":"wp","href":"https:\/\/api.w.org\/{rel}","templated":true}]}}