{"id":1153,"date":"2025-04-18T00:52:49","date_gmt":"2025-04-17T22:52:49","guid":{"rendered":"https:\/\/www.regionalis.shop\/betondekorationen-stefan\/product\/beton-deko-vase\/"},"modified":"2025-04-18T00:52:49","modified_gmt":"2025-04-17T22:52:49","slug":"beton-deko-vase","status":"publish","type":"product","link":"https:\/\/www.regionalis.shop\/betondekorationen-stefan\/shop\/beton-deko-vase\/","title":{"rendered":"Beton Deko Vase"},"content":{"rendered":"<p>Betonvase in Facettenoptik gefertig mit Quarzsand.<br \/>\nDie Betonvase ist wasserdicht und kann auch mit frischen Blume dekoriert<br \/>\nwerden. Die Vase ist auch f\u00fcr Trockenblumen sowie als Bleistiftbeh\u00e4lter auf<br \/>\njedem Scheibtisch einsetzbar.<br \/>\nDekogegenst\u00e4nde aus Beton erfreuen sich immer mehr an Beliebtheit.<br \/>\nDie Dekoelemente sind im nat\u00fcrlichen Betonlook in Wei\u00df, Grau und Beige oder<br \/>\nin modernen effektvollen Farbt\u00f6nen erh\u00e4ltlich.<br \/>\nDie Abmessungen vom sind 7 cm Durchmesser und einer H\u00f6he von 10 cm.<\/p>\n","protected":false},"excerpt":{"rendered":"<p>Betonvase in Facettenoptik gefertig mit Quarzsand. Die Betonvase ist wasserdicht und kann auch mit frischen Blume dekoriert werden. Die Vase ist auch f\u00fcr Trockenblumen sowie als Bleistiftbeh\u00e4lter auf jedem Scheibtisch einsetzbar. Dekogegenst\u00e4nde aus Beton erfreuen sich immer mehr an Beliebtheit. Die Dekoelemente sind im nat\u00fcrlichen Betonlook in Wei\u00df, Grau und Beige oder in modernen effektvollen &hellip; <a href=\"https:\/\/www.regionalis.shop\/betondekorationen-stefan\/shop\/beton-deko-vase\/\">Continued<\/a><\/p>\n","protected":false},"featured_media":1154,"template":"","meta":{"_acf_changed":false},"product_brand":[],"product_cat":[174,103],"product_tag":[],"class_list":{"0":"post-1153","1":"product","2":"type-product","3":"status-publish","4":"has-post-thumbnail","6":"product_cat-wohndekoration","7":"product_cat-wohnen-deko","9":"first","10":"instock","11":"purchasable","12":"product-type-simple"},"acf":[],"_links":{"self":[{"href":"https:\/\/www.regionalis.shop\/betondekorationen-stefan\/wp-json\/wp\/v2\/product\/1153","targetHints":{"allow":["GET"]}}],"collection":[{"href":"https:\/\/www.regionalis.shop\/betondekorationen-stefan\/wp-json\/wp\/v2\/product"}],"about":[{"href":"https:\/\/www.regionalis.shop\/betondekorationen-stefan\/wp-json\/wp\/v2\/types\/product"}],"wp:featuredmedia":[{"embeddable":true,"href":"https:\/\/www.regionalis.shop\/betondekorationen-stefan\/wp-json\/wp\/v2\/media\/1154"}],"wp:attachment":[{"href":"https:\/\/www.regionalis.shop\/betondekorationen-stefan\/wp-json\/wp\/v2\/media?parent=1153"}],"wp:term":[{"taxonomy":"product_brand","embeddable":true,"href":"https:\/\/www.regionalis.shop\/betondekorationen-stefan\/wp-json\/wp\/v2\/product_brand?post=1153"},{"taxonomy":"product_cat","embeddable":true,"href":"https:\/\/www.regionalis.shop\/betondekorationen-stefan\/wp-json\/wp\/v2\/product_cat?post=1153"},{"taxonomy":"product_tag","embeddable":true,"href":"https:\/\/www.regionalis.shop\/betondekorationen-stefan\/wp-json\/wp\/v2\/product_tag?post=1153"}],"curies":[{"name":"wp","href":"https:\/\/api.w.org\/{rel}","templated":true}]}}