{"id":1158,"date":"2025-04-18T00:52:30","date_gmt":"2025-04-17T22:52:30","guid":{"rendered":"https:\/\/www.regionalis.shop\/betondekorationen-stefan\/product\/deko-herzschalen-aus-beton\/"},"modified":"2025-04-18T00:52:30","modified_gmt":"2025-04-17T22:52:30","slug":"deko-herzschalen-aus-beton","status":"publish","type":"product","link":"https:\/\/www.regionalis.shop\/betondekorationen-stefan\/shop\/deko-herzschalen-aus-beton\/","title":{"rendered":"Deko Herzschalen aus Beton"},"content":{"rendered":"<p>Deko Herzschalen aus Beton<\/p>\n<p>Die aus feinem Marmorsand gefertigten Betonschale in Herzform ist Ideal f\u00fcr Ihre Blumen als Tischdekoration geeignet,<br \/>\nund kann auch auch als Grabschmuck verwendet werden.<br \/>\nDie Beton Herzschale in der Gr\u00f6\u00dfe ca. 25 x 23 cm und 7 cm H\u00f6he sieht sehr trendy und dekorativ aus, und ob im Schlaf- oder Wohnzimmer, im Garten oder der K\u00fcche: dieses zauberhaften Dekoherzen ist genau das richtige und sorgt f\u00fcr ein romantisches Ambiente. Egal ob im Sommer oder im Winter, ob Sie eher l\u00e4ndlich oder modern eingerichtet haben, diese sch\u00f6ne Dekofiguren in Herzform passen zu jeder Jahreszeit in jede Wohnung. Jede St\u00fcck ist ein Unikat.<br \/>\nDie Herzschale ist ohne Dekoration.<\/p>\n","protected":false},"excerpt":{"rendered":"<p>Deko Herzschalen aus Beton Die aus feinem Marmorsand gefertigten Betonschale in Herzform ist Ideal f\u00fcr Ihre Blumen als Tischdekoration geeignet, und kann auch auch als Grabschmuck verwendet werden. Die Beton Herzschale in der Gr\u00f6\u00dfe ca. 25 x 23 cm und 7 cm H\u00f6he sieht sehr trendy und dekorativ aus, und ob im Schlaf- oder Wohnzimmer, &hellip; <a href=\"https:\/\/www.regionalis.shop\/betondekorationen-stefan\/shop\/deko-herzschalen-aus-beton\/\">Continued<\/a><\/p>\n","protected":false},"featured_media":1159,"template":"","meta":{"_acf_changed":false},"product_brand":[],"product_cat":[174,103],"product_tag":[],"class_list":{"0":"post-1158","1":"product","2":"type-product","3":"status-publish","4":"has-post-thumbnail","6":"product_cat-wohndekoration","7":"product_cat-wohnen-deko","9":"first","10":"instock","11":"purchasable","12":"product-type-simple"},"acf":[],"_links":{"self":[{"href":"https:\/\/www.regionalis.shop\/betondekorationen-stefan\/wp-json\/wp\/v2\/product\/1158","targetHints":{"allow":["GET"]}}],"collection":[{"href":"https:\/\/www.regionalis.shop\/betondekorationen-stefan\/wp-json\/wp\/v2\/product"}],"about":[{"href":"https:\/\/www.regionalis.shop\/betondekorationen-stefan\/wp-json\/wp\/v2\/types\/product"}],"wp:featuredmedia":[{"embeddable":true,"href":"https:\/\/www.regionalis.shop\/betondekorationen-stefan\/wp-json\/wp\/v2\/media\/1159"}],"wp:attachment":[{"href":"https:\/\/www.regionalis.shop\/betondekorationen-stefan\/wp-json\/wp\/v2\/media?parent=1158"}],"wp:term":[{"taxonomy":"product_brand","embeddable":true,"href":"https:\/\/www.regionalis.shop\/betondekorationen-stefan\/wp-json\/wp\/v2\/product_brand?post=1158"},{"taxonomy":"product_cat","embeddable":true,"href":"https:\/\/www.regionalis.shop\/betondekorationen-stefan\/wp-json\/wp\/v2\/product_cat?post=1158"},{"taxonomy":"product_tag","embeddable":true,"href":"https:\/\/www.regionalis.shop\/betondekorationen-stefan\/wp-json\/wp\/v2\/product_tag?post=1158"}],"curies":[{"name":"wp","href":"https:\/\/api.w.org\/{rel}","templated":true}]}}