{"id":1172,"date":"2025-04-18T00:39:50","date_gmt":"2025-04-17T22:39:50","guid":{"rendered":"https:\/\/www.regionalis.shop\/betondekorationen-stefan\/product\/5er-weinglasbutler-aus-beton\/"},"modified":"2025-04-18T00:39:50","modified_gmt":"2025-04-17T22:39:50","slug":"5er-weinglasbutler-aus-beton","status":"publish","type":"product","link":"https:\/\/www.regionalis.shop\/betondekorationen-stefan\/shop\/5er-weinglasbutler-aus-beton\/","title":{"rendered":"5er Weinglasbutler aus Beton"},"content":{"rendered":"<p>Der aus feinem Marmorsand gefertigte Beton Weinglasbutler macht das Tragen und Servieren von Ihrem Lieblingswein mit Gl\u00e4sern einfach. Er ist geeignet f\u00fcr verschiedene Flaschen und Gr\u00f6\u00dfen von Stielgl\u00e4ser wie Wei\u00df-, Rotwein, Portwein und Schnaps. Der Weinglasbutler ist ein perfektes Geschenk f\u00fcr jeden Anlass, egal ob Geburtstag, Weihnachten oder als Mitbringsel zu jeder Gartenparty. In das mittlere Loch passt jede handels\u00fcbliche Wein- und Schnapsflasche, und in den seitlichen Schlitzen kommen die Gl\u00e4ser rein. Der Weinglasbutler hat eine Sternform und einen Durchmesser von 22 cm und ist f\u00fcr 5 Gl\u00e4ser geeignet. Er ist auch auf Wunsch in verschiedenen Farben erh\u00e4ltlich.<\/p>\n","protected":false},"excerpt":{"rendered":"<p>Der aus feinem Marmorsand gefertigte Beton Weinglasbutler macht das Tragen und Servieren von Ihrem Lieblingswein mit Gl\u00e4sern einfach. Er ist geeignet f\u00fcr verschiedene Flaschen und Gr\u00f6\u00dfen von Stielgl\u00e4ser wie Wei\u00df-, Rotwein, Portwein und Schnaps. Der Weinglasbutler ist ein perfektes Geschenk f\u00fcr jeden Anlass, egal ob Geburtstag, Weihnachten oder als Mitbringsel zu jeder Gartenparty. In das &hellip; <a href=\"https:\/\/www.regionalis.shop\/betondekorationen-stefan\/shop\/5er-weinglasbutler-aus-beton\/\">Continued<\/a><\/p>\n","protected":false},"featured_media":1173,"template":"","meta":{"_acf_changed":false},"product_brand":[],"product_cat":[169,103],"product_tag":[],"class_list":{"0":"post-1172","1":"product","2":"type-product","3":"status-publish","4":"has-post-thumbnail","6":"product_cat-sonstiges-wohnen-deko","7":"product_cat-wohnen-deko","9":"first","10":"instock","11":"purchasable","12":"product-type-simple"},"acf":[],"_links":{"self":[{"href":"https:\/\/www.regionalis.shop\/betondekorationen-stefan\/wp-json\/wp\/v2\/product\/1172","targetHints":{"allow":["GET"]}}],"collection":[{"href":"https:\/\/www.regionalis.shop\/betondekorationen-stefan\/wp-json\/wp\/v2\/product"}],"about":[{"href":"https:\/\/www.regionalis.shop\/betondekorationen-stefan\/wp-json\/wp\/v2\/types\/product"}],"wp:featuredmedia":[{"embeddable":true,"href":"https:\/\/www.regionalis.shop\/betondekorationen-stefan\/wp-json\/wp\/v2\/media\/1173"}],"wp:attachment":[{"href":"https:\/\/www.regionalis.shop\/betondekorationen-stefan\/wp-json\/wp\/v2\/media?parent=1172"}],"wp:term":[{"taxonomy":"product_brand","embeddable":true,"href":"https:\/\/www.regionalis.shop\/betondekorationen-stefan\/wp-json\/wp\/v2\/product_brand?post=1172"},{"taxonomy":"product_cat","embeddable":true,"href":"https:\/\/www.regionalis.shop\/betondekorationen-stefan\/wp-json\/wp\/v2\/product_cat?post=1172"},{"taxonomy":"product_tag","embeddable":true,"href":"https:\/\/www.regionalis.shop\/betondekorationen-stefan\/wp-json\/wp\/v2\/product_tag?post=1172"}],"curies":[{"name":"wp","href":"https:\/\/api.w.org\/{rel}","templated":true}]}}