{"id":862,"date":"2025-05-24T13:44:06","date_gmt":"2025-05-24T11:44:06","guid":{"rendered":"https:\/\/starter.stage.shop-it.at\/?page_id=862"},"modified":"2025-10-23T15:21:37","modified_gmt":"2025-10-23T13:21:37","slug":"startseite","status":"publish","type":"page","link":"https:\/\/www.regionalis.shop\/betonperle\/","title":{"rendered":"Startseite"},"content":{"rendered":"<section>\n    <div class=\"header-title\">\n        <h1 class=\"h2\">Willkommen bei Betonperle<\/h1>\n    <\/div>\n            <h2 class=\"h3\">Handgemacht in Assling<\/h2>\n                <p>Die Betonperle fertigt Dekorationsgegenst\u00e4nde aus Beton an, die dein Zuhause rundum versch\u00f6nern. Brauchst du noch ein Geschenk mit pers\u00f6nlicher Note? Figuren, Schalen, T\u00f6pfe, Vasen uvm. werden aus Beton gegossen und modelliert und mit ein wenig Farbe, individueller Beschriftung oder Zierschmuck zum Blickfang in Wohnung, Balkon oder Garten.<\/p>\n\n    \n    <h3>Produkte<\/h3>\n\n    <div class=\"woocommerce columns-3 \"><ul class=\"products columns-3\">\n<li class=\"product type-product post-1060 status-publish first instock product_cat-wohndekoration product_cat-wohnen-deko has-post-thumbnail purchasable product-type-simple\">\n\t<a href=\"https:\/\/www.regionalis.shop\/betonperle\/shop\/herz-_-flowerheart\/\" class=\"woocommerce-LoopProduct-link woocommerce-loop-product__link\"><div class=\"wc-block-grid__product-image\"><img loading=\"lazy\" decoding=\"async\" width=\"1024\" height=\"1024\" src=\"https:\/\/www.regionalis.shop\/app\/uploads\/sites\/66\/5531_2023_02_23_16_32_58_475078912.jpg\" class=\"attachment-large size-large\" alt=\"Herz _ Flowerheart\" srcset=\"https:\/\/www.regionalis.shop\/app\/uploads\/sites\/66\/5531_2023_02_23_16_32_58_475078912.jpg 1024w, https:\/\/www.regionalis.shop\/app\/uploads\/sites\/66\/5531_2023_02_23_16_32_58_475078912-300x300.jpg 300w, https:\/\/www.regionalis.shop\/app\/uploads\/sites\/66\/5531_2023_02_23_16_32_58_475078912-150x150.jpg 150w, https:\/\/www.regionalis.shop\/app\/uploads\/sites\/66\/5531_2023_02_23_16_32_58_475078912-768x768.jpg 768w, https:\/\/www.regionalis.shop\/app\/uploads\/sites\/66\/5531_2023_02_23_16_32_58_475078912-600x600.jpg 600w, https:\/\/www.regionalis.shop\/app\/uploads\/sites\/66\/5531_2023_02_23_16_32_58_475078912-100x100.jpg 100w\" sizes=\"auto, (max-width: 1024px) 100vw, 1024px\" \/><\/div><h2 class=\"woocommerce-loop-product__title\">Herz _ Flowerheart<\/h2>\n\t<span class=\"price\"><span class=\"woocommerce-Price-amount amount\"><bdi>18,00&nbsp;<span class=\"woocommerce-Price-currencySymbol\">&euro;<\/span><\/bdi><\/span><\/span>\n<\/a><\/li>\n<li class=\"product type-product post-1055 status-publish instock product_cat-garten-terrasse product_cat-wohnen-deko has-post-thumbnail purchasable product-type-simple\">\n\t<a href=\"https:\/\/www.regionalis.shop\/betonperle\/shop\/tischfeuer-fuori\/\" class=\"woocommerce-LoopProduct-link woocommerce-loop-product__link\"><div class=\"wc-block-grid__product-image\"><img loading=\"lazy\" decoding=\"async\" width=\"1024\" height=\"1024\" src=\"https:\/\/www.regionalis.shop\/app\/uploads\/sites\/66\/5531_2023_02_23_16_22_45_864462147.jpg\" class=\"attachment-large size-large\" alt=\"Tischfeuer - Fuori\" srcset=\"https:\/\/www.regionalis.shop\/app\/uploads\/sites\/66\/5531_2023_02_23_16_22_45_864462147.jpg 1024w, https:\/\/www.regionalis.shop\/app\/uploads\/sites\/66\/5531_2023_02_23_16_22_45_864462147-300x300.jpg 300w, https:\/\/www.regionalis.shop\/app\/uploads\/sites\/66\/5531_2023_02_23_16_22_45_864462147-150x150.jpg 150w, https:\/\/www.regionalis.shop\/app\/uploads\/sites\/66\/5531_2023_02_23_16_22_45_864462147-768x768.jpg 768w, https:\/\/www.regionalis.shop\/app\/uploads\/sites\/66\/5531_2023_02_23_16_22_45_864462147-600x600.jpg 600w, https:\/\/www.regionalis.shop\/app\/uploads\/sites\/66\/5531_2023_02_23_16_22_45_864462147-100x100.jpg 100w\" sizes=\"auto, (max-width: 1024px) 100vw, 1024px\" \/><\/div><h2 class=\"woocommerce-loop-product__title\">Tischfeuer &#8211; Fuori<\/h2>\n\t<span class=\"price\"><span class=\"woocommerce-Price-amount amount\"><bdi>59,00&nbsp;<span class=\"woocommerce-Price-currencySymbol\">&euro;<\/span><\/bdi><\/span><\/span>\n<\/a><\/li>\n<li class=\"product type-product post-1051 status-publish last instock product_cat-sonstiges-wohnen-deko product_cat-wohnen-deko has-post-thumbnail purchasable product-type-simple\">\n\t<a href=\"https:\/\/www.regionalis.shop\/betonperle\/shop\/raeucherstoevchen-lichtfang\/\" class=\"woocommerce-LoopProduct-link woocommerce-loop-product__link\"><div class=\"wc-block-grid__product-image\"><img loading=\"lazy\" decoding=\"async\" width=\"1024\" height=\"1024\" src=\"https:\/\/www.regionalis.shop\/app\/uploads\/sites\/66\/5531_2024_01_24_16_31_08_923810026.jpg\" class=\"attachment-large size-large\" alt=\"R\u00e4ucherst\u00f6vchen - Lichtfang\" srcset=\"https:\/\/www.regionalis.shop\/app\/uploads\/sites\/66\/5531_2024_01_24_16_31_08_923810026.jpg 1024w, https:\/\/www.regionalis.shop\/app\/uploads\/sites\/66\/5531_2024_01_24_16_31_08_923810026-300x300.jpg 300w, https:\/\/www.regionalis.shop\/app\/uploads\/sites\/66\/5531_2024_01_24_16_31_08_923810026-150x150.jpg 150w, https:\/\/www.regionalis.shop\/app\/uploads\/sites\/66\/5531_2024_01_24_16_31_08_923810026-768x768.jpg 768w, https:\/\/www.regionalis.shop\/app\/uploads\/sites\/66\/5531_2024_01_24_16_31_08_923810026-600x600.jpg 600w, https:\/\/www.regionalis.shop\/app\/uploads\/sites\/66\/5531_2024_01_24_16_31_08_923810026-100x100.jpg 100w\" sizes=\"auto, (max-width: 1024px) 100vw, 1024px\" \/><\/div><h2 class=\"woocommerce-loop-product__title\">R\u00e4ucherst\u00f6vchen &#8211; Lichtfang<\/h2>\n\t<span class=\"price\"><span class=\"woocommerce-Price-amount amount\"><bdi>36,00&nbsp;<span class=\"woocommerce-Price-currencySymbol\">&euro;<\/span><\/bdi><\/span><\/span>\n<\/a><\/li>\n<\/ul>\n<\/div>\n    <p>\n        <a href=\"https:\/\/www.regionalis.shop\/betonperle\/shop\/\" class=\"btn btn-primary btn-icon-right\">\n            Alle Produkte <i class=\"bi bi-arrow-right-short\"><\/i>\n        <\/a>\n    <\/p>\n<\/section>\n\n<div data-block-name=\"woocommerce\/store-notices\" class=\"wc-block-store-notices woocommerce alignwide alignwide wp-block-woocommerce-store-notices\"><div class=\"woocommerce-notices-wrapper\"><\/div><\/div>","protected":false},"excerpt":{"rendered":"","protected":false},"author":1,"featured_media":0,"parent":0,"menu_order":0,"comment_status":"closed","ping_status":"closed","template":"template-home.blade.php","meta":{"_acf_changed":false,"footnotes":""},"class_list":["post-862","page","type-page","status-publish","hentry"],"acf":[],"_links":{"self":[{"href":"https:\/\/www.regionalis.shop\/betonperle\/wp-json\/wp\/v2\/pages\/862","targetHints":{"allow":["GET"]}}],"collection":[{"href":"https:\/\/www.regionalis.shop\/betonperle\/wp-json\/wp\/v2\/pages"}],"about":[{"href":"https:\/\/www.regionalis.shop\/betonperle\/wp-json\/wp\/v2\/types\/page"}],"author":[{"embeddable":true,"href":"https:\/\/www.regionalis.shop\/betonperle\/wp-json\/wp\/v2\/users\/1"}],"replies":[{"embeddable":true,"href":"https:\/\/www.regionalis.shop\/betonperle\/wp-json\/wp\/v2\/comments?post=862"}],"version-history":[{"count":28,"href":"https:\/\/www.regionalis.shop\/betonperle\/wp-json\/wp\/v2\/pages\/862\/revisions"}],"predecessor-version":[{"id":1041,"href":"https:\/\/www.regionalis.shop\/betonperle\/wp-json\/wp\/v2\/pages\/862\/revisions\/1041"}],"wp:attachment":[{"href":"https:\/\/www.regionalis.shop\/betonperle\/wp-json\/wp\/v2\/media?parent=862"}],"curies":[{"name":"wp","href":"https:\/\/api.w.org\/{rel}","templated":true}]}}