{"id":1051,"date":"2025-04-18T09:53:33","date_gmt":"2025-04-18T07:53:33","guid":{"rendered":"https:\/\/www.regionalis.shop\/betonperle\/product\/raeucherstoevchen-lichtfang\/"},"modified":"2025-04-18T09:53:33","modified_gmt":"2025-04-18T07:53:33","slug":"raeucherstoevchen-lichtfang","status":"publish","type":"product","link":"https:\/\/www.regionalis.shop\/betonperle\/shop\/raeucherstoevchen-lichtfang\/","title":{"rendered":"R\u00e4ucherst\u00f6vchen &#8211; Lichtfang"},"content":{"rendered":"<p>R\u00e4ucherst\u00f6vchen aus Beton \u2013 Schlichtes Design f\u00fcr besondere Momente<\/p>\n<p>Bringe mit unserem edlen R\u00e4ucherst\u00f6vchen aus Beton eine harmonische Atmosph\u00e4re in dein Zuhause. Das minimalistisch gestaltete St\u00f6vchen vereint modernes Design mit traditioneller R\u00e4ucherkultur und wird zu einem stilvollen Blickfang in jedem Raum.<\/p>\n<p>Dank des integrierten Siebs kannst du auf R\u00e4ucherkohle verzichten. Besonders Kr\u00e4uter und H\u00f6lzer lassen sich auf dem Sieb schonend r\u00e4uchern, wodurch der Duft feiner und die Rauchentwicklung angenehm zart ist \u2013 ideal zum Entspannen und Genie\u00dfen!<\/p>\n<p>Das R\u00e4ucherst\u00f6vchen hat eine kompakte H\u00f6he von 9 cm und wird mit einem Metallsieb geliefert. Die durch das Teelicht entstehende W\u00e4rme verleiht dem St\u00f6vchen zudem eine sanfte, warme Ausstrahlung in Gold- und Bronzet\u00f6nen.<\/p>\n<p>Produktdetails:<\/p>\n<p>    H\u00f6he: 9 cm<br \/>\n    Durchmesser Metallsieb: 9 cm<br \/>\n    Farben: Natur (unbemalt), Gold oder Bronze<br \/>\n    In hochwertiger Geschenkbox verpackt<\/p>\n<p>Anwendungstipp: Damit das Sieb l\u00e4nger sauber bleibt, streue etwas groben R\u00e4uchersand unter die R\u00e4uchermischung. Der Sand verhindert, dass Kr\u00e4uter und Harze zu schnell verbrennen und sorgt so f\u00fcr ein langsames, gleichm\u00e4\u00dfiges Glimmen. Der Quarzsand bildet eine nat\u00fcrliche Barriere, die das Verkleben des Siebs durch Harzablagerungen minimiert. Bei starker Verklebung l\u00e4sst sich das Sieb mit Butter reinigen \u2013 das Fett l\u00f6st die Harze zuverl\u00e4ssig.<\/p>\n<p>Perfektes Geschenk: Ob als Geschenk oder f\u00fcr dein eigenes Wohlbefinden \u2013 dieses R\u00e4ucherst\u00f6vchen \u00fcberzeugt durch seine edle Verarbeitung und seine Funktionalit\u00e4t. Ein au\u00dfergew\u00f6hnliches Wohnaccessoire, das in keinem modernen Zuhause fehlen darf!<\/p>\n<p>Verwandele deinen Wohnraum in eine Oase der Ruhe und Entspannung mit unserem handgefertigten R\u00e4ucherst\u00f6vchen aus Beton.<\/p>\n","protected":false},"excerpt":{"rendered":"<p>R\u00e4ucherst\u00f6vchen aus Beton \u2013 Schlichtes Design f\u00fcr besondere Momente Bringe mit unserem edlen R\u00e4ucherst\u00f6vchen aus Beton eine harmonische Atmosph\u00e4re in dein Zuhause. Das minimalistisch gestaltete St\u00f6vchen vereint modernes Design mit traditioneller R\u00e4ucherkultur und wird zu einem stilvollen Blickfang in jedem Raum. Dank des integrierten Siebs kannst du auf R\u00e4ucherkohle verzichten. Besonders Kr\u00e4uter und H\u00f6lzer lassen &hellip; <a href=\"https:\/\/www.regionalis.shop\/betonperle\/shop\/raeucherstoevchen-lichtfang\/\">Continued<\/a><\/p>\n","protected":false},"featured_media":1052,"template":"","meta":{"_acf_changed":false},"product_brand":[],"product_cat":[169,103],"product_tag":[],"class_list":{"0":"post-1051","1":"product","2":"type-product","3":"status-publish","4":"has-post-thumbnail","6":"product_cat-sonstiges-wohnen-deko","7":"product_cat-wohnen-deko","9":"first","10":"instock","11":"purchasable","12":"product-type-simple"},"acf":[],"_links":{"self":[{"href":"https:\/\/www.regionalis.shop\/betonperle\/wp-json\/wp\/v2\/product\/1051","targetHints":{"allow":["GET"]}}],"collection":[{"href":"https:\/\/www.regionalis.shop\/betonperle\/wp-json\/wp\/v2\/product"}],"about":[{"href":"https:\/\/www.regionalis.shop\/betonperle\/wp-json\/wp\/v2\/types\/product"}],"wp:featuredmedia":[{"embeddable":true,"href":"https:\/\/www.regionalis.shop\/betonperle\/wp-json\/wp\/v2\/media\/1052"}],"wp:attachment":[{"href":"https:\/\/www.regionalis.shop\/betonperle\/wp-json\/wp\/v2\/media?parent=1051"}],"wp:term":[{"taxonomy":"product_brand","embeddable":true,"href":"https:\/\/www.regionalis.shop\/betonperle\/wp-json\/wp\/v2\/product_brand?post=1051"},{"taxonomy":"product_cat","embeddable":true,"href":"https:\/\/www.regionalis.shop\/betonperle\/wp-json\/wp\/v2\/product_cat?post=1051"},{"taxonomy":"product_tag","embeddable":true,"href":"https:\/\/www.regionalis.shop\/betonperle\/wp-json\/wp\/v2\/product_tag?post=1051"}],"curies":[{"name":"wp","href":"https:\/\/api.w.org\/{rel}","templated":true}]}}