{"id":1055,"date":"2025-04-18T09:53:33","date_gmt":"2025-04-18T07:53:33","guid":{"rendered":"https:\/\/www.regionalis.shop\/betonperle\/product\/tischfeuer-fuori\/"},"modified":"2025-04-18T09:53:33","modified_gmt":"2025-04-18T07:53:33","slug":"tischfeuer-fuori","status":"publish","type":"product","link":"https:\/\/www.regionalis.shop\/betonperle\/shop\/tischfeuer-fuori\/","title":{"rendered":"Tischfeuer &#8211; Fuori"},"content":{"rendered":"<p>Tischfeuer FUORI \u2013 Stimmungsvolle Flammen f\u00fcr romantische Abende im Freien<\/p>\n<p>Verwandle deine Terrasse oder deinen Balkon in eine gem\u00fctliche Wohlf\u00fchloase mit dem Tischfeuer FUORI. Perfekt f\u00fcr laue Sommerabende, schafft dieses stilvolle Tischfeuer eine romantische Atmosph\u00e4re und h\u00e4lt die Flamme auch bei leichtem Wind stabil.<\/p>\n<p>Dank des robusten Betonbeh\u00e4lters und dem Dauerdocht kannst du ganz einfach Wachsreste verwerten oder das Nachf\u00fcllwachs nutzen, um die Flamme immer wieder neu zu entfachen. Ein Deckel mit Holzgriff erm\u00f6glicht das sichere L\u00f6schen der Flamme nach dem Gebrauch.<br \/>\nProduktdetails:<\/p>\n<p>    Material: Betonbeh\u00e4lter mit Deckel aus Beton und Holzgriff<br \/>\n    Ma\u00dfe: H\u00f6he 12 cm, Durchmesser 15 cm \u2013 ideal f\u00fcr Tische im Freien<br \/>\n    Inklusive: Paraffinwachs, Dauerdocht, Deckel und Beschriftung<br \/>\n    Nachhaltig: Wiederverwendbarer Docht \u2013 einfach Wachsreste hinzuf\u00fcgen<br \/>\n    Sicher: Flamme l\u00e4sst sich durch den Deckel sicher l\u00f6schen<br \/>\n    Hinweis: Nur im Freien verwenden. Achte darauf, dass der Docht nie mehr als 2,5 cm herausschaut.<\/p>\n<p>Warum Tischfeuer FUORI?<\/p>\n<p>Dieses Tischfeuer ist mehr als nur eine Lichtquelle \u2013 es ist ein stilvolles und nachhaltiges Accessoire, das deine Outdoor-Abende aufwertet. Die Mischung aus modernem Beton-Design und der praktischen Funktionalit\u00e4t des Dauerdochts macht es zum perfekten Begleiter f\u00fcr entspannte Stunden. Egal ob auf der Terrasse, dem Balkon oder im Garten \u2013 die romantische Flamme sorgt f\u00fcr eine angenehme und kuschelige Stimmung.<\/p>\n<p>Das Tischfeuer FUORI l\u00e4sst sich leicht mit Wachsresten bef\u00fcllen, wodurch du es immer wieder verwenden kannst. Mit seiner schlichten Eleganz und der Beschriftung wird es schnell zu einem dekorativen Highlight, das deinen Outdoor-Bereich bereichert.<\/p>\n","protected":false},"excerpt":{"rendered":"<p>Tischfeuer FUORI \u2013 Stimmungsvolle Flammen f\u00fcr romantische Abende im Freien Verwandle deine Terrasse oder deinen Balkon in eine gem\u00fctliche Wohlf\u00fchloase mit dem Tischfeuer FUORI. Perfekt f\u00fcr laue Sommerabende, schafft dieses stilvolle Tischfeuer eine romantische Atmosph\u00e4re und h\u00e4lt die Flamme auch bei leichtem Wind stabil. Dank des robusten Betonbeh\u00e4lters und dem Dauerdocht kannst du ganz einfach &hellip; <a href=\"https:\/\/www.regionalis.shop\/betonperle\/shop\/tischfeuer-fuori\/\">Continued<\/a><\/p>\n","protected":false},"featured_media":1056,"template":"","meta":{"_acf_changed":false},"product_brand":[],"product_cat":[132,103],"product_tag":[],"class_list":{"0":"post-1055","1":"product","2":"type-product","3":"status-publish","4":"has-post-thumbnail","6":"product_cat-garten-terrasse","7":"product_cat-wohnen-deko","9":"first","10":"instock","11":"purchasable","12":"product-type-simple"},"acf":[],"_links":{"self":[{"href":"https:\/\/www.regionalis.shop\/betonperle\/wp-json\/wp\/v2\/product\/1055","targetHints":{"allow":["GET"]}}],"collection":[{"href":"https:\/\/www.regionalis.shop\/betonperle\/wp-json\/wp\/v2\/product"}],"about":[{"href":"https:\/\/www.regionalis.shop\/betonperle\/wp-json\/wp\/v2\/types\/product"}],"wp:featuredmedia":[{"embeddable":true,"href":"https:\/\/www.regionalis.shop\/betonperle\/wp-json\/wp\/v2\/media\/1056"}],"wp:attachment":[{"href":"https:\/\/www.regionalis.shop\/betonperle\/wp-json\/wp\/v2\/media?parent=1055"}],"wp:term":[{"taxonomy":"product_brand","embeddable":true,"href":"https:\/\/www.regionalis.shop\/betonperle\/wp-json\/wp\/v2\/product_brand?post=1055"},{"taxonomy":"product_cat","embeddable":true,"href":"https:\/\/www.regionalis.shop\/betonperle\/wp-json\/wp\/v2\/product_cat?post=1055"},{"taxonomy":"product_tag","embeddable":true,"href":"https:\/\/www.regionalis.shop\/betonperle\/wp-json\/wp\/v2\/product_tag?post=1055"}],"curies":[{"name":"wp","href":"https:\/\/api.w.org\/{rel}","templated":true}]}}