{"id":1072,"date":"2025-04-18T06:55:09","date_gmt":"2025-04-18T04:55:09","guid":{"rendered":"https:\/\/www.regionalis.shop\/betonperle\/product\/schild-sprueche\/"},"modified":"2025-04-18T06:55:09","modified_gmt":"2025-04-18T04:55:09","slug":"schild-sprueche","status":"publish","type":"product","link":"https:\/\/www.regionalis.shop\/betonperle\/shop\/schild-sprueche\/","title":{"rendered":"Schild &#8211; Spr\u00fcche"},"content":{"rendered":"<p>Schild aus Beton mit Spruch und Spitzenkante zum Aufh\u00e4ngen. Jeder Spruch ist m\u00f6glich. ca. 14&#215;19 cm gro\u00df.<\/p>\n<p>Beton ist ein Naturprodukt, minimale Staubr\u00fcckst\u00e4nde sind daher \u00fcblich. Da das Produkt per Hand gefertigt wird, k\u00f6nnen Lufteinschl\u00fcsse und nicht ganz glatte Fl\u00e4chen vorkommen.<\/p>\n","protected":false},"excerpt":{"rendered":"<p>Schild aus Beton mit Spruch und Spitzenkante zum Aufh\u00e4ngen. Jeder Spruch ist m\u00f6glich. ca. 14&#215;19 cm gro\u00df. Beton ist ein Naturprodukt, minimale Staubr\u00fcckst\u00e4nde sind daher \u00fcblich. Da das Produkt per Hand gefertigt wird, k\u00f6nnen Lufteinschl\u00fcsse und nicht ganz glatte Fl\u00e4chen vorkommen.<\/p>\n","protected":false},"featured_media":1073,"template":"","meta":{"_acf_changed":false},"product_brand":[],"product_cat":[174,103],"product_tag":[],"class_list":{"0":"post-1072","1":"product","2":"type-product","3":"status-publish","4":"has-post-thumbnail","6":"product_cat-wohndekoration","7":"product_cat-wohnen-deko","9":"first","10":"instock","11":"purchasable","12":"product-type-simple"},"acf":[],"_links":{"self":[{"href":"https:\/\/www.regionalis.shop\/betonperle\/wp-json\/wp\/v2\/product\/1072","targetHints":{"allow":["GET"]}}],"collection":[{"href":"https:\/\/www.regionalis.shop\/betonperle\/wp-json\/wp\/v2\/product"}],"about":[{"href":"https:\/\/www.regionalis.shop\/betonperle\/wp-json\/wp\/v2\/types\/product"}],"wp:featuredmedia":[{"embeddable":true,"href":"https:\/\/www.regionalis.shop\/betonperle\/wp-json\/wp\/v2\/media\/1073"}],"wp:attachment":[{"href":"https:\/\/www.regionalis.shop\/betonperle\/wp-json\/wp\/v2\/media?parent=1072"}],"wp:term":[{"taxonomy":"product_brand","embeddable":true,"href":"https:\/\/www.regionalis.shop\/betonperle\/wp-json\/wp\/v2\/product_brand?post=1072"},{"taxonomy":"product_cat","embeddable":true,"href":"https:\/\/www.regionalis.shop\/betonperle\/wp-json\/wp\/v2\/product_cat?post=1072"},{"taxonomy":"product_tag","embeddable":true,"href":"https:\/\/www.regionalis.shop\/betonperle\/wp-json\/wp\/v2\/product_tag?post=1072"}],"curies":[{"name":"wp","href":"https:\/\/api.w.org\/{rel}","templated":true}]}}