{"id":1076,"date":"2025-04-18T06:33:43","date_gmt":"2025-04-18T04:33:43","guid":{"rendered":"https:\/\/www.regionalis.shop\/betonperle\/product\/osterhase-goldohr\/"},"modified":"2025-04-18T06:33:43","modified_gmt":"2025-04-18T04:33:43","slug":"osterhase-goldohr","status":"publish","type":"product","link":"https:\/\/www.regionalis.shop\/betonperle\/shop\/osterhase-goldohr\/","title":{"rendered":"Osterhase &#8211; Goldohr"},"content":{"rendered":"<p>Edle Osterdekoration:<br \/>\nDieser stilvolle Osterhase aus Beton mit einer H\u00f6he von ca. 17 cm bringt modernes Design und \u00f6sterliche Eleganz in dein Zuhause. Die Ohren sind mit feinem Blattgold verziert, was dem Hasen einen edlen Akzent verleiht. Erh\u00e4ltlich mit verschiedenen Maschenfarben und optional mit Trockenblumen, ist er eine vielseitige Deko-Idee oder ein besonderes Geschenk.<\/p>\n<p>Details:<\/p>\n<p>    Material: Beton<br \/>\n    H\u00f6he: Ca. 17 cm<br \/>\n    Verzierung: Blattgold an den Ohren<br \/>\n    Individuelle Gestaltung:<br \/>\n        Auswahl an verschiedenen Maschenfarben<br \/>\n    Verwendung: F\u00fcr den Innenbereich als Deko oder Geschenk geeignet<\/p>\n<p>Besonderheiten:<\/p>\n<p>    Zeitloses, modernes Design<br \/>\n    Kombinierbar mit anderen Osterdekorationen<br \/>\n    Handgefertigt und einzigartig<\/p>\n<p>Dekorationsideen:<\/p>\n<p>    Als Blickfang f\u00fcr dein Wohnzimmer, den Esstisch oder die Fensterbank<br \/>\n    Perfekt als Oster-Geschenk f\u00fcr Familie und Freunde.<\/p>\n<p>Beton ist ein Naturprodukt, minimale Staubr\u00fcckst\u00e4nde sind daher \u00fcblich. Da das Produkt per Hand gefertigt wird, k\u00f6nnen Lufteinschl\u00fcsse und nicht ganz glatte Fl\u00e4chen vorkommen.<\/p>\n","protected":false},"excerpt":{"rendered":"<p>Edle Osterdekoration: Dieser stilvolle Osterhase aus Beton mit einer H\u00f6he von ca. 17 cm bringt modernes Design und \u00f6sterliche Eleganz in dein Zuhause. Die Ohren sind mit feinem Blattgold verziert, was dem Hasen einen edlen Akzent verleiht. Erh\u00e4ltlich mit verschiedenen Maschenfarben und optional mit Trockenblumen, ist er eine vielseitige Deko-Idee oder ein besonderes Geschenk. Details: &hellip; <a href=\"https:\/\/www.regionalis.shop\/betonperle\/shop\/osterhase-goldohr\/\">Continued<\/a><\/p>\n","protected":false},"featured_media":0,"template":"","meta":{"_acf_changed":false},"product_brand":[],"product_cat":[174,103],"product_tag":[],"class_list":{"0":"post-1076","1":"product","2":"type-product","3":"status-publish","5":"product_cat-wohndekoration","6":"product_cat-wohnen-deko","8":"first","9":"instock","10":"purchasable","11":"product-type-simple"},"acf":[],"_links":{"self":[{"href":"https:\/\/www.regionalis.shop\/betonperle\/wp-json\/wp\/v2\/product\/1076","targetHints":{"allow":["GET"]}}],"collection":[{"href":"https:\/\/www.regionalis.shop\/betonperle\/wp-json\/wp\/v2\/product"}],"about":[{"href":"https:\/\/www.regionalis.shop\/betonperle\/wp-json\/wp\/v2\/types\/product"}],"wp:attachment":[{"href":"https:\/\/www.regionalis.shop\/betonperle\/wp-json\/wp\/v2\/media?parent=1076"}],"wp:term":[{"taxonomy":"product_brand","embeddable":true,"href":"https:\/\/www.regionalis.shop\/betonperle\/wp-json\/wp\/v2\/product_brand?post=1076"},{"taxonomy":"product_cat","embeddable":true,"href":"https:\/\/www.regionalis.shop\/betonperle\/wp-json\/wp\/v2\/product_cat?post=1076"},{"taxonomy":"product_tag","embeddable":true,"href":"https:\/\/www.regionalis.shop\/betonperle\/wp-json\/wp\/v2\/product_tag?post=1076"}],"curies":[{"name":"wp","href":"https:\/\/api.w.org\/{rel}","templated":true}]}}