{"id":1077,"date":"2025-04-18T06:15:23","date_gmt":"2025-04-18T04:15:23","guid":{"rendered":"https:\/\/www.regionalis.shop\/betonperle\/product\/osterei-frohe-ostern\/"},"modified":"2025-04-18T06:15:23","modified_gmt":"2025-04-18T04:15:23","slug":"osterei-frohe-ostern","status":"publish","type":"product","link":"https:\/\/www.regionalis.shop\/betonperle\/shop\/osterei-frohe-ostern\/","title":{"rendered":"Osterei &#8211; Frohe Ostern"},"content":{"rendered":"<p>Osterdekoration mit pers\u00f6nlicher Note:<br \/>\nDieses stilvolle Osterei aus Beton ist perfekt f\u00fcr dein Zuhause oder als kleines Geschenk f\u00fcr Ostern. Mit einer H\u00f6he von ca. 11 cm eignet es sich ideal zum Aufstellen. Das Ei ist mit der Aufschrift &#8222;Frohe Ostern&#8220; versehen und mit einer bunten Masche verziert \u2013 Maschenfarben sind individuell w\u00e4hlbar.<\/p>\n<p>Details:<\/p>\n<p>    Material: Beton<br \/>\n    H\u00f6he: Ca. 11 cm<br \/>\n    Beschriftung: &#8222;Frohe Ostern&#8220;<br \/>\n    Verzierung: Bunte Masche (verschiedene Farben w\u00e4hlbar)<br \/>\n    Verwendung: Osterdekoration oder Geschenk (exkl. Moos)<\/p>\n<p>Besonderheiten:<\/p>\n<p>    Zeitlose und moderne Osterdekoration<br \/>\n    Handgefertigt, jedes St\u00fcck ein Unikat<br \/>\n    Perfekte Gr\u00f6\u00dfe f\u00fcr Sideboards, Esstische oder Fensterb\u00e4nke<\/p>\n<p>Dekorationsideen:<\/p>\n<p>    Kombiniere das Beton-Ei mit weiteren Osterfiguren oder Blumen<br \/>\n    Schaffe eine elegante Osterlandschaft mit Moos, Eiern und Kerzen<br \/>\n    Als pers\u00f6nliches Geschenk f\u00fcr Familie, Freunde oder Kollegen<\/p>\n","protected":false},"excerpt":{"rendered":"<p>Osterdekoration mit pers\u00f6nlicher Note: Dieses stilvolle Osterei aus Beton ist perfekt f\u00fcr dein Zuhause oder als kleines Geschenk f\u00fcr Ostern. Mit einer H\u00f6he von ca. 11 cm eignet es sich ideal zum Aufstellen. Das Ei ist mit der Aufschrift &#8222;Frohe Ostern&#8220; versehen und mit einer bunten Masche verziert \u2013 Maschenfarben sind individuell w\u00e4hlbar. Details: Material: &hellip; <a href=\"https:\/\/www.regionalis.shop\/betonperle\/shop\/osterei-frohe-ostern\/\">Continued<\/a><\/p>\n","protected":false},"featured_media":0,"template":"","meta":{"_acf_changed":false},"product_brand":[],"product_cat":[174,103],"product_tag":[],"class_list":{"0":"post-1077","1":"product","2":"type-product","3":"status-publish","5":"product_cat-wohndekoration","6":"product_cat-wohnen-deko","8":"first","9":"instock","10":"purchasable","11":"product-type-simple"},"acf":[],"_links":{"self":[{"href":"https:\/\/www.regionalis.shop\/betonperle\/wp-json\/wp\/v2\/product\/1077","targetHints":{"allow":["GET"]}}],"collection":[{"href":"https:\/\/www.regionalis.shop\/betonperle\/wp-json\/wp\/v2\/product"}],"about":[{"href":"https:\/\/www.regionalis.shop\/betonperle\/wp-json\/wp\/v2\/types\/product"}],"wp:attachment":[{"href":"https:\/\/www.regionalis.shop\/betonperle\/wp-json\/wp\/v2\/media?parent=1077"}],"wp:term":[{"taxonomy":"product_brand","embeddable":true,"href":"https:\/\/www.regionalis.shop\/betonperle\/wp-json\/wp\/v2\/product_brand?post=1077"},{"taxonomy":"product_cat","embeddable":true,"href":"https:\/\/www.regionalis.shop\/betonperle\/wp-json\/wp\/v2\/product_cat?post=1077"},{"taxonomy":"product_tag","embeddable":true,"href":"https:\/\/www.regionalis.shop\/betonperle\/wp-json\/wp\/v2\/product_tag?post=1077"}],"curies":[{"name":"wp","href":"https:\/\/api.w.org\/{rel}","templated":true}]}}