{"id":1079,"date":"2025-04-18T06:07:07","date_gmt":"2025-04-18T04:07:07","guid":{"rendered":"https:\/\/www.regionalis.shop\/betonperle\/product\/haus-klein\/"},"modified":"2025-04-18T06:07:07","modified_gmt":"2025-04-18T04:07:07","slug":"haus-klein","status":"publish","type":"product","link":"https:\/\/www.regionalis.shop\/betonperle\/shop\/haus-klein\/","title":{"rendered":"Haus klein"},"content":{"rendered":"<p>Trockenblumen<\/p>\n<p>Unsere handgefertigten Dekoh\u00e4user aus Beton sind eine charmante und moderne Dekoration f\u00fcr dein Zuhause. Mit der liebevollen Beschriftung &#8222;Zuhause ist es am sch\u00f6nsten&#8220; und einer stilvollen Trockenblumenverzierung setzen sie besondere Akzente. Du kannst die Beschriftung auch individuell anpassen lassen, um dein Dekoh\u00e4uschen noch pers\u00f6nlicher zu gestalten.<\/p>\n<p>Produktdetails:<\/p>\n<p>    Material: Handgefertigtes Betonhaus mit Beschriftung und Trockenblumen.<br \/>\n    Beschriftung: Standard mit &#8222;Zuhause ist es am sch\u00f6nsten&#8220;, &#8222;Dahoam is am schensten&#8220; oder individuell w\u00e4hlbar.<br \/>\n    H\u00f6he: Ca. 13 cm \u2013 ideal als dekoratives Element f\u00fcr Regale, Tische oder Fensterb\u00e4nke.<br \/>\n    Design: Minimalistisch-modern mit nat\u00fcrlichen Trockenblumen.<br \/>\n    Individuelle Gestaltung: M\u00f6glichkeit zur pers\u00f6nlichen Beschriftung (z. B. Namen, Spr\u00fcche).<\/p>\n<p>Besonderheiten:<\/p>\n<p>    Vielseitig einsetzbar: Perfekt als Geschenk zur Einweihung, zur Hochzeit oder als Deko f\u00fcr dein eigenes Zuhause.<br \/>\n    Handgefertigt: Jedes Dekoh\u00e4uschen ist ein Unikat mit viel Liebe zum Detail.<br \/>\n    Stilvolle Trockenblumen: Verleihen dem Betonhaus eine nat\u00fcrliche und warme Note.<br \/>\n    Personalisierbar: Lass deine pers\u00f6nliche Botschaft auf das Haus schreiben.<\/p>\n","protected":false},"excerpt":{"rendered":"<p>Trockenblumen Unsere handgefertigten Dekoh\u00e4user aus Beton sind eine charmante und moderne Dekoration f\u00fcr dein Zuhause. Mit der liebevollen Beschriftung &#8222;Zuhause ist es am sch\u00f6nsten&#8220; und einer stilvollen Trockenblumenverzierung setzen sie besondere Akzente. Du kannst die Beschriftung auch individuell anpassen lassen, um dein Dekoh\u00e4uschen noch pers\u00f6nlicher zu gestalten. Produktdetails: Material: Handgefertigtes Betonhaus mit Beschriftung und Trockenblumen. &hellip; <a href=\"https:\/\/www.regionalis.shop\/betonperle\/shop\/haus-klein\/\">Continued<\/a><\/p>\n","protected":false},"featured_media":1080,"template":"","meta":{"_acf_changed":false},"product_brand":[],"product_cat":[174,103],"product_tag":[],"class_list":{"0":"post-1079","1":"product","2":"type-product","3":"status-publish","4":"has-post-thumbnail","6":"product_cat-wohndekoration","7":"product_cat-wohnen-deko","9":"first","10":"instock","11":"purchasable","12":"product-type-simple"},"acf":[],"_links":{"self":[{"href":"https:\/\/www.regionalis.shop\/betonperle\/wp-json\/wp\/v2\/product\/1079","targetHints":{"allow":["GET"]}}],"collection":[{"href":"https:\/\/www.regionalis.shop\/betonperle\/wp-json\/wp\/v2\/product"}],"about":[{"href":"https:\/\/www.regionalis.shop\/betonperle\/wp-json\/wp\/v2\/types\/product"}],"wp:featuredmedia":[{"embeddable":true,"href":"https:\/\/www.regionalis.shop\/betonperle\/wp-json\/wp\/v2\/media\/1080"}],"wp:attachment":[{"href":"https:\/\/www.regionalis.shop\/betonperle\/wp-json\/wp\/v2\/media?parent=1079"}],"wp:term":[{"taxonomy":"product_brand","embeddable":true,"href":"https:\/\/www.regionalis.shop\/betonperle\/wp-json\/wp\/v2\/product_brand?post=1079"},{"taxonomy":"product_cat","embeddable":true,"href":"https:\/\/www.regionalis.shop\/betonperle\/wp-json\/wp\/v2\/product_cat?post=1079"},{"taxonomy":"product_tag","embeddable":true,"href":"https:\/\/www.regionalis.shop\/betonperle\/wp-json\/wp\/v2\/product_tag?post=1079"}],"curies":[{"name":"wp","href":"https:\/\/api.w.org\/{rel}","templated":true}]}}