{"id":1082,"date":"2025-04-18T06:01:26","date_gmt":"2025-04-18T04:01:26","guid":{"rendered":"https:\/\/www.regionalis.shop\/betonperle\/product\/weinkuehler-vinolo\/"},"modified":"2025-04-18T06:01:26","modified_gmt":"2025-04-18T04:01:26","slug":"weinkuehler-vinolo","status":"publish","type":"product","link":"https:\/\/www.regionalis.shop\/betonperle\/shop\/weinkuehler-vinolo\/","title":{"rendered":"Weink\u00fchler &#8211; Vinolo"},"content":{"rendered":"<p>Weink\u00fchler aus Beton \u2013 personalisierbar und stilvoll<\/p>\n<p>Mit unserem eleganten Weink\u00fchler Vinolo bleibt dein Wein perfekt temperiert \u2013 ideal f\u00fcr laue Sommerabende oder besondere Anl\u00e4sse. Der schlichte und moderne Look passt perfekt zu jedem Tischarrangement und macht den Weink\u00fchler zu einem Highlight auf jeder Feier. Der Beton k\u00fchlt den Wein auf nat\u00fcrliche Weise, indem er die K\u00e4lte speichert und \u00fcber Stunden verteilt abgibt.<br \/>\nProduktdetails:<\/p>\n<p>    Material: Beton \u2013 robust und k\u00fchlend<br \/>\n    Ma\u00dfe: Ca. 21 cm hoch, passend f\u00fcr Standard-Weinflaschen<br \/>\n    Innenausstattung: Filzboden zum Schutz der Flasche<br \/>\n    Boden: Filz auf der Unterseite, um Oberfl\u00e4chen zu schonen<br \/>\n    Personalisierung: M\u00f6glichkeit, einen ausgew\u00e4hlten Spruch oder eigenen Text auf den Weink\u00fchler zu beschriften \u2013 das perfekte Geschenk f\u00fcr Weinliebhaber!<\/p>\n<p>Funktionsweise:<\/p>\n<p>Ganz unkompliziert: Stell deine gek\u00fchlte Weinflasche in den Weink\u00fchler Vinolo. Der Beton nimmt die K\u00e4lte auf, speichert sie und gibt sie der Flasche wieder ab. Somit bleibt der Wein \u00fcber l\u00e4ngere Zeit kalt, ohne zus\u00e4tzlichen K\u00fchlaufwand. Bitte kein Wasser oder Eisw\u00fcrfel in den Weink\u00fchler geben.<br \/>\nPerfekt f\u00fcr:<\/p>\n<p>    Geschenkideen: Mach den Weink\u00fchler zu einem personalisierten Geschenk mit einer individuellen Beschriftung \u2013 ideal f\u00fcr Geburtstage, Hochzeiten, Einweihungspartys oder als Mitbringsel f\u00fcr jeden Weinliebhaber.<br \/>\n    Lange Sommerabende: Halte deine Weine auch bei h\u00f6heren Temperaturen stilvoll k\u00fchl.<\/p>\n<p>Hinweis: Weinflasche und Gl\u00e4ser sind nicht im Lieferumfang enthalten.<\/p>\n","protected":false},"excerpt":{"rendered":"<p>Weink\u00fchler aus Beton \u2013 personalisierbar und stilvoll Mit unserem eleganten Weink\u00fchler Vinolo bleibt dein Wein perfekt temperiert \u2013 ideal f\u00fcr laue Sommerabende oder besondere Anl\u00e4sse. Der schlichte und moderne Look passt perfekt zu jedem Tischarrangement und macht den Weink\u00fchler zu einem Highlight auf jeder Feier. Der Beton k\u00fchlt den Wein auf nat\u00fcrliche Weise, indem er &hellip; <a href=\"https:\/\/www.regionalis.shop\/betonperle\/shop\/weinkuehler-vinolo\/\">Continued<\/a><\/p>\n","protected":false},"featured_media":1083,"template":"","meta":{"_acf_changed":false},"product_brand":[],"product_cat":[127,103],"product_tag":[],"class_list":{"0":"post-1082","1":"product","2":"type-product","3":"status-publish","4":"has-post-thumbnail","6":"product_cat-essen-trinken","7":"product_cat-wohnen-deko","9":"first","10":"instock","11":"purchasable","12":"product-type-simple"},"acf":[],"_links":{"self":[{"href":"https:\/\/www.regionalis.shop\/betonperle\/wp-json\/wp\/v2\/product\/1082","targetHints":{"allow":["GET"]}}],"collection":[{"href":"https:\/\/www.regionalis.shop\/betonperle\/wp-json\/wp\/v2\/product"}],"about":[{"href":"https:\/\/www.regionalis.shop\/betonperle\/wp-json\/wp\/v2\/types\/product"}],"wp:featuredmedia":[{"embeddable":true,"href":"https:\/\/www.regionalis.shop\/betonperle\/wp-json\/wp\/v2\/media\/1083"}],"wp:attachment":[{"href":"https:\/\/www.regionalis.shop\/betonperle\/wp-json\/wp\/v2\/media?parent=1082"}],"wp:term":[{"taxonomy":"product_brand","embeddable":true,"href":"https:\/\/www.regionalis.shop\/betonperle\/wp-json\/wp\/v2\/product_brand?post=1082"},{"taxonomy":"product_cat","embeddable":true,"href":"https:\/\/www.regionalis.shop\/betonperle\/wp-json\/wp\/v2\/product_cat?post=1082"},{"taxonomy":"product_tag","embeddable":true,"href":"https:\/\/www.regionalis.shop\/betonperle\/wp-json\/wp\/v2\/product_tag?post=1082"}],"curies":[{"name":"wp","href":"https:\/\/api.w.org\/{rel}","templated":true}]}}