{"id":1042,"date":"2025-10-23T16:14:07","date_gmt":"2025-10-23T14:14:07","guid":{"rendered":"https:\/\/www.regionalis.shop\/bienenwachstuecher_beelea\/?page_id=1042"},"modified":"2025-10-23T16:16:34","modified_gmt":"2025-10-23T14:16:34","slug":"impressum","status":"publish","type":"page","link":"https:\/\/www.regionalis.shop\/bienenwachstuecher_beelea\/impressum\/","title":{"rendered":"Impressum"},"content":{"rendered":"<section>\n            <p>Hallo und herzlich Willkommen bei beelea Bienenwachst\u00fccher!<br \/>\nIch bin Rita und wohne seit 2017 im Herzen des Nationalparks Neusiedler See &#8211; Seewinkel, in Apetlon.<br \/>\nIn meiner Wachsstube in Apetlon kreiere ich meine beelea Wachst\u00fccher in reiner Handarbeit. In der Vielfalt meiner T\u00fccher spiegeln sich die bunten Farben der Natur und die Sch\u00f6nheit der Region wider. Die Natur inspiriert mich immer wieder zu neuen Kreationen.<br \/>\nJedes Tuch bzw. jedes Sackerl ist in reiner Handarbeit nachhaltig hergestellt. Der Stoff wird von mir mit Liebe ausgew\u00e4hlt und zugeschnitten. Dieser wird anschlie\u00dfend sorgf\u00e4ltig vern\u00e4ht, gewachst und dann mit Banderolen selbstverst\u00e4ndlich auch aus Bioqualit\u00e4t verpackt.<br \/>\nDie Qualit\u00e4t der Bienenwachst\u00fccher ist f\u00fcr mich essentiell und daher achte ich besonders auf die Herkunft der biozertifizierten Rohstoffe. Alle Komponenten der beelea Wachst\u00fccher, wie die Baumwollstoffe, das Bienenwachs Propolis, Kolophonium sowie das Raps\u00f6l sind bio zertifiziert und mit gro\u00dfer Sorgfalt von mir ausgew\u00e4hlt.<br \/>\nAuch hier zu finden, gehe ich meiner zweiten Leidenschaft f\u00fcr N\u00e4hen nach. Sehr passend zu Bienenwachst\u00fcchern werden Kochsch\u00fcrzen, \u201eWarmeHerzen\u201c Topflappen und Rucks\u00e4cke f\u00fcr Gro\u00df und Klein, mit viel Liebe von mir gen\u00e4ht.<\/p>\n<p>Ich freue mich, wenn ich euch auch f\u00fcr meine beelea Bienenwachst\u00fccher und andere Produckte begeistern kann und wenn sie den Weg zu euch nach Hause finden.<br \/>\nLiebe Gr\u00fc\u00dfe<br \/>\nEure beelea<\/p>\n\n    <\/section>","protected":false},"excerpt":{"rendered":"","protected":false},"author":1,"featured_media":0,"parent":0,"menu_order":0,"comment_status":"closed","ping_status":"closed","template":"","meta":{"_acf_changed":false,"footnotes":""},"class_list":["post-1042","page","type-page","status-publish","hentry"],"acf":[],"_links":{"self":[{"href":"https:\/\/www.regionalis.shop\/bienenwachstuecher_beelea\/wp-json\/wp\/v2\/pages\/1042","targetHints":{"allow":["GET"]}}],"collection":[{"href":"https:\/\/www.regionalis.shop\/bienenwachstuecher_beelea\/wp-json\/wp\/v2\/pages"}],"about":[{"href":"https:\/\/www.regionalis.shop\/bienenwachstuecher_beelea\/wp-json\/wp\/v2\/types\/page"}],"author":[{"embeddable":true,"href":"https:\/\/www.regionalis.shop\/bienenwachstuecher_beelea\/wp-json\/wp\/v2\/users\/1"}],"replies":[{"embeddable":true,"href":"https:\/\/www.regionalis.shop\/bienenwachstuecher_beelea\/wp-json\/wp\/v2\/comments?post=1042"}],"version-history":[{"count":2,"href":"https:\/\/www.regionalis.shop\/bienenwachstuecher_beelea\/wp-json\/wp\/v2\/pages\/1042\/revisions"}],"predecessor-version":[{"id":1044,"href":"https:\/\/www.regionalis.shop\/bienenwachstuecher_beelea\/wp-json\/wp\/v2\/pages\/1042\/revisions\/1044"}],"wp:attachment":[{"href":"https:\/\/www.regionalis.shop\/bienenwachstuecher_beelea\/wp-json\/wp\/v2\/media?parent=1042"}],"curies":[{"name":"wp","href":"https:\/\/api.w.org\/{rel}","templated":true}]}}