{"id":862,"date":"2025-05-24T13:44:06","date_gmt":"2025-05-24T11:44:06","guid":{"rendered":"https:\/\/starter.stage.shop-it.at\/?page_id=862"},"modified":"2025-10-23T15:21:37","modified_gmt":"2025-10-23T13:21:37","slug":"startseite","status":"publish","type":"page","link":"https:\/\/www.regionalis.shop\/bienenwachstuecher_beelea\/","title":{"rendered":"Startseite"},"content":{"rendered":"<section>\n        <div class=\"header-image\">\n            <img decoding=\"async\" src=\"https:\/\/www.regionalis.shop\/app\/uploads\/sites\/69\/5427_2022_01_22_10_56_39_119497437.jpg\" alt=\"\">\n        <\/div>\n    \n    <\/section>\n    <section>\n    <div class=\"header-title\">\n        <h1 class=\"h2\">Willkommen bei Bienenwachst\u00fccher_beelea<\/h1>\n    <\/div>\n            <h2 class=\"h3\">Handgemacht in Apetlon<\/h2>\n                <p>Hallo und herzlich Willkommen bei beelea Bienenwachst\u00fccher!<br \/>\nIch bin Rita und wohne seit 2017 im Herzen des Nationalparks Neusiedler See &#8211; Seewinkel, in Apetlon.<br \/>\nIn meiner Wachsstube in Apetlon kreiere ich meine beelea Wachst\u00fccher in reiner Handarbeit. In der Vielfalt meiner T\u00fccher spiegeln sich die bunten Farben der Natur und die Sch\u00f6nheit der Region wider. Die Natur inspiriert mich immer wieder zu neuen Kreationen.<br \/>\nJedes Tuch bzw. jedes Sackerl ist in reiner Handarbeit nachhaltig hergestellt. Der Stoff wird von mir mit Liebe ausgew\u00e4hlt und zugeschnitten. Dieser wird anschlie\u00dfend sorgf\u00e4ltig vern\u00e4ht, gewachst und dann mit Banderolen selbstverst\u00e4ndlich auch aus Bioqualit\u00e4t verpackt.<br \/>\nDie Qualit\u00e4t der Bienenwachst\u00fccher ist f\u00fcr mich essentiell und daher achte ich besonders auf die Herkunft der biozertifizierten Rohstoffe. Alle Komponenten der beelea Wachst\u00fccher, wie die Baumwollstoffe, das Bienenwachs Propolis, Kolophonium sowie das Raps\u00f6l sind bio zertifiziert und mit gro\u00dfer Sorgfalt von mir ausgew\u00e4hlt.<br \/>\nAuch hier zu finden, gehe ich meiner zweiten Leidenschaft f\u00fcr N\u00e4hen nach. Sehr passend zu Bienenwachst\u00fcchern werden Kochsch\u00fcrzen, \u201eWarmeHerzen\u201c Topflappen und Rucks\u00e4cke f\u00fcr Gro\u00df und Klein, mit viel Liebe von mir gen\u00e4ht.<\/p>\n<p>Ich freue mich, wenn ich euch auch f\u00fcr meine beelea Bienenwachst\u00fccher und andere Produckte begeistern kann und wenn sie den Weg zu euch nach Hause finden.<br \/>\nLiebe Gr\u00fc\u00dfe<br \/>\nEure beelea<\/p>\n\n    \n    <h3>Produkte<\/h3>\n\n    <div class=\"woocommerce columns-3 \"><ul class=\"products columns-3\">\n<li class=\"product type-product post-1056 status-publish first instock product_cat-wohndekoration product_cat-wohnen-deko has-post-thumbnail purchasable product-type-simple\">\n\t<a href=\"https:\/\/www.regionalis.shop\/bienenwachstuecher_beelea\/shop\/osterhase-2\/\" class=\"woocommerce-LoopProduct-link woocommerce-loop-product__link\"><div class=\"wc-block-grid__product-image\"><img loading=\"lazy\" decoding=\"async\" width=\"420\" height=\"420\" src=\"https:\/\/www.regionalis.shop\/app\/uploads\/sites\/69\/5427_2022_03_23_14_13_54_104878645.jpg\" class=\"attachment-large size-large\" alt=\"OSTERHASE\" srcset=\"https:\/\/www.regionalis.shop\/app\/uploads\/sites\/69\/5427_2022_03_23_14_13_54_104878645.jpg 420w, https:\/\/www.regionalis.shop\/app\/uploads\/sites\/69\/5427_2022_03_23_14_13_54_104878645-300x300.jpg 300w, https:\/\/www.regionalis.shop\/app\/uploads\/sites\/69\/5427_2022_03_23_14_13_54_104878645-150x150.jpg 150w, https:\/\/www.regionalis.shop\/app\/uploads\/sites\/69\/5427_2022_03_23_14_13_54_104878645-100x100.jpg 100w\" sizes=\"auto, (max-width: 420px) 100vw, 420px\" \/><\/div><h2 class=\"woocommerce-loop-product__title\">OSTERHASE<\/h2>\n\t<span class=\"price\"><span class=\"woocommerce-Price-amount amount\"><bdi>13,00&nbsp;<span class=\"woocommerce-Price-currencySymbol\">&euro;<\/span><\/bdi><\/span><\/span>\n<\/a><\/li>\n<li class=\"product type-product post-1051 status-publish instock product_cat-wohndekoration product_cat-wohnen-deko has-post-thumbnail purchasable product-type-simple\">\n\t<a href=\"https:\/\/www.regionalis.shop\/bienenwachstuecher_beelea\/shop\/osterkoerbchen-3\/\" class=\"woocommerce-LoopProduct-link woocommerce-loop-product__link\"><div class=\"wc-block-grid__product-image\"><img loading=\"lazy\" decoding=\"async\" width=\"420\" height=\"420\" src=\"https:\/\/www.regionalis.shop\/app\/uploads\/sites\/69\/5427_2022_03_23_13_48_17_278677608.jpg\" class=\"attachment-large size-large\" alt=\"OSTERK\u00d6RBCHEN\" srcset=\"https:\/\/www.regionalis.shop\/app\/uploads\/sites\/69\/5427_2022_03_23_13_48_17_278677608.jpg 420w, https:\/\/www.regionalis.shop\/app\/uploads\/sites\/69\/5427_2022_03_23_13_48_17_278677608-300x300.jpg 300w, https:\/\/www.regionalis.shop\/app\/uploads\/sites\/69\/5427_2022_03_23_13_48_17_278677608-150x150.jpg 150w, https:\/\/www.regionalis.shop\/app\/uploads\/sites\/69\/5427_2022_03_23_13_48_17_278677608-100x100.jpg 100w\" sizes=\"auto, (max-width: 420px) 100vw, 420px\" \/><\/div><h2 class=\"woocommerce-loop-product__title\">OSTERK\u00d6RBCHEN<\/h2>\n\t<span class=\"price\"><span class=\"woocommerce-Price-amount amount\"><bdi>12,00&nbsp;<span class=\"woocommerce-Price-currencySymbol\">&euro;<\/span><\/bdi><\/span><\/span>\n<\/a><\/li>\n<li class=\"product type-product post-1061 status-publish last instock product_cat-nachhaltiger-haushalt product_cat-wohnen-deko has-post-thumbnail purchasable product-type-simple\">\n\t<a href=\"https:\/\/www.regionalis.shop\/bienenwachstuecher_beelea\/shop\/taschenherzen\/\" class=\"woocommerce-LoopProduct-link woocommerce-loop-product__link\"><div class=\"wc-block-grid__product-image\"><img loading=\"lazy\" decoding=\"async\" width=\"420\" height=\"420\" src=\"https:\/\/www.regionalis.shop\/app\/uploads\/sites\/69\/5427_2022_02_02_20_20_52_463735333.jpg\" class=\"attachment-large size-large\" alt=\"Taschenherzen\" srcset=\"https:\/\/www.regionalis.shop\/app\/uploads\/sites\/69\/5427_2022_02_02_20_20_52_463735333.jpg 420w, https:\/\/www.regionalis.shop\/app\/uploads\/sites\/69\/5427_2022_02_02_20_20_52_463735333-300x300.jpg 300w, https:\/\/www.regionalis.shop\/app\/uploads\/sites\/69\/5427_2022_02_02_20_20_52_463735333-150x150.jpg 150w, https:\/\/www.regionalis.shop\/app\/uploads\/sites\/69\/5427_2022_02_02_20_20_52_463735333-100x100.jpg 100w\" sizes=\"auto, (max-width: 420px) 100vw, 420px\" \/><\/div><h2 class=\"woocommerce-loop-product__title\">Taschenherzen<\/h2>\n\t<span class=\"price\"><span class=\"woocommerce-Price-amount amount\"><bdi>6,50&nbsp;<span class=\"woocommerce-Price-currencySymbol\">&euro;<\/span><\/bdi><\/span><\/span>\n<\/a><\/li>\n<\/ul>\n<\/div>\n    <p>\n        <a href=\"https:\/\/www.regionalis.shop\/bienenwachstuecher_beelea\/shop\/\" class=\"btn btn-primary btn-icon-right\">\n            Alle Produkte <i class=\"bi bi-arrow-right-short\"><\/i>\n        <\/a>\n    <\/p>\n<\/section>\n\n<div data-block-name=\"woocommerce\/store-notices\" class=\"wc-block-store-notices woocommerce alignwide alignwide wp-block-woocommerce-store-notices\"><div class=\"woocommerce-notices-wrapper\"><\/div><\/div>","protected":false},"excerpt":{"rendered":"","protected":false},"author":1,"featured_media":0,"parent":0,"menu_order":0,"comment_status":"closed","ping_status":"closed","template":"template-home.blade.php","meta":{"_acf_changed":false,"footnotes":""},"class_list":["post-862","page","type-page","status-publish","hentry"],"acf":[],"_links":{"self":[{"href":"https:\/\/www.regionalis.shop\/bienenwachstuecher_beelea\/wp-json\/wp\/v2\/pages\/862","targetHints":{"allow":["GET"]}}],"collection":[{"href":"https:\/\/www.regionalis.shop\/bienenwachstuecher_beelea\/wp-json\/wp\/v2\/pages"}],"about":[{"href":"https:\/\/www.regionalis.shop\/bienenwachstuecher_beelea\/wp-json\/wp\/v2\/types\/page"}],"author":[{"embeddable":true,"href":"https:\/\/www.regionalis.shop\/bienenwachstuecher_beelea\/wp-json\/wp\/v2\/users\/1"}],"replies":[{"embeddable":true,"href":"https:\/\/www.regionalis.shop\/bienenwachstuecher_beelea\/wp-json\/wp\/v2\/comments?post=862"}],"version-history":[{"count":28,"href":"https:\/\/www.regionalis.shop\/bienenwachstuecher_beelea\/wp-json\/wp\/v2\/pages\/862\/revisions"}],"predecessor-version":[{"id":1041,"href":"https:\/\/www.regionalis.shop\/bienenwachstuecher_beelea\/wp-json\/wp\/v2\/pages\/862\/revisions\/1041"}],"wp:attachment":[{"href":"https:\/\/www.regionalis.shop\/bienenwachstuecher_beelea\/wp-json\/wp\/v2\/media?parent=862"}],"curies":[{"name":"wp","href":"https:\/\/api.w.org\/{rel}","templated":true}]}}