{"id":1051,"date":"2025-04-18T06:38:00","date_gmt":"2025-04-18T04:38:00","guid":{"rendered":"https:\/\/www.regionalis.shop\/bienenwachstuecher_beelea\/product\/osterkoerbchen-3\/"},"modified":"2025-04-18T06:38:00","modified_gmt":"2025-04-18T04:38:00","slug":"osterkoerbchen-3","status":"publish","type":"product","link":"https:\/\/www.regionalis.shop\/bienenwachstuecher_beelea\/shop\/osterkoerbchen-3\/","title":{"rendered":"OSTERK\u00d6RBCHEN"},"content":{"rendered":"<p>Dieses Osterk\u00f6rbchen ist ein echtes Hingucker f\u00fcr den Ostertisch. Eignet sich auch wunderbar als originelle Verpackung f\u00fcr Ostergeschenke. Nach Ostern ist es ein kleines dekoratives K\u00f6rbchen, in dem sich allerhand kleiner Krimskrams oder Schmuck aufbewahren l\u00e4\u00dft.<br \/>\n100% handgefertigt aus reinen Baumwollstoff.<br \/>\nDer Osterhasenbeutel ist handgefertigt aus hochwertigen Leinen- und Baumwollstoffen<\/p>\n<p>Gr\u00f6\u00dfe: ca. 9cm x 9cm x 9cm<\/p>\n","protected":false},"excerpt":{"rendered":"<p>Dieses Osterk\u00f6rbchen ist ein echtes Hingucker f\u00fcr den Ostertisch. Eignet sich auch wunderbar als originelle Verpackung f\u00fcr Ostergeschenke. Nach Ostern ist es ein kleines dekoratives K\u00f6rbchen, in dem sich allerhand kleiner Krimskrams oder Schmuck aufbewahren l\u00e4\u00dft. 100% handgefertigt aus reinen Baumwollstoff. Der Osterhasenbeutel ist handgefertigt aus hochwertigen Leinen- und Baumwollstoffen Gr\u00f6\u00dfe: ca. 9cm x 9cm &hellip; <a href=\"https:\/\/www.regionalis.shop\/bienenwachstuecher_beelea\/shop\/osterkoerbchen-3\/\">Continued<\/a><\/p>\n","protected":false},"featured_media":1052,"template":"","meta":{"_acf_changed":false},"product_brand":[],"product_cat":[174,103],"product_tag":[],"class_list":{"0":"post-1051","1":"product","2":"type-product","3":"status-publish","4":"has-post-thumbnail","6":"product_cat-wohndekoration","7":"product_cat-wohnen-deko","9":"first","10":"instock","11":"purchasable","12":"product-type-simple"},"acf":[],"_links":{"self":[{"href":"https:\/\/www.regionalis.shop\/bienenwachstuecher_beelea\/wp-json\/wp\/v2\/product\/1051","targetHints":{"allow":["GET"]}}],"collection":[{"href":"https:\/\/www.regionalis.shop\/bienenwachstuecher_beelea\/wp-json\/wp\/v2\/product"}],"about":[{"href":"https:\/\/www.regionalis.shop\/bienenwachstuecher_beelea\/wp-json\/wp\/v2\/types\/product"}],"wp:featuredmedia":[{"embeddable":true,"href":"https:\/\/www.regionalis.shop\/bienenwachstuecher_beelea\/wp-json\/wp\/v2\/media\/1052"}],"wp:attachment":[{"href":"https:\/\/www.regionalis.shop\/bienenwachstuecher_beelea\/wp-json\/wp\/v2\/media?parent=1051"}],"wp:term":[{"taxonomy":"product_brand","embeddable":true,"href":"https:\/\/www.regionalis.shop\/bienenwachstuecher_beelea\/wp-json\/wp\/v2\/product_brand?post=1051"},{"taxonomy":"product_cat","embeddable":true,"href":"https:\/\/www.regionalis.shop\/bienenwachstuecher_beelea\/wp-json\/wp\/v2\/product_cat?post=1051"},{"taxonomy":"product_tag","embeddable":true,"href":"https:\/\/www.regionalis.shop\/bienenwachstuecher_beelea\/wp-json\/wp\/v2\/product_tag?post=1051"}],"curies":[{"name":"wp","href":"https:\/\/api.w.org\/{rel}","templated":true}]}}