{"id":1068,"date":"2025-04-18T05:42:03","date_gmt":"2025-04-18T03:42:03","guid":{"rendered":"https:\/\/www.regionalis.shop\/bienenwachstuecher_beelea\/product\/bienwachstuch-brotsackerl\/"},"modified":"2025-04-18T05:42:03","modified_gmt":"2025-04-18T03:42:03","slug":"bienwachstuch-brotsackerl","status":"publish","type":"product","link":"https:\/\/www.regionalis.shop\/bienenwachstuecher_beelea\/shop\/bienwachstuch-brotsackerl\/","title":{"rendered":"BIENWACHSTUCH- Brotsackerl"},"content":{"rendered":"<p>WIEDERVERWENDBARES BIENENWACHSSACKERL<\/p>\n<p>Zum Frisch halten von Brot oder Gep\u00e4ck.<\/p>\n<p>Verschlie\u00dfbar. Die spezielle Ecken naht verleiht mehr Volumen und schaft Platz f\u00fcr Geb\u00e4ck. Mit kaltem Wasser und mildem Sp\u00fclmittel abwaschbar. In drei Stoffmuster erh\u00e4ltlich.<\/p>\n<p>INHALT: 1 St\u00fcck<\/p>\n<p>ABMESSUNGEN: 33cm x 35cm<\/p>\n<p>HALTBARKEIT: ca. 1 bis 2 Jahre<\/p>\n<p>INHALTSSTOFFE: Baumwolle*, Bienenwachs*, Raps\u00f6l*, Kolophonium*, Propolis*<\/p>\n<p>*aus kontrolliert biologischer Produktion<\/p>\n","protected":false},"excerpt":{"rendered":"<p>WIEDERVERWENDBARES BIENENWACHSSACKERL Zum Frisch halten von Brot oder Gep\u00e4ck. Verschlie\u00dfbar. Die spezielle Ecken naht verleiht mehr Volumen und schaft Platz f\u00fcr Geb\u00e4ck. Mit kaltem Wasser und mildem Sp\u00fclmittel abwaschbar. In drei Stoffmuster erh\u00e4ltlich. INHALT: 1 St\u00fcck ABMESSUNGEN: 33cm x 35cm HALTBARKEIT: ca. 1 bis 2 Jahre INHALTSSTOFFE: Baumwolle*, Bienenwachs*, Raps\u00f6l*, Kolophonium*, Propolis* *aus kontrolliert biologischer &hellip; <a href=\"https:\/\/www.regionalis.shop\/bienenwachstuecher_beelea\/shop\/bienwachstuch-brotsackerl\/\">Continued<\/a><\/p>\n","protected":false},"featured_media":1069,"template":"","meta":{"_acf_changed":false},"product_brand":[],"product_cat":[160,103],"product_tag":[],"class_list":{"0":"post-1068","1":"product","2":"type-product","3":"status-publish","4":"has-post-thumbnail","6":"product_cat-nachhaltiger-haushalt","7":"product_cat-wohnen-deko","9":"first","10":"instock","11":"purchasable","12":"product-type-simple"},"acf":[],"_links":{"self":[{"href":"https:\/\/www.regionalis.shop\/bienenwachstuecher_beelea\/wp-json\/wp\/v2\/product\/1068","targetHints":{"allow":["GET"]}}],"collection":[{"href":"https:\/\/www.regionalis.shop\/bienenwachstuecher_beelea\/wp-json\/wp\/v2\/product"}],"about":[{"href":"https:\/\/www.regionalis.shop\/bienenwachstuecher_beelea\/wp-json\/wp\/v2\/types\/product"}],"wp:featuredmedia":[{"embeddable":true,"href":"https:\/\/www.regionalis.shop\/bienenwachstuecher_beelea\/wp-json\/wp\/v2\/media\/1069"}],"wp:attachment":[{"href":"https:\/\/www.regionalis.shop\/bienenwachstuecher_beelea\/wp-json\/wp\/v2\/media?parent=1068"}],"wp:term":[{"taxonomy":"product_brand","embeddable":true,"href":"https:\/\/www.regionalis.shop\/bienenwachstuecher_beelea\/wp-json\/wp\/v2\/product_brand?post=1068"},{"taxonomy":"product_cat","embeddable":true,"href":"https:\/\/www.regionalis.shop\/bienenwachstuecher_beelea\/wp-json\/wp\/v2\/product_cat?post=1068"},{"taxonomy":"product_tag","embeddable":true,"href":"https:\/\/www.regionalis.shop\/bienenwachstuecher_beelea\/wp-json\/wp\/v2\/product_tag?post=1068"}],"curies":[{"name":"wp","href":"https:\/\/api.w.org\/{rel}","templated":true}]}}