{"id":1077,"date":"2025-04-18T05:42:03","date_gmt":"2025-04-18T03:42:03","guid":{"rendered":"https:\/\/www.regionalis.shop\/bienenwachstuecher_beelea\/product\/aufrischungswuerfel\/"},"modified":"2025-04-18T05:42:03","modified_gmt":"2025-04-18T03:42:03","slug":"aufrischungswuerfel","status":"publish","type":"product","link":"https:\/\/www.regionalis.shop\/bienenwachstuecher_beelea\/shop\/aufrischungswuerfel\/","title":{"rendered":"Aufrischungsw\u00fcrfel"},"content":{"rendered":"<p>Mit dem Auffrischungsw\u00fcrfel durch B\u00fcgeln oder im Backroher k\u00f6nnen auftretende<\/p>\n<p>\u201e Altersfalten\u201c ausgeglichen werden.<\/p>\n<p>INHALT: 1 St\u00fcck<\/p>\n<p>INHALTSSTOFFE: , Bienenwachs*, Raps\u00f6l*, Kolophonium*, Propolis*<\/p>\n<p>*aus kontrolliert biologischer Produktion<\/p>\n","protected":false},"excerpt":{"rendered":"<p>Mit dem Auffrischungsw\u00fcrfel durch B\u00fcgeln oder im Backroher k\u00f6nnen auftretende \u201e Altersfalten\u201c ausgeglichen werden. INHALT: 1 St\u00fcck INHALTSSTOFFE: , Bienenwachs*, Raps\u00f6l*, Kolophonium*, Propolis* *aus kontrolliert biologischer Produktion<\/p>\n","protected":false},"featured_media":1078,"template":"","meta":{"_acf_changed":false},"product_brand":[],"product_cat":[160,103],"product_tag":[],"class_list":{"0":"post-1077","1":"product","2":"type-product","3":"status-publish","4":"has-post-thumbnail","6":"product_cat-nachhaltiger-haushalt","7":"product_cat-wohnen-deko","9":"first","10":"instock","11":"purchasable","12":"product-type-simple"},"acf":[],"_links":{"self":[{"href":"https:\/\/www.regionalis.shop\/bienenwachstuecher_beelea\/wp-json\/wp\/v2\/product\/1077","targetHints":{"allow":["GET"]}}],"collection":[{"href":"https:\/\/www.regionalis.shop\/bienenwachstuecher_beelea\/wp-json\/wp\/v2\/product"}],"about":[{"href":"https:\/\/www.regionalis.shop\/bienenwachstuecher_beelea\/wp-json\/wp\/v2\/types\/product"}],"wp:featuredmedia":[{"embeddable":true,"href":"https:\/\/www.regionalis.shop\/bienenwachstuecher_beelea\/wp-json\/wp\/v2\/media\/1078"}],"wp:attachment":[{"href":"https:\/\/www.regionalis.shop\/bienenwachstuecher_beelea\/wp-json\/wp\/v2\/media?parent=1077"}],"wp:term":[{"taxonomy":"product_brand","embeddable":true,"href":"https:\/\/www.regionalis.shop\/bienenwachstuecher_beelea\/wp-json\/wp\/v2\/product_brand?post=1077"},{"taxonomy":"product_cat","embeddable":true,"href":"https:\/\/www.regionalis.shop\/bienenwachstuecher_beelea\/wp-json\/wp\/v2\/product_cat?post=1077"},{"taxonomy":"product_tag","embeddable":true,"href":"https:\/\/www.regionalis.shop\/bienenwachstuecher_beelea\/wp-json\/wp\/v2\/product_tag?post=1077"}],"curies":[{"name":"wp","href":"https:\/\/api.w.org\/{rel}","templated":true}]}}