{"id":1079,"date":"2025-04-18T05:42:03","date_gmt":"2025-04-18T03:42:03","guid":{"rendered":"https:\/\/www.regionalis.shop\/bienenwachstuecher_beelea\/product\/kochschuerze-fuer-erwachsene\/"},"modified":"2025-04-18T05:42:03","modified_gmt":"2025-04-18T03:42:03","slug":"kochschuerze-fuer-erwachsene","status":"publish","type":"product","link":"https:\/\/www.regionalis.shop\/bienenwachstuecher_beelea\/shop\/kochschuerze-fuer-erwachsene\/","title":{"rendered":"KOCHSCH\u00dcRZE &#8211; f\u00fcr Erwachsene"},"content":{"rendered":"<p>Unisex Koch,- Grillsch\u00fcrzen f\u00fcr Erwachsenen, Gr\u00f6\u00dfen verstellbar durch den flexiblen durchzugsband. Auch in Partner Look. Aus reine Baumwolle mit einen praktisch abnehmbaren Handtuch.<\/p>\n","protected":false},"excerpt":{"rendered":"<p>Unisex Koch,- Grillsch\u00fcrzen f\u00fcr Erwachsenen, Gr\u00f6\u00dfen verstellbar durch den flexiblen durchzugsband. Auch in Partner Look. Aus reine Baumwolle mit einen praktisch abnehmbaren Handtuch.<\/p>\n","protected":false},"featured_media":1080,"template":"","meta":{"_acf_changed":false},"product_brand":[],"product_cat":[160,103],"product_tag":[],"class_list":{"0":"post-1079","1":"product","2":"type-product","3":"status-publish","4":"has-post-thumbnail","6":"product_cat-nachhaltiger-haushalt","7":"product_cat-wohnen-deko","9":"first","10":"instock","11":"purchasable","12":"product-type-simple"},"acf":[],"_links":{"self":[{"href":"https:\/\/www.regionalis.shop\/bienenwachstuecher_beelea\/wp-json\/wp\/v2\/product\/1079","targetHints":{"allow":["GET"]}}],"collection":[{"href":"https:\/\/www.regionalis.shop\/bienenwachstuecher_beelea\/wp-json\/wp\/v2\/product"}],"about":[{"href":"https:\/\/www.regionalis.shop\/bienenwachstuecher_beelea\/wp-json\/wp\/v2\/types\/product"}],"wp:featuredmedia":[{"embeddable":true,"href":"https:\/\/www.regionalis.shop\/bienenwachstuecher_beelea\/wp-json\/wp\/v2\/media\/1080"}],"wp:attachment":[{"href":"https:\/\/www.regionalis.shop\/bienenwachstuecher_beelea\/wp-json\/wp\/v2\/media?parent=1079"}],"wp:term":[{"taxonomy":"product_brand","embeddable":true,"href":"https:\/\/www.regionalis.shop\/bienenwachstuecher_beelea\/wp-json\/wp\/v2\/product_brand?post=1079"},{"taxonomy":"product_cat","embeddable":true,"href":"https:\/\/www.regionalis.shop\/bienenwachstuecher_beelea\/wp-json\/wp\/v2\/product_cat?post=1079"},{"taxonomy":"product_tag","embeddable":true,"href":"https:\/\/www.regionalis.shop\/bienenwachstuecher_beelea\/wp-json\/wp\/v2\/product_tag?post=1079"}],"curies":[{"name":"wp","href":"https:\/\/api.w.org\/{rel}","templated":true}]}}