{"id":1088,"date":"2025-04-18T05:42:03","date_gmt":"2025-04-18T03:42:03","guid":{"rendered":"https:\/\/www.regionalis.shop\/bienenwachstuecher_beelea\/product\/rucksack-damen-rucksack\/"},"modified":"2025-04-18T05:42:03","modified_gmt":"2025-04-18T03:42:03","slug":"rucksack-damen-rucksack","status":"publish","type":"product","link":"https:\/\/www.regionalis.shop\/bienenwachstuecher_beelea\/shop\/rucksack-damen-rucksack\/","title":{"rendered":"RUCKSACK &#8211; Damen Rucksack"},"content":{"rendered":"<p>Damen Rucksack, aus hochwertigen Bauwoll-und Korkstoff, 100% Hand angefertigt mit Vlies gef\u00fcllt. Das Innenfutter ist ebenfalls aus Baumwollstoff . Innen F\u00e4cher sowie au\u00dfen Tasche. <\/p>\n<p>Dazu passend eine Kosmetiktasche, mit innen F\u00e4cher aus den gleichen Stoff. Man Kann sie auch separat tragen.<\/p>\n","protected":false},"excerpt":{"rendered":"<p>Damen Rucksack, aus hochwertigen Bauwoll-und Korkstoff, 100% Hand angefertigt mit Vlies gef\u00fcllt. Das Innenfutter ist ebenfalls aus Baumwollstoff . Innen F\u00e4cher sowie au\u00dfen Tasche. Dazu passend eine Kosmetiktasche, mit innen F\u00e4cher aus den gleichen Stoff. Man Kann sie auch separat tragen.<\/p>\n","protected":false},"featured_media":1089,"template":"","meta":{"_acf_changed":false},"product_brand":[],"product_cat":[166,95],"product_tag":[],"class_list":{"0":"post-1088","1":"product","2":"type-product","3":"status-publish","4":"has-post-thumbnail","6":"product_cat-rucksaecke-gymbags","7":"product_cat-taschen","9":"first","10":"instock","11":"purchasable","12":"product-type-simple"},"acf":[],"_links":{"self":[{"href":"https:\/\/www.regionalis.shop\/bienenwachstuecher_beelea\/wp-json\/wp\/v2\/product\/1088","targetHints":{"allow":["GET"]}}],"collection":[{"href":"https:\/\/www.regionalis.shop\/bienenwachstuecher_beelea\/wp-json\/wp\/v2\/product"}],"about":[{"href":"https:\/\/www.regionalis.shop\/bienenwachstuecher_beelea\/wp-json\/wp\/v2\/types\/product"}],"wp:featuredmedia":[{"embeddable":true,"href":"https:\/\/www.regionalis.shop\/bienenwachstuecher_beelea\/wp-json\/wp\/v2\/media\/1089"}],"wp:attachment":[{"href":"https:\/\/www.regionalis.shop\/bienenwachstuecher_beelea\/wp-json\/wp\/v2\/media?parent=1088"}],"wp:term":[{"taxonomy":"product_brand","embeddable":true,"href":"https:\/\/www.regionalis.shop\/bienenwachstuecher_beelea\/wp-json\/wp\/v2\/product_brand?post=1088"},{"taxonomy":"product_cat","embeddable":true,"href":"https:\/\/www.regionalis.shop\/bienenwachstuecher_beelea\/wp-json\/wp\/v2\/product_cat?post=1088"},{"taxonomy":"product_tag","embeddable":true,"href":"https:\/\/www.regionalis.shop\/bienenwachstuecher_beelea\/wp-json\/wp\/v2\/product_tag?post=1088"}],"curies":[{"name":"wp","href":"https:\/\/api.w.org\/{rel}","templated":true}]}}