{"id":1095,"date":"2025-04-18T05:42:03","date_gmt":"2025-04-18T03:42:03","guid":{"rendered":"https:\/\/www.regionalis.shop\/bienenwachstuecher_beelea\/product\/topflappen-warmeherzen-gross\/"},"modified":"2025-04-18T05:42:03","modified_gmt":"2025-04-18T03:42:03","slug":"topflappen-warmeherzen-gross","status":"publish","type":"product","link":"https:\/\/www.regionalis.shop\/bienenwachstuecher_beelea\/shop\/topflappen-warmeherzen-gross\/","title":{"rendered":"TOPFLAPPEN -&#8220; Warmeherzen&#8220; GROSS"},"content":{"rendered":"<p>Der Herzeige Topflappen ist aus Baumwollstoff, gen\u00e4ht und 4 Fach, f\u00fcr mehr Sicherheit, mit Thermolan gef\u00fcttert.<\/p>\n<p>Mit viel Liebe 100 % handgemacht.<\/p>\n","protected":false},"excerpt":{"rendered":"<p>Der Herzeige Topflappen ist aus Baumwollstoff, gen\u00e4ht und 4 Fach, f\u00fcr mehr Sicherheit, mit Thermolan gef\u00fcttert. Mit viel Liebe 100 % handgemacht.<\/p>\n","protected":false},"featured_media":1096,"template":"","meta":{"_acf_changed":false},"product_brand":[],"product_cat":[160,103],"product_tag":[],"class_list":{"0":"post-1095","1":"product","2":"type-product","3":"status-publish","4":"has-post-thumbnail","6":"product_cat-nachhaltiger-haushalt","7":"product_cat-wohnen-deko","9":"first","10":"instock","11":"purchasable","12":"product-type-simple"},"acf":[],"_links":{"self":[{"href":"https:\/\/www.regionalis.shop\/bienenwachstuecher_beelea\/wp-json\/wp\/v2\/product\/1095","targetHints":{"allow":["GET"]}}],"collection":[{"href":"https:\/\/www.regionalis.shop\/bienenwachstuecher_beelea\/wp-json\/wp\/v2\/product"}],"about":[{"href":"https:\/\/www.regionalis.shop\/bienenwachstuecher_beelea\/wp-json\/wp\/v2\/types\/product"}],"wp:featuredmedia":[{"embeddable":true,"href":"https:\/\/www.regionalis.shop\/bienenwachstuecher_beelea\/wp-json\/wp\/v2\/media\/1096"}],"wp:attachment":[{"href":"https:\/\/www.regionalis.shop\/bienenwachstuecher_beelea\/wp-json\/wp\/v2\/media?parent=1095"}],"wp:term":[{"taxonomy":"product_brand","embeddable":true,"href":"https:\/\/www.regionalis.shop\/bienenwachstuecher_beelea\/wp-json\/wp\/v2\/product_brand?post=1095"},{"taxonomy":"product_cat","embeddable":true,"href":"https:\/\/www.regionalis.shop\/bienenwachstuecher_beelea\/wp-json\/wp\/v2\/product_cat?post=1095"},{"taxonomy":"product_tag","embeddable":true,"href":"https:\/\/www.regionalis.shop\/bienenwachstuecher_beelea\/wp-json\/wp\/v2\/product_tag?post=1095"}],"curies":[{"name":"wp","href":"https:\/\/api.w.org\/{rel}","templated":true}]}}