{"id":3,"date":"2023-10-31T09:02:46","date_gmt":"2023-10-31T09:02:46","guid":{"rendered":"https:\/\/stage.shop-it.at\/?page_id=3"},"modified":"2025-10-23T16:29:26","modified_gmt":"2025-10-23T14:29:26","slug":"datenschutzerklarung","status":"publish","type":"page","link":"https:\/\/www.regionalis.shop\/blaugezeichnet\/datenschutzerklarung\/","title":{"rendered":"Datenschutzerkl\u00e4rung"},"content":{"rendered":"<section>\n            <p>Mit Liebe gemachte Illustrationen &#8211; digital und analog. Und das Ganze als Post- und Gru\u00dfkarten, im feinen Rahmen f\u00fcr eure Wand oder auf Tasse und Beutel. <\/p>\n<p>Inspiration f\u00fcr die Motive hole ich mir aus meiner Wahlheimat Wien, dem Lebenselexier Kaffee und den zahlreichen Computer- und Brettspielen, mit denen ich mir die Freizeit vers\u00fc\u00dfe. <\/p>\n<p>Am Liebsten zeichne ich verr\u00fcckte und lustige Figuren, die irgendwie Bl\u00f6dsinn machen und mit denen man gro\u00dfartige Geschichten erz\u00e4hlen kann.<\/p>\n\n    <\/section>","protected":false},"excerpt":{"rendered":"","protected":false},"author":1,"featured_media":0,"parent":0,"menu_order":0,"comment_status":"closed","ping_status":"closed","template":"","meta":{"_acf_changed":false,"footnotes":""},"class_list":["post-3","page","type-page","status-publish","hentry"],"acf":[],"_links":{"self":[{"href":"https:\/\/www.regionalis.shop\/blaugezeichnet\/wp-json\/wp\/v2\/pages\/3","targetHints":{"allow":["GET"]}}],"collection":[{"href":"https:\/\/www.regionalis.shop\/blaugezeichnet\/wp-json\/wp\/v2\/pages"}],"about":[{"href":"https:\/\/www.regionalis.shop\/blaugezeichnet\/wp-json\/wp\/v2\/types\/page"}],"author":[{"embeddable":true,"href":"https:\/\/www.regionalis.shop\/blaugezeichnet\/wp-json\/wp\/v2\/users\/1"}],"replies":[{"embeddable":true,"href":"https:\/\/www.regionalis.shop\/blaugezeichnet\/wp-json\/wp\/v2\/comments?post=3"}],"version-history":[{"count":4,"href":"https:\/\/www.regionalis.shop\/blaugezeichnet\/wp-json\/wp\/v2\/pages\/3\/revisions"}],"predecessor-version":[{"id":1047,"href":"https:\/\/www.regionalis.shop\/blaugezeichnet\/wp-json\/wp\/v2\/pages\/3\/revisions\/1047"}],"wp:attachment":[{"href":"https:\/\/www.regionalis.shop\/blaugezeichnet\/wp-json\/wp\/v2\/media?parent=3"}],"curies":[{"name":"wp","href":"https:\/\/api.w.org\/{rel}","templated":true}]}}