{"id":1054,"date":"2025-04-28T04:14:00","date_gmt":"2025-04-28T02:14:00","guid":{"rendered":"https:\/\/www.regionalis.shop\/blaugezeichnet\/product\/linoldruck-jar-of-otters-a5\/"},"modified":"2025-04-28T04:14:00","modified_gmt":"2025-04-28T02:14:00","slug":"linoldruck-jar-of-otters-a5","status":"publish","type":"product","link":"https:\/\/www.regionalis.shop\/blaugezeichnet\/shop\/linoldruck-jar-of-otters-a5\/","title":{"rendered":"Linoldruck &#8222;Jar of Otters&#8220; A5"},"content":{"rendered":"<p>Es ist wichtig immer genug Vorr\u00e4te im Haus zu haben. Besonders ein Einmachglas voller Otter f\u00fcr schlecht(gelaunt)e Zeiten ist empfehlenswert. Aber Vorsicht &#8211; einmal aus dem Glas drau\u00dfen sind sie schwer wieder einzufangen!<\/p>\n<p>Der schwarze Druck passt gut in jede K\u00fcche, Vorratskammer oder Esszimmer&#8230;. ehm. ok. eigentlich \u00fcberall hin. \/\/Es sind Otter!\/\/<\/p>\n<p>Linolprint ohne Rahmen. Alle Drucke sind Originale und variieren daher leicht.<\/p>\n<p>__Gr\u00f6\u00dfe\/Ma\u00dfe\/Gewicht__<br \/>\nDruck DIN A5 (21 x 15 cm)<\/p>\n<p>__Verwendete Materialien__<br \/>\n190 g\/m\u00b2 Brunnen Zeichenkarton (holz- &#038; s\u00e4urefrei)<\/p>\n","protected":false},"excerpt":{"rendered":"<p>Es ist wichtig immer genug Vorr\u00e4te im Haus zu haben. Besonders ein Einmachglas voller Otter f\u00fcr schlecht(gelaunt)e Zeiten ist empfehlenswert. Aber Vorsicht &#8211; einmal aus dem Glas drau\u00dfen sind sie schwer wieder einzufangen! Der schwarze Druck passt gut in jede K\u00fcche, Vorratskammer oder Esszimmer&#8230;. ehm. ok. eigentlich \u00fcberall hin. \/\/Es sind Otter!\/\/ Linolprint ohne Rahmen. &hellip; <a href=\"https:\/\/www.regionalis.shop\/blaugezeichnet\/shop\/linoldruck-jar-of-otters-a5\/\">Continued<\/a><\/p>\n","protected":false},"featured_media":1055,"template":"","meta":{"_acf_changed":false},"product_brand":[],"product_cat":[54,55],"product_tag":[],"class_list":{"0":"post-1054","1":"product","2":"type-product","3":"status-publish","4":"has-post-thumbnail","6":"product_cat-kunst-fotografie","7":"product_cat-kunstdrucke","9":"first","10":"instock","11":"purchasable","12":"product-type-simple"},"acf":[],"_links":{"self":[{"href":"https:\/\/www.regionalis.shop\/blaugezeichnet\/wp-json\/wp\/v2\/product\/1054","targetHints":{"allow":["GET"]}}],"collection":[{"href":"https:\/\/www.regionalis.shop\/blaugezeichnet\/wp-json\/wp\/v2\/product"}],"about":[{"href":"https:\/\/www.regionalis.shop\/blaugezeichnet\/wp-json\/wp\/v2\/types\/product"}],"wp:featuredmedia":[{"embeddable":true,"href":"https:\/\/www.regionalis.shop\/blaugezeichnet\/wp-json\/wp\/v2\/media\/1055"}],"wp:attachment":[{"href":"https:\/\/www.regionalis.shop\/blaugezeichnet\/wp-json\/wp\/v2\/media?parent=1054"}],"wp:term":[{"taxonomy":"product_brand","embeddable":true,"href":"https:\/\/www.regionalis.shop\/blaugezeichnet\/wp-json\/wp\/v2\/product_brand?post=1054"},{"taxonomy":"product_cat","embeddable":true,"href":"https:\/\/www.regionalis.shop\/blaugezeichnet\/wp-json\/wp\/v2\/product_cat?post=1054"},{"taxonomy":"product_tag","embeddable":true,"href":"https:\/\/www.regionalis.shop\/blaugezeichnet\/wp-json\/wp\/v2\/product_tag?post=1054"}],"curies":[{"name":"wp","href":"https:\/\/api.w.org\/{rel}","templated":true}]}}