{"id":1070,"date":"2025-04-28T04:04:03","date_gmt":"2025-04-28T02:04:03","guid":{"rendered":"https:\/\/www.regionalis.shop\/blaugezeichnet\/product\/otter-ski-vinylsticker-einzeln\/"},"modified":"2025-04-28T04:04:03","modified_gmt":"2025-04-28T02:04:03","slug":"otter-ski-vinylsticker-einzeln","status":"publish","type":"product","link":"https:\/\/www.regionalis.shop\/blaugezeichnet\/shop\/otter-ski-vinylsticker-einzeln\/","title":{"rendered":"Otter Ski Vinylsticker Einzeln"},"content":{"rendered":"<p>Dieser s\u00fc\u00dfe Otter d\u00fcst warm eingepackt die schwarze Piste runter. Es kann ihm nicht schnell genug gehn! Und sp\u00e4ter gibt&#8217;s dann zur Belohnung eine hei\u00dfe Tasse Kakao&#8230;<\/p>\n<p>Einzelner Vinylsticker &#8211; Otter auf Skiern<\/p>\n<p>__Gr\u00f6\u00dfe\/Ma\u00dfe\/Gewicht__<br \/>\n75 mm x 75 mm <\/p>\n<p>__Verwendete Materialien__<br \/>\nWetterfestes Vinyl &#8211; besonders robust und auch f\u00fcr Outdoor geeignet<\/p>\n","protected":false},"excerpt":{"rendered":"<p>Dieser s\u00fc\u00dfe Otter d\u00fcst warm eingepackt die schwarze Piste runter. Es kann ihm nicht schnell genug gehn! Und sp\u00e4ter gibt&#8217;s dann zur Belohnung eine hei\u00dfe Tasse Kakao&#8230; Einzelner Vinylsticker &#8211; Otter auf Skiern __Gr\u00f6\u00dfe\/Ma\u00dfe\/Gewicht__ 75 mm x 75 mm __Verwendete Materialien__ Wetterfestes Vinyl &#8211; besonders robust und auch f\u00fcr Outdoor geeignet<\/p>\n","protected":false},"featured_media":1071,"template":"","meta":{"_acf_changed":false},"product_brand":[],"product_cat":[62,87],"product_tag":[],"class_list":{"0":"post-1070","1":"product","2":"type-product","3":"status-publish","4":"has-post-thumbnail","6":"product_cat-papeterie-schreibwaren","7":"product_cat-sonstiges-papeterie-schreibwaren","9":"first","10":"instock","11":"purchasable","12":"product-type-simple"},"acf":[],"_links":{"self":[{"href":"https:\/\/www.regionalis.shop\/blaugezeichnet\/wp-json\/wp\/v2\/product\/1070","targetHints":{"allow":["GET"]}}],"collection":[{"href":"https:\/\/www.regionalis.shop\/blaugezeichnet\/wp-json\/wp\/v2\/product"}],"about":[{"href":"https:\/\/www.regionalis.shop\/blaugezeichnet\/wp-json\/wp\/v2\/types\/product"}],"wp:featuredmedia":[{"embeddable":true,"href":"https:\/\/www.regionalis.shop\/blaugezeichnet\/wp-json\/wp\/v2\/media\/1071"}],"wp:attachment":[{"href":"https:\/\/www.regionalis.shop\/blaugezeichnet\/wp-json\/wp\/v2\/media?parent=1070"}],"wp:term":[{"taxonomy":"product_brand","embeddable":true,"href":"https:\/\/www.regionalis.shop\/blaugezeichnet\/wp-json\/wp\/v2\/product_brand?post=1070"},{"taxonomy":"product_cat","embeddable":true,"href":"https:\/\/www.regionalis.shop\/blaugezeichnet\/wp-json\/wp\/v2\/product_cat?post=1070"},{"taxonomy":"product_tag","embeddable":true,"href":"https:\/\/www.regionalis.shop\/blaugezeichnet\/wp-json\/wp\/v2\/product_tag?post=1070"}],"curies":[{"name":"wp","href":"https:\/\/api.w.org\/{rel}","templated":true}]}}