{"id":1073,"date":"2025-04-28T04:04:03","date_gmt":"2025-04-28T02:04:03","guid":{"rendered":"https:\/\/www.regionalis.shop\/blaugezeichnet\/product\/grusskarte-merry-christmas\/"},"modified":"2025-04-28T04:04:03","modified_gmt":"2025-04-28T02:04:03","slug":"grusskarte-merry-christmas","status":"publish","type":"product","link":"https:\/\/www.regionalis.shop\/blaugezeichnet\/shop\/grusskarte-merry-christmas\/","title":{"rendered":"Gru\u00dfkarte &#8222;Merry Christmas&#8220;"},"content":{"rendered":"<p>Der etwas andere Weihnachtsgru\u00df in Lila und Pink mit einer Sammlung an liebenswerten Figuren, die zu der festlichen Jahreszeit durch zahlreiche Filme, Werbespots und Geschichten huschen. <\/p>\n<p>Klappbare Gru\u00dfkarte inkl. Briefumschlag C6<\/p>\n<p>__Gr\u00f6\u00dfe\/Ma\u00dfe\/Gewicht__<br \/>\nDruck DIN A6 <\/p>\n<p>__Verwendete Materialien__<br \/>\n300 g\/m3 hochwertiger Qualit\u00e4tsdruck auf umweltschonendem Recyclingkarton<\/p>\n","protected":false},"excerpt":{"rendered":"<p>Der etwas andere Weihnachtsgru\u00df in Lila und Pink mit einer Sammlung an liebenswerten Figuren, die zu der festlichen Jahreszeit durch zahlreiche Filme, Werbespots und Geschichten huschen. Klappbare Gru\u00dfkarte inkl. Briefumschlag C6 __Gr\u00f6\u00dfe\/Ma\u00dfe\/Gewicht__ Druck DIN A6 __Verwendete Materialien__ 300 g\/m3 hochwertiger Qualit\u00e4tsdruck auf umweltschonendem Recyclingkarton<\/p>\n","protected":false},"featured_media":1074,"template":"","meta":{"_acf_changed":false},"product_brand":[],"product_cat":[62,101],"product_tag":[],"class_list":{"0":"post-1073","1":"product","2":"type-product","3":"status-publish","4":"has-post-thumbnail","6":"product_cat-papeterie-schreibwaren","7":"product_cat-weihnachtskarten","9":"first","10":"instock","11":"purchasable","12":"product-type-simple"},"acf":[],"_links":{"self":[{"href":"https:\/\/www.regionalis.shop\/blaugezeichnet\/wp-json\/wp\/v2\/product\/1073","targetHints":{"allow":["GET"]}}],"collection":[{"href":"https:\/\/www.regionalis.shop\/blaugezeichnet\/wp-json\/wp\/v2\/product"}],"about":[{"href":"https:\/\/www.regionalis.shop\/blaugezeichnet\/wp-json\/wp\/v2\/types\/product"}],"wp:featuredmedia":[{"embeddable":true,"href":"https:\/\/www.regionalis.shop\/blaugezeichnet\/wp-json\/wp\/v2\/media\/1074"}],"wp:attachment":[{"href":"https:\/\/www.regionalis.shop\/blaugezeichnet\/wp-json\/wp\/v2\/media?parent=1073"}],"wp:term":[{"taxonomy":"product_brand","embeddable":true,"href":"https:\/\/www.regionalis.shop\/blaugezeichnet\/wp-json\/wp\/v2\/product_brand?post=1073"},{"taxonomy":"product_cat","embeddable":true,"href":"https:\/\/www.regionalis.shop\/blaugezeichnet\/wp-json\/wp\/v2\/product_cat?post=1073"},{"taxonomy":"product_tag","embeddable":true,"href":"https:\/\/www.regionalis.shop\/blaugezeichnet\/wp-json\/wp\/v2\/product_tag?post=1073"}],"curies":[{"name":"wp","href":"https:\/\/api.w.org\/{rel}","templated":true}]}}