{"id":1079,"date":"2025-04-28T03:58:56","date_gmt":"2025-04-28T01:58:56","guid":{"rendered":"https:\/\/www.regionalis.shop\/blaugezeichnet\/product\/grusskarte-gute-besserung\/"},"modified":"2025-04-28T03:58:56","modified_gmt":"2025-04-28T01:58:56","slug":"grusskarte-gute-besserung","status":"publish","type":"product","link":"https:\/\/www.regionalis.shop\/blaugezeichnet\/shop\/grusskarte-gute-besserung\/","title":{"rendered":"Gru\u00dfkarte Gute Besserung"},"content":{"rendered":"<p>&#8222;Gute Besserung&#8220; &#8211; Eine Karte f\u00fcr den Fall, dass etwas schief l\u00e4uft und man sich mies f\u00fchlt. Jede\/r fliegt mal auf die Schnauze &#8211; aber mit ein wenig Humor und einem flauschigen Otter geht es gleich viel besser. <\/p>\n<p>\u00dcbrigens, hast du gewusst, dass Otter eine Geheimtasche im Fell haben, in der sie ihren Lieblingsstein mitnehmen? <\/p>\n<p>Klappbare Gru\u00dfkarte inkl. Briefumschlag C6<\/p>\n<p>__Gr\u00f6\u00dfe\/Ma\u00dfe\/Gewicht__<br \/>\nDruck DIN A6 <\/p>\n<p>__Verwendete Materialien__<br \/>\n300 g\/m3 hochwertiger Qualit\u00e4tsdruck auf umweltschonendem Recyclingkarton<\/p>\n","protected":false},"excerpt":{"rendered":"<p>&#8222;Gute Besserung&#8220; &#8211; Eine Karte f\u00fcr den Fall, dass etwas schief l\u00e4uft und man sich mies f\u00fchlt. Jede\/r fliegt mal auf die Schnauze &#8211; aber mit ein wenig Humor und einem flauschigen Otter geht es gleich viel besser. \u00dcbrigens, hast du gewusst, dass Otter eine Geheimtasche im Fell haben, in der sie ihren Lieblingsstein mitnehmen? &hellip; <a href=\"https:\/\/www.regionalis.shop\/blaugezeichnet\/shop\/grusskarte-gute-besserung\/\">Continued<\/a><\/p>\n","protected":false},"featured_media":1080,"template":"","meta":{"_acf_changed":false},"product_brand":[],"product_cat":[134,62],"product_tag":[],"class_list":{"0":"post-1079","1":"product","2":"type-product","3":"status-publish","4":"has-post-thumbnail","6":"product_cat-geschenk-gruskarten","7":"product_cat-papeterie-schreibwaren","9":"first","10":"instock","11":"purchasable","12":"product-type-simple"},"acf":[],"_links":{"self":[{"href":"https:\/\/www.regionalis.shop\/blaugezeichnet\/wp-json\/wp\/v2\/product\/1079","targetHints":{"allow":["GET"]}}],"collection":[{"href":"https:\/\/www.regionalis.shop\/blaugezeichnet\/wp-json\/wp\/v2\/product"}],"about":[{"href":"https:\/\/www.regionalis.shop\/blaugezeichnet\/wp-json\/wp\/v2\/types\/product"}],"wp:featuredmedia":[{"embeddable":true,"href":"https:\/\/www.regionalis.shop\/blaugezeichnet\/wp-json\/wp\/v2\/media\/1080"}],"wp:attachment":[{"href":"https:\/\/www.regionalis.shop\/blaugezeichnet\/wp-json\/wp\/v2\/media?parent=1079"}],"wp:term":[{"taxonomy":"product_brand","embeddable":true,"href":"https:\/\/www.regionalis.shop\/blaugezeichnet\/wp-json\/wp\/v2\/product_brand?post=1079"},{"taxonomy":"product_cat","embeddable":true,"href":"https:\/\/www.regionalis.shop\/blaugezeichnet\/wp-json\/wp\/v2\/product_cat?post=1079"},{"taxonomy":"product_tag","embeddable":true,"href":"https:\/\/www.regionalis.shop\/blaugezeichnet\/wp-json\/wp\/v2\/product_tag?post=1079"}],"curies":[{"name":"wp","href":"https:\/\/api.w.org\/{rel}","templated":true}]}}